{"id":33368,"date":"2022-01-17T15:25:04","date_gmt":"2022-01-17T15:25:04","guid":{"rendered":"https:\/\/awarenessthroughthebody.org\/atb-beoefenaars-categorieen\/"},"modified":"2024-11-25T10:51:11","modified_gmt":"2024-11-25T09:51:11","slug":"atb-beoefenaars-categorieen","status":"publish","type":"page","link":"https:\/\/awarenessthroughthebody.org\/nl\/atb-beoefenaars-categorieen\/","title":{"rendered":"Categorie\u00ebn voor ATB beoefenaars"},"content":{"rendered":"<p>[et_pb_section fb_built=&#8221;1&#8243; fullwidth=&#8221;on&#8221; custom_padding_last_edited=&#8221;on|desktop&#8221; admin_label=&#8221;Page Header&#8221; _builder_version=&#8221;4.27.2&#8243; use_background_color_gradient=&#8221;on&#8221; background_color_gradient_stops=&#8221;rgba(15,1,2,0.41) 0%|rgba(10,0,0,0.4) 100%&#8221; background_color_gradient_overlays_image=&#8221;on&#8221; background_image=&#8221;https:\/\/awarenessthroughthebody.org\/wp-content\/uploads\/2021\/09\/img_0627-2.jpg&#8221; width_last_edited=&#8221;off|phone&#8221; min_height_tablet=&#8221;18vw&#8221; min_height_last_edited=&#8221;off|phone&#8221; custom_padding=&#8221;100px||100px||true|false&#8221; custom_padding_tablet=&#8221;100px||100px||true|false&#8221; custom_padding_phone=&#8221;30px||30px||true|false&#8221; animation_direction=&#8221;top&#8221; custom_css_main_element=&#8221;display: flex;||flex-direction: column;||justify-content: center;||&#8221; global_colors_info=&#8221;{}&#8221;][et_pb_fullwidth_header title=&#8221;Categorie\u00ebn voor ATB beoefenaars&#8221; header_scroll_down=&#8221;on&#8221; scroll_down_icon_size=&#8221;0px&#8221; content_max_width=&#8221;70%&#8221; content_max_width_tablet=&#8221;70%&#8221; content_max_width_phone=&#8221;&#8221; content_max_width_last_edited=&#8221;on|desktop&#8221; admin_label=&#8221;Hero Section&#8221; _builder_version=&#8221;4.27.2&#8243; title_font=&#8221;&#8211;et_global_heading_font|700|||||||&#8221; title_font_size=&#8221;60px&#8221; title_line_height=&#8221;1.4em&#8221; content_font_size=&#8221;22px&#8221; subhead_font=&#8221;||||&#8221; subhead_text_color=&#8221;rgba(0,0,0,0)&#8221; background_color=&#8221;rgba(255, 255, 255, 0)&#8221; use_background_color_gradient=&#8221;on&#8221; background_color_gradient_type=&#8221;circular&#8221; background_color_gradient_stops=&#8221;rgba(255,255,255,0) 8%|rgba(0,0,0,0) 66%&#8221; background_color_gradient_start=&#8221;rgba(255,255,255,0)&#8221; background_color_gradient_start_position=&#8221;8%&#8221; background_color_gradient_end=&#8221;rgba(0,0,0,0)&#8221; background_color_gradient_end_position=&#8221;66%&#8221; custom_button_one=&#8221;on&#8221; button_one_text_size=&#8221;16px&#8221; button_one_bg_color=&#8221;#6eba01&#8243; button_one_border_width=&#8221;2px&#8221; button_one_border_color=&#8221;#6eba01&#8243; button_one_border_radius=&#8221;0&#8243; button_one_letter_spacing=&#8221;2&#8243; button_one_font=&#8221;Montserrat|||on|&#8221; button_one_use_icon=&#8221;off&#8221; custom_button_two=&#8221;on&#8221; button_two_text_size=&#8221;16px&#8221; button_two_border_width=&#8221;2px&#8221; button_two_border_color=&#8221;#ffffff&#8221; button_two_border_radius=&#8221;0&#8243; button_two_letter_spacing=&#8221;2&#8243; button_two_font=&#8221;Montserrat|||on|&#8221; button_two_use_icon=&#8221;off&#8221; width_last_edited=&#8221;off|phone&#8221; module_alignment=&#8221;center&#8221; min_height_tablet=&#8221;293px&#8221; min_height_phone=&#8221;&#8221; min_height_last_edited=&#8221;on|phone&#8221; custom_padding=&#8221;60px||60px||true|false&#8221; custom_padding_tablet=&#8221;60px||60px||true|false&#8221; custom_padding_phone=&#8221;10px||10px||true|false&#8221; custom_padding_last_edited=&#8221;on|desktop&#8221; animation_style=&#8221;fade&#8221; title_font_size_tablet=&#8221;&#8221; title_font_size_phone=&#8221;45px&#8221; title_font_size_last_edited=&#8221;on|phone&#8221; button_one_text_color_hover=&#8221;#6eba01&#8243; button_two_text_color_hover=&#8221;#6eba01&#8243; button_one_border_color_hover=&#8221;#ffffff&#8221; button_two_border_color_hover=&#8221;#ffffff&#8221; button_one_border_radius_hover=&#8221;0&#8243; button_two_border_radius_hover=&#8221;0&#8243; button_one_letter_spacing_hover=&#8221;2&#8243; button_two_letter_spacing_hover=&#8221;2&#8243; button_one_bg_color_hover=&#8221;#ffffff&#8221; button_two_bg_color_hover=&#8221;#ffffff&#8221; global_colors_info=&#8221;{}&#8221; button_one_text_size__hover_enabled=&#8221;off&#8221; button_two_text_size__hover_enabled=&#8221;off&#8221; button_one_text_color__hover_enabled=&#8221;on&#8221; button_one_text_color__hover=&#8221;#6eba01&#8243; button_two_text_color__hover_enabled=&#8221;on&#8221; button_two_text_color__hover=&#8221;#6eba01&#8243; button_one_border_width__hover_enabled=&#8221;off&#8221; button_two_border_width__hover_enabled=&#8221;off&#8221; button_one_border_color__hover_enabled=&#8221;on&#8221; button_one_border_color__hover=&#8221;#ffffff&#8221; button_two_border_color__hover_enabled=&#8221;on&#8221; button_two_border_color__hover=&#8221;#ffffff&#8221; button_one_border_radius__hover_enabled=&#8221;on&#8221; button_one_border_radius__hover=&#8221;0&#8243; button_two_border_radius__hover_enabled=&#8221;on&#8221; button_two_border_radius__hover=&#8221;0&#8243; button_one_letter_spacing__hover_enabled=&#8221;on&#8221; button_one_letter_spacing__hover=&#8221;2&#8243; button_two_letter_spacing__hover_enabled=&#8221;on&#8221; button_two_letter_spacing__hover=&#8221;2&#8243; button_one_bg_color__hover_enabled=&#8221;on&#8221; button_one_bg_color__hover=&#8221;#ffffff&#8221; button_two_bg_color__hover_enabled=&#8221;on&#8221; button_two_bg_color__hover=&#8221;#ffffff&#8221;][\/et_pb_fullwidth_header][\/et_pb_section][et_pb_section fb_built=&#8221;1&#8243; _builder_version=&#8221;4.27.2&#8243; _module_preset=&#8221;default&#8221; custom_padding=&#8221;20px||20px||false|false&#8221; global_colors_info=&#8221;{}&#8221;][et_pb_row _builder_version=&#8221;4.27.2&#8243; _module_preset=&#8221;default&#8221; width=&#8221;70%&#8221; width_tablet=&#8221;70%&#8221; width_phone=&#8221;80%&#8221; width_last_edited=&#8221;on|phone&#8221; global_colors_info=&#8221;{}&#8221;][et_pb_column type=&#8221;4_4&#8243; _builder_version=&#8221;4.22.2&#8243; _module_preset=&#8221;default&#8221; global_colors_info=&#8221;{}&#8221;][et_pb_text _builder_version=&#8221;4.27.2&#8243; _module_preset=&#8221;default&#8221; text_text_color=&#8221;#6D6D6D&#8221; text_font_size=&#8221;21px&#8221; custom_margin=&#8221;0px||0px||false|false&#8221; custom_padding=&#8221;0px||0px||false|false&#8221; header_2_font_size_tablet=&#8221;42px&#8221; header_2_font_size_phone=&#8221;36px&#8221; global_colors_info=&#8221;{%22gcid-2039cefd-9fd0-48c8-89ea-3f9f8b539320%22:%91%22header_2_text_color%22%93}&#8221;]<\/p>\n<p style=\"text-align: left;\">De trainingsmodules worden gevolgd door een breed scala aan deelnemers: mensen die deelnemen voor persoonlijke groei, leraren en professionals die met kinderen werken, en therapeuten uit verschillende vakgebieden.De modules bieden een lichaamsgerichte ervaring en voldoende materiaal, zodat deelnemers zich zelfverzekerd voelen om ATB in hun leven en werk te integreren.<br \/>Als je ge\u00efnteresseerd bent om ATB Facilitator &#8211; Trainer te worden, kun je hier de informatie over het traject vinden. Aangezien ATB een innerlijk proces is, houd er rekening mee dat de reis meerdere jaren kan duren.  <\/p>\n<p>[\/et_pb_text][\/et_pb_column][\/et_pb_row][\/et_pb_section][et_pb_section fb_built=&#8221;1&#8243; specialty=&#8221;on&#8221; admin_label=&#8221;Timeline&#8221; _builder_version=&#8221;4.22.2&#8243; background_color=&#8221;#efefef&#8221; global_colors_info=&#8221;{}&#8221;][et_pb_column type=&#8221;1_3&#8243; _builder_version=&#8221;4.16&#8243; custom_padding=&#8221;|||&#8221; global_colors_info=&#8221;{}&#8221; custom_padding__hover=&#8221;|||&#8221;][et_pb_text _builder_version=&#8221;4.27.2&#8243; text_font=&#8221;|600|||||||&#8221; header_2_font=&#8221;&#8211;et_global_heading_font|&#8211;et_global_heading_font_weight|||||||&#8221; header_4_font=&#8221;Merriweather||||||||&#8221; header_4_text_color=&#8221;#e94558&#8243; header_4_line_height=&#8221;1.4em&#8221; header_2_font_size_tablet=&#8221;60px&#8221; header_4_font_size_tablet=&#8221;20px&#8221; header_4_font_size_phone=&#8221;14px&#8221; header_4_font_size_last_edited=&#8221;on|phone&#8221; locked=&#8221;off&#8221; global_colors_info=&#8221;{%22gcid-a1dae8d3-549d-4f05-8698-80b91d568b42%22:%91%22text_text_color%22%93,%22gcid-2039cefd-9fd0-48c8-89ea-3f9f8b539320%22:%91%22header_2_text_color%22%93}&#8221;]<\/p>\n<h2>ATB Trainer Worden<\/h2>\n<p>[\/et_pb_text][\/et_pb_column][et_pb_column type=&#8221;2_3&#8243; specialty_columns=&#8221;2&#8243; _builder_version=&#8221;4.16&#8243; custom_padding=&#8221;|||&#8221; global_colors_info=&#8221;{}&#8221; custom_padding__hover=&#8221;|||&#8221;][et_pb_row_inner _builder_version=&#8221;4.22.2&#8243; custom_padding=&#8221;|||30px|false|false&#8221; border_color_all=&#8221;#6E9BB3&#8243; border_width_left=&#8221;2px&#8221; global_colors_info=&#8221;{}&#8221;][et_pb_column_inner saved_specialty_column_type=&#8221;2_3&#8243; _builder_version=&#8221;4.16&#8243; global_colors_info=&#8221;{}&#8221;][et_pb_blurb title=&#8221;ATB Beoefenaar&#8221; image_icon_background_color=&#8221;gcid-809176b9-9738-48ff-afca-82cdbcbeea6a&#8221; image=&#8221;https:\/\/awarenessthroughthebody.org\/wp-content\/uploads\/2021\/08\/cropped-ATB_Favicon.png&#8221; alt=&#8221;cropped-ATB_Favicon.png&#8221; icon_placement=&#8221;left&#8221; image_icon_width=&#8221;40px&#8221; content_max_width=&#8221;100%&#8221; _builder_version=&#8221;4.27.2&#8243; header_level=&#8221;h3&#8243; header_font=&#8221;&#8211;et_global_body_font||||||||&#8221; header_text_color=&#8221;#6E9BB3&#8243; header_font_size=&#8221;28px&#8221; header_line_height=&#8221;1.4em&#8221; body_font=&#8221;||||||||&#8221; body_text_color=&#8221;#6D6D6D&#8221; body_line_height=&#8221;1.6em&#8221; background_enable_color=&#8221;off&#8221; custom_margin=&#8221;|||-51px|false|false&#8221; header_font_size_tablet=&#8221;28px&#8221; header_font_size_phone=&#8221;25px&#8221; header_font_size_last_edited=&#8221;on|desktop&#8221; body_font_size_tablet=&#8221;18px&#8221; body_font_size_phone=&#8221;17px&#8221; body_font_size_last_edited=&#8221;on|phone&#8221; border_color_all_image=&#8221;#6E9BB3&#8243; icon_font_size=&#8221;40px&#8221; locked=&#8221;off&#8221; global_colors_info=&#8221;{%22gcid-809176b9-9738-48ff-afca-82cdbcbeea6a%22:%91%22image_icon_background_color%22%93}&#8221;]<\/p>\n<p>Mensen die regelmatig ATB beoefenen en deelnemen aan ATB-lessen, ATB-workshops en de offici\u00eble ATB-modules.<\/p>\n<p>ATB-studenten die regelmatig ATB beoefenen, kunnen ATB-oefeningen en de werkwijze integreren in hun eigen praktijk, waarbij ze ATB als bron van de oefeningen vermelden.<\/p>\n<p>[\/et_pb_blurb][\/et_pb_column_inner][\/et_pb_row_inner][et_pb_row_inner _builder_version=&#8221;4.22.2&#8243; custom_padding=&#8221;|||30px|false|false&#8221; border_color_all=&#8221;#6E9BB3&#8243; border_width_left=&#8221;2px&#8221; global_colors_info=&#8221;{}&#8221;][et_pb_column_inner saved_specialty_column_type=&#8221;2_3&#8243; _builder_version=&#8221;4.16&#8243; global_colors_info=&#8221;{}&#8221;][et_pb_blurb title=&#8221;ATB Facilitator in Opleiding&#8221; image_icon_background_color=&#8221;gcid-809176b9-9738-48ff-afca-82cdbcbeea6a&#8221; image=&#8221;https:\/\/awarenessthroughthebody.org\/wp-content\/uploads\/2021\/08\/cropped-ATB_Favicon.png&#8221; alt=&#8221;cropped-ATB_Favicon.png&#8221; icon_placement=&#8221;left&#8221; image_icon_width=&#8221;40px&#8221; content_max_width=&#8221;100%&#8221; _builder_version=&#8221;4.27.2&#8243; header_level=&#8221;h3&#8243; header_font=&#8221;&#8211;et_global_body_font||||||||&#8221; header_text_color=&#8221;#6E9BB3&#8243; header_font_size=&#8221;28px&#8221; header_line_height=&#8221;1.4em&#8221; body_font=&#8221;||||||||&#8221; body_text_color=&#8221;#6D6D6D&#8221; body_line_height=&#8221;1.6em&#8221; background_enable_color=&#8221;off&#8221; custom_margin=&#8221;|||-51px|false|false&#8221; hover_enabled=&#8221;0&#8243; header_font_size_tablet=&#8221;28px&#8221; header_font_size_phone=&#8221;25px&#8221; header_font_size_last_edited=&#8221;on|phone&#8221; body_font_size_tablet=&#8221;18px&#8221; body_font_size_phone=&#8221;17px&#8221; body_font_size_last_edited=&#8221;on|phone&#8221; border_color_all_image=&#8221;#6E9BB3&#8243; icon_font_size=&#8221;40px&#8221; locked=&#8221;off&#8221; global_colors_info=&#8221;{%22gcid-809176b9-9738-48ff-afca-82cdbcbeea6a%22:%91%22image_icon_background_color%22%93}&#8221; sticky_enabled=&#8221;0&#8243;]<\/p>\n<p>Na het minstens \u00e9\u00e9n keer voltooien van zowel de offici\u00eble basismodules als de modules voor gevorderden, kan een ATB beoefenaar ervoor kiezen om een facilitator in opleiding te worden. Daartoe moet je de nodige eisen stellen en oefeningen doen om je persoonlijke ervaring en praktijk te verbeteren, terwijl je ATB-workshops blijft volgen en minstens nog \u00e9\u00e9n keer alle offici\u00eble modules doet.<\/p>\n<p>Een <strong>ATB Facilitator in Opleiding<\/strong> kan ATB-lessen aanbieden aan kinderen en\/of ATB-exploraties en lessen aan volwassenen, met de vermelding dat ze een trainee\/facilitator in opleiding zijn. Deze lessen en exploraties maken deel uit van hun training. <\/p>\n<p>[\/et_pb_blurb][\/et_pb_column_inner][\/et_pb_row_inner][et_pb_row_inner _builder_version=&#8221;4.22.2&#8243; custom_padding=&#8221;|||30px|false|false&#8221; border_color_all=&#8221;#6E9BB3&#8243; border_width_left=&#8221;2px&#8221; global_colors_info=&#8221;{}&#8221;][et_pb_column_inner saved_specialty_column_type=&#8221;2_3&#8243; _builder_version=&#8221;4.16&#8243; global_colors_info=&#8221;{}&#8221;][et_pb_blurb title=&#8221;Gecertificeerde ATB Facilitator&#8221; image_icon_background_color=&#8221;gcid-809176b9-9738-48ff-afca-82cdbcbeea6a&#8221; image=&#8221;https:\/\/awarenessthroughthebody.org\/wp-content\/uploads\/2021\/08\/cropped-ATB_Favicon.png&#8221; alt=&#8221;cropped-ATB_Favicon.png&#8221; icon_placement=&#8221;left&#8221; image_icon_width=&#8221;40px&#8221; content_max_width=&#8221;100%&#8221; _builder_version=&#8221;4.27.2&#8243; header_level=&#8221;h3&#8243; header_font=&#8221;&#8211;et_global_body_font||||||||&#8221; header_text_color=&#8221;#6E9BB3&#8243; header_font_size=&#8221;28px&#8221; header_line_height=&#8221;1.4em&#8221; body_font=&#8221;||||||||&#8221; body_text_color=&#8221;#6D6D6D&#8221; body_line_height=&#8221;1.6em&#8221; background_enable_color=&#8221;off&#8221; custom_margin=&#8221;|||-51px|false|false&#8221; header_font_size_tablet=&#8221;28px&#8221; header_font_size_phone=&#8221;25px&#8221; header_font_size_last_edited=&#8221;on|phone&#8221; body_font_size_tablet=&#8221;18px&#8221; body_font_size_phone=&#8221;17px&#8221; body_font_size_last_edited=&#8221;on|phone&#8221; border_color_all_image=&#8221;#6E9BB3&#8243; icon_font_size=&#8221;40px&#8221; locked=&#8221;off&#8221; global_colors_info=&#8221;{%22gcid-809176b9-9738-48ff-afca-82cdbcbeea6a%22:%91%22image_icon_background_color%22%93}&#8221;]<\/p>\n<p>Na het succesvol afronden van de gespecificeerde vereisten ben je een ATB facilitator. Je moet blijven ervaring opdoen door met groepen te werken, gecoacht door een trainer. <\/p>\n<p>Als <strong>gecertificeerde ATB facilitator<\/strong> ben je gekwalificeerd om <em>ATB-exploraties te leiden en ATB-schoolprogramma&#8217;s te implementeren<\/em>. J<em>e mag je werk officieel ATB noemen en het ATB-logo gebruiken<\/em>. Je bent nog niet gekwalificeerd om de offici\u00eble ATB-modules te leiden. Om dat te doen, moet je ATB Trainer worden.  <\/p>\n<p>[\/et_pb_blurb][\/et_pb_column_inner][\/et_pb_row_inner][et_pb_row_inner _builder_version=&#8221;4.22.2&#8243; custom_padding=&#8221;|||30px|false|false&#8221; border_color_all=&#8221;#6E9BB3&#8243; border_width_left=&#8221;2px&#8221; global_colors_info=&#8221;{}&#8221;][et_pb_column_inner saved_specialty_column_type=&#8221;2_3&#8243; _builder_version=&#8221;4.16&#8243; global_colors_info=&#8221;{}&#8221;][et_pb_blurb title=&#8221;ATB Trainer&#8221; image_icon_background_color=&#8221;gcid-809176b9-9738-48ff-afca-82cdbcbeea6a&#8221; image=&#8221;https:\/\/awarenessthroughthebody.org\/wp-content\/uploads\/2021\/08\/cropped-ATB_Favicon.png&#8221; alt=&#8221;cropped-ATB_Favicon.png&#8221; icon_placement=&#8221;left&#8221; image_icon_width=&#8221;40px&#8221; content_max_width=&#8221;100%&#8221; _builder_version=&#8221;4.27.2&#8243; header_level=&#8221;h3&#8243; header_font=&#8221;&#8211;et_global_body_font||||||||&#8221; header_text_color=&#8221;#6E9BB3&#8243; header_font_size=&#8221;28px&#8221; header_line_height=&#8221;1.4em&#8221; body_font=&#8221;||||||||&#8221; body_text_color=&#8221;#6D6D6D&#8221; body_line_height=&#8221;1.6em&#8221; background_enable_color=&#8221;off&#8221; custom_margin=&#8221;|||-51px|false|false&#8221; header_font_size_tablet=&#8221;28px&#8221; header_font_size_phone=&#8221;25px&#8221; header_font_size_last_edited=&#8221;on|phone&#8221; body_font_size_tablet=&#8221;18px&#8221; body_font_size_phone=&#8221;17px&#8221; body_font_size_last_edited=&#8221;on|phone&#8221; border_color_all_image=&#8221;#6E9BB3&#8243; icon_font_size=&#8221;40px&#8221; locked=&#8221;off&#8221; global_colors_info=&#8221;{%22gcid-809176b9-9738-48ff-afca-82cdbcbeea6a%22:%91%22image_icon_background_color%22%93}&#8221;]<\/p>\n<p>Een gecertificeerde ATB facilitator kan, na ervaring te hebben opgedaan met het faciliteren van ATB-lessen, ATB-exploraties en\/of schoolprogramma&#8217;s, ervoor kiezen om ATB Trainer te worden. Dit proces wordt individueel opgepakt en aangepast aan elke persoon in overleg met Aloka en Joan. <\/p>\n<p><strong>ATB Trainers kunnen<\/strong> de offici\u00eble ATB-trainingsmodules leiden waarvoor ze gekwalificeerd zijn en deelnamecertificaten uitreiken.<\/p>\n<p>[\/et_pb_blurb][\/et_pb_column_inner][\/et_pb_row_inner][\/et_pb_column][\/et_pb_section][et_pb_section fb_built=&#8221;1&#8243; custom_padding_last_edited=&#8221;on|phone&#8221; _builder_version=&#8221;4.27.2&#8243; _module_preset=&#8221;default&#8221; custom_margin_tablet=&#8221;&#8221; custom_margin_phone=&#8221;0px||||false|false&#8221; custom_margin_last_edited=&#8221;on|phone&#8221; custom_padding_tablet=&#8221;&#8221; custom_padding_phone=&#8221;20px||20px||true|false&#8221; global_colors_info=&#8221;{}&#8221;][et_pb_row column_structure=&#8221;1_2,1_2&#8243; _builder_version=&#8221;4.27.2&#8243; _module_preset=&#8221;default&#8221; global_colors_info=&#8221;{}&#8221;][et_pb_column type=&#8221;1_2&#8243; _builder_version=&#8221;4.22.2&#8243; _module_preset=&#8221;default&#8221; global_colors_info=&#8221;{}&#8221;][et_pb_button button_url=&#8221;@ET-DC@eyJkeW5hbWljIjp0cnVlLCJjb250ZW50IjoicG9zdF9saW5rX3VybF9wYWdlIiwic2V0dGluZ3MiOnsicG9zdF9pZCI6IjMwNjQyIiwiZW5hYmxlX2h0bWwiOiJvZmYifX0=@&#8221; button_text=&#8221;Word een gecertificeerde ATB Facilitator&#8221; button_alignment=&#8221;center&#8221; _builder_version=&#8221;4.27.2&#8243; _dynamic_attributes=&#8221;button_url&#8221; _module_preset=&#8221;default&#8221; custom_button=&#8221;on&#8221; button_text_color=&#8221;#FFFFFF&#8221; button_bg_color=&#8221;gcid-2303a270-d550-4d93-80d8-e13edbbb57e9&#8243; button_border_color=&#8221;gcid-2303a270-d550-4d93-80d8-e13edbbb57e9&#8243; global_module=&#8221;37997&#8243; saved_tabs=&#8221;all&#8221; global_colors_info=&#8221;{%22gcid-2039cefd-9fd0-48c8-89ea-3f9f8b539320%22:%91%22button_bg_color__hover%22,%22button_border_color__hover%22%93,%22gcid-97893951-444b-4f60-a4de-e60dcf40c9f9%22:%91%22button_text_color__hover%22%93,%22gcid-2303a270-d550-4d93-80d8-e13edbbb57e9%22:%91%22button_bg_color%22,%22button_border_color%22%93}&#8221; button_text_color__hover_enabled=&#8221;on|hover&#8221; button_text_color__hover=&#8221;#edf8ff&#8221; button_bg_color__hover_enabled=&#8221;on|desktop&#8221; button_bg_color__hover=&#8221;#4f7887&#8243; button_bg_enable_color__hover=&#8221;on&#8221; button_border_color__hover_enabled=&#8221;on|desktop&#8221; button_border_color__hover=&#8221;#4f7887&#8243;][\/et_pb_button][\/et_pb_column][et_pb_column type=&#8221;1_2&#8243; _builder_version=&#8221;4.22.2&#8243; _module_preset=&#8221;default&#8221; global_colors_info=&#8221;{}&#8221;][et_pb_button button_url=&#8221;@ET-DC@eyJkeW5hbWljIjp0cnVlLCJjb250ZW50IjoicG9zdF9saW5rX3VybF9wYWdlIiwic2V0dGluZ3MiOnsicG9zdF9pZCI6IjMxMjI5IiwiZW5hYmxlX2h0bWwiOiJvZmYifX0=@&#8221; button_text=&#8221;Word een Gecertificeerde ATB Trainer&#8221; button_alignment=&#8221;center&#8221; _builder_version=&#8221;4.27.2&#8243; _dynamic_attributes=&#8221;button_url&#8221; _module_preset=&#8221;default&#8221; custom_button=&#8221;on&#8221; button_text_color=&#8221;#FFFFFF&#8221; button_bg_color=&#8221;gcid-2303a270-d550-4d93-80d8-e13edbbb57e9&#8243; button_border_color=&#8221;gcid-2303a270-d550-4d93-80d8-e13edbbb57e9&#8243; global_module=&#8221;37997&#8243; saved_tabs=&#8221;all&#8221; global_colors_info=&#8221;{%22gcid-2039cefd-9fd0-48c8-89ea-3f9f8b539320%22:%91%22button_bg_color__hover%22,%22button_border_color__hover%22%93,%22gcid-97893951-444b-4f60-a4de-e60dcf40c9f9%22:%91%22button_text_color__hover%22%93,%22gcid-2303a270-d550-4d93-80d8-e13edbbb57e9%22:%91%22button_bg_color%22,%22button_border_color%22%93}&#8221; button_text_color__hover_enabled=&#8221;on|hover&#8221; button_text_color__hover=&#8221;#edf8ff&#8221; button_bg_color__hover_enabled=&#8221;on|desktop&#8221; button_bg_color__hover=&#8221;#4f7887&#8243; button_bg_enable_color__hover=&#8221;on&#8221; button_border_color__hover_enabled=&#8221;on|desktop&#8221; button_border_color__hover=&#8221;#4f7887&#8243;][\/et_pb_button][\/et_pb_column][\/et_pb_row][\/et_pb_section][et_pb_section fb_built=&#8221;1&#8243; custom_padding_last_edited=&#8221;on|desktop&#8221; _builder_version=&#8221;4.27.2&#8243; custom_margin=&#8221;0px||||false|false&#8221; custom_margin_tablet=&#8221;0px||||false|false&#8221; custom_margin_phone=&#8221;0px||||false|false&#8221; custom_margin_last_edited=&#8221;on|desktop&#8221; custom_padding=&#8221;0px||0px||true|false&#8221; custom_padding_tablet=&#8221;0px||0px||true|false&#8221; custom_padding_phone=&#8221;0px||0px||true|false&#8221; global_colors_info=&#8221;{}&#8221;][et_pb_row custom_padding_last_edited=&#8221;on|desktop&#8221; _builder_version=&#8221;4.27.2&#8243; custom_margin=&#8221;0px||||false|false&#8221; custom_margin_tablet=&#8221;0px||||false|false&#8221; custom_margin_phone=&#8221;0px||||false|false&#8221; custom_margin_last_edited=&#8221;on|desktop&#8221; custom_padding=&#8221;0px||||false|false&#8221; custom_padding_tablet=&#8221;0px||||false|false&#8221; custom_padding_phone=&#8221;0px||||false|false&#8221; global_colors_info=&#8221;{}&#8221;][et_pb_column type=&#8221;4_4&#8243; _builder_version=&#8221;4.16&#8243; global_colors_info=&#8221;{}&#8221;][et_pb_image src=&#8221;https:\/\/awarenessthroughthebody.org\/wp-content\/uploads\/2024\/09\/ATB-facilitation-diagram-PowerPoint-version-more-ATB-workshops-scaled.jpg&#8221; alt=&#8221;Scheme ATB categories&#8221; title_text=&#8221;ATB-facilitation-diagram&#8212;PowerPoint-version-more-ATB-workshops&#8221; align=&#8221;center&#8221; _builder_version=&#8221;4.27.0&#8243; width=&#8221;90%&#8221; border_radii=&#8221;on|5px|5px|5px|5px&#8221; global_colors_info=&#8221;{}&#8221;][\/et_pb_image][\/et_pb_column][\/et_pb_row][\/et_pb_section]<\/p>\n","protected":false},"excerpt":{"rendered":"<p>De trainingsmodules worden gevolgd door een breed scala aan deelnemers: mensen die deelnemen voor persoonlijke groei, leraren en professionals die met kinderen werken, en therapeuten uit verschillende vakgebieden.De modules bieden een lichaamsgerichte ervaring en voldoende materiaal, zodat deelnemers zich zelfverzekerd voelen om ATB in hun leven en werk te integreren.Als je ge\u00efnteresseerd bent om ATB [&hellip;]<\/p>\n","protected":false},"author":16,"featured_media":0,"parent":0,"menu_order":0,"comment_status":"closed","ping_status":"closed","template":"","meta":{"_et_pb_use_builder":"on","_et_pb_old_content":"","_et_gb_content_width":"","_monsterinsights_skip_tracking":false,"_monsterinsights_sitenote_active":false,"_monsterinsights_sitenote_note":"","_monsterinsights_sitenote_category":0,"footnotes":""},"class_list":["post-33368","page","type-page","status-publish","hentry"],"_links":{"self":[{"href":"https:\/\/awarenessthroughthebody.org\/nl\/wp-json\/wp\/v2\/pages\/33368","targetHints":{"allow":["GET"]}}],"collection":[{"href":"https:\/\/awarenessthroughthebody.org\/nl\/wp-json\/wp\/v2\/pages"}],"about":[{"href":"https:\/\/awarenessthroughthebody.org\/nl\/wp-json\/wp\/v2\/types\/page"}],"author":[{"embeddable":true,"href":"https:\/\/awarenessthroughthebody.org\/nl\/wp-json\/wp\/v2\/users\/16"}],"replies":[{"embeddable":true,"href":"https:\/\/awarenessthroughthebody.org\/nl\/wp-json\/wp\/v2\/comments?post=33368"}],"version-history":[{"count":32,"href":"https:\/\/awarenessthroughthebody.org\/nl\/wp-json\/wp\/v2\/pages\/33368\/revisions"}],"predecessor-version":[{"id":39640,"href":"https:\/\/awarenessthroughthebody.org\/nl\/wp-json\/wp\/v2\/pages\/33368\/revisions\/39640"}],"wp:attachment":[{"href":"https:\/\/awarenessthroughthebody.org\/nl\/wp-json\/wp\/v2\/media?parent=33368"}],"curies":[{"name":"wp","href":"https:\/\/api.w.org\/{rel}","templated":true}]}}