{"id":33662,"date":"2022-03-03T09:50:14","date_gmt":"2022-03-03T09:50:14","guid":{"rendered":"https:\/\/awarenessthroughthebody.org\/galerie\/"},"modified":"2024-10-25T05:58:35","modified_gmt":"2024-10-25T03:58:35","slug":"galerie","status":"publish","type":"page","link":"https:\/\/awarenessthroughthebody.org\/fr\/galerie\/","title":{"rendered":"Galerie"},"content":{"rendered":"<p>[et_pb_section fb_built=\u00a0\u00bb1&Prime; fullwidth=\u00a0\u00bbon\u00a0\u00bb custom_padding_last_edited=\u00a0\u00bbon|phone\u00a0\u00bb admin_label=\u00a0\u00bbPage Header\u00a0\u00bb _builder_version=\u00a0\u00bb4.27.2&Prime; background_enable_image=\u00a0\u00bboff\u00a0\u00bb custom_margin_tablet=\u00a0\u00bb\u00a0\u00bb custom_margin_phone=\u00a0\u00bb0px||||false|false\u00a0\u00bb custom_margin_last_edited=\u00a0\u00bbon|phone\u00a0\u00bb custom_padding_tablet=\u00a0\u00bb\u00a0\u00bb custom_padding_phone=\u00a0\u00bb0px||||false|false\u00a0\u00bb animation_direction=\u00a0\u00bbtop\u00a0\u00bb custom_css_main_element=\u00a0\u00bbdisplay: flex;||flex-direction: column;||justify-content: center;||||\u00a0\u00bb global_colors_info=\u00a0\u00bb{}\u00a0\u00bb][et_pb_fullwidth_header title=\u00a0\u00bbATB en Action : Un Voyage Visuel\u00a0\u00bb text_orientation=\u00a0\u00bbcenter\u00a0\u00bb button_one_url=\u00a0\u00bb#workshops\u00a0\u00bb content_max_width=\u00a0\u00bb900px\u00a0\u00bb content_max_width_tablet=\u00a0\u00bb900px\u00a0\u00bb content_max_width_phone=\u00a0\u00bb\u00a0\u00bb content_max_width_last_edited=\u00a0\u00bbon|phone\u00a0\u00bb admin_label=\u00a0\u00bbHero Section\u00a0\u00bb _builder_version=\u00a0\u00bb4.27.2&Prime; title_font=\u00a0\u00bb&#8211;et_global_heading_font|700|||||||\u00a0\u00bb title_text_color=\u00a0\u00bbgcid-2039cefd-9fd0-48c8-89ea-3f9f8b539320&Prime; title_font_size=\u00a0\u00bb50px\u00a0\u00bb title_line_height=\u00a0\u00bb1.3em\u00a0\u00bb content_font=\u00a0\u00bb&#8211;et_global_body_font||||||||\u00a0\u00bb content_text_color=\u00a0\u00bb#6D6D6D\u00a0\u00bb content_font_size=\u00a0\u00bb22px\u00a0\u00bb content_line_height=\u00a0\u00bb1.6em\u00a0\u00bb subhead_font=\u00a0\u00bb||||\u00a0\u00bb subhead_text_color=\u00a0\u00bb#4F7887&Prime; subhead_font_size=\u00a0\u00bb30px\u00a0\u00bb background_color=\u00a0\u00bbrgba(255, 255, 255, 0)\u00a0\u00bb use_background_color_gradient=\u00a0\u00bbon\u00a0\u00bb background_color_gradient_type=\u00a0\u00bbcircular\u00a0\u00bb background_color_gradient_stops=\u00a0\u00bbrgba(255,255,255,0) 8%|rgba(0,0,0,0) 66%\u00a0\u00bb background_color_gradient_start=\u00a0\u00bbrgba(255,255,255,0)\u00a0\u00bb background_color_gradient_start_position=\u00a0\u00bb8%\u00a0\u00bb background_color_gradient_end=\u00a0\u00bbrgba(0,0,0,0)\u00a0\u00bb background_color_gradient_end_position=\u00a0\u00bb66%\u00a0\u00bb custom_button_one=\u00a0\u00bbon\u00a0\u00bb button_one_text_size=\u00a0\u00bb20px\u00a0\u00bb button_one_text_color=\u00a0\u00bb#4F7887&Prime; button_one_bg_color=\u00a0\u00bb#66E6F2&Prime; button_one_border_width=\u00a0\u00bb2px\u00a0\u00bb button_one_border_color=\u00a0\u00bb#66E6F2&Prime; button_one_letter_spacing=\u00a0\u00bb0px\u00a0\u00bb button_one_font=\u00a0\u00bb||||||||\u00a0\u00bb button_one_icon=\u00a0\u00bb&#x35;||divi||400&Prime; custom_button_two=\u00a0\u00bbon\u00a0\u00bb button_two_text_size=\u00a0\u00bb16px\u00a0\u00bb button_two_border_width=\u00a0\u00bb2px\u00a0\u00bb button_two_border_color=\u00a0\u00bb#ffffff\u00a0\u00bb button_two_border_radius=\u00a0\u00bb0&Prime; button_two_letter_spacing=\u00a0\u00bb2&Prime; button_two_font=\u00a0\u00bbMontserrat|||on|\u00a0\u00bb button_two_use_icon=\u00a0\u00bboff\u00a0\u00bb background_layout=\u00a0\u00bblight\u00a0\u00bb module_alignment=\u00a0\u00bbleft\u00a0\u00bb custom_padding=\u00a0\u00bb65px||30px||false|false\u00a0\u00bb custom_padding_tablet=\u00a0\u00bb67px||67px||true|\u00a0\u00bb custom_padding_phone=\u00a0\u00bb10px||10px||true|false\u00a0\u00bb custom_padding_last_edited=\u00a0\u00bbon|phone\u00a0\u00bb animation_style=\u00a0\u00bbfade\u00a0\u00bb hover_enabled=\u00a0\u00bb0&Prime; title_font_tablet=\u00a0\u00bb&#8211;et_global_heading_font|700|||||||\u00a0\u00bb title_font_phone=\u00a0\u00bb&#8211;et_global_heading_font|700|||||||\u00a0\u00bb title_font_last_edited=\u00a0\u00bbon|phone\u00a0\u00bb title_text_align_tablet=\u00a0\u00bb\u00a0\u00bb title_text_align_phone=\u00a0\u00bbcenter\u00a0\u00bb title_text_align_last_edited=\u00a0\u00bbon|phone\u00a0\u00bb title_font_size_tablet=\u00a0\u00bb40px\u00a0\u00bb title_font_size_phone=\u00a0\u00bb40px\u00a0\u00bb title_font_size_last_edited=\u00a0\u00bbon|phone\u00a0\u00bb button_one_text_color_hover=\u00a0\u00bb#6eba01&Prime; button_two_text_color_hover=\u00a0\u00bb#6eba01&Prime; button_one_border_color_hover=\u00a0\u00bb#ffffff\u00a0\u00bb button_two_border_color_hover=\u00a0\u00bb#ffffff\u00a0\u00bb button_one_border_radius_hover=\u00a0\u00bb0&Prime; button_two_border_radius_hover=\u00a0\u00bb0&Prime; button_one_letter_spacing_hover=\u00a0\u00bb2&Prime; button_two_letter_spacing_hover=\u00a0\u00bb2&Prime; button_one_bg_color_hover=\u00a0\u00bb#ffffff\u00a0\u00bb button_two_bg_color_hover=\u00a0\u00bb#ffffff\u00a0\u00bb global_colors_info=\u00a0\u00bb{%22gcid-2039cefd-9fd0-48c8-89ea-3f9f8b539320%22:%91%22title_text_color%22%93}\u00a0\u00bb button_one_text_size__hover_enabled=\u00a0\u00bboff\u00a0\u00bb button_two_text_size__hover_enabled=\u00a0\u00bboff\u00a0\u00bb button_one_text_color__hover_enabled=\u00a0\u00bbon|hover\u00a0\u00bb button_one_text_color__hover=\u00a0\u00bb#FFFFFF\u00a0\u00bb button_two_text_color__hover_enabled=\u00a0\u00bbon\u00a0\u00bb button_two_text_color__hover=\u00a0\u00bb#6eba01&Prime; button_one_border_width__hover_enabled=\u00a0\u00bboff\u00a0\u00bb button_two_border_width__hover_enabled=\u00a0\u00bboff\u00a0\u00bb button_one_border_color__hover_enabled=\u00a0\u00bbon\u00a0\u00bb button_one_border_color__hover=\u00a0\u00bb#4F7887&Prime; button_two_border_color__hover_enabled=\u00a0\u00bbon\u00a0\u00bb button_two_border_color__hover=\u00a0\u00bb#ffffff\u00a0\u00bb button_one_border_radius__hover_enabled=\u00a0\u00bbon|hover\u00a0\u00bb button_one_border_radius__hover=\u00a0\u00bb0&Prime; button_two_border_radius__hover_enabled=\u00a0\u00bbon\u00a0\u00bb button_two_border_radius__hover=\u00a0\u00bb0&Prime; button_one_letter_spacing__hover_enabled=\u00a0\u00bbon\u00a0\u00bb button_one_letter_spacing__hover=\u00a0\u00bb\u00a0\u00bb button_two_letter_spacing__hover_enabled=\u00a0\u00bbon\u00a0\u00bb button_two_letter_spacing__hover=\u00a0\u00bb2&Prime; button_one_bg_color__hover_enabled=\u00a0\u00bbon\u00a0\u00bb button_one_bg_color__hover=\u00a0\u00bb#4F7887&Prime; button_two_bg_color__hover_enabled=\u00a0\u00bbon\u00a0\u00bb button_two_bg_color__hover=\u00a0\u00bb#ffffff\u00a0\u00bb button_one_bg_enable_color__hover=\u00a0\u00bbon\u00a0\u00bb sticky_enabled=\u00a0\u00bb0&Prime;]<\/p>\n<p><span>Explorez l&rsquo;essence de \u00ab Prendre Conscience par le Corps \u00bb \u00e0 travers notre galerie. Ces photos ont \u00e9t\u00e9 prises lors des cours r\u00e9guliers \u00e0 l&rsquo;\u00e9cole. Les images capturent des moments de concentration, de d\u00e9couverte de soi, et   <\/span>le contact int\u00e9rieur chez les enfants.<\/p>\n<p>[\/et_pb_fullwidth_header][\/et_pb_section][et_pb_section fb_built=\u00a0\u00bb1&Prime; _builder_version=\u00a0\u00bb4.17.6&Prime; _module_preset=\u00a0\u00bbdefault\u00a0\u00bb global_colors_info=\u00a0\u00bb{}\u00a0\u00bb][et_pb_row column_structure=\u00a0\u00bb1_3,1_3,1_3&Prime; custom_padding_last_edited=\u00a0\u00bbon|phone\u00a0\u00bb _builder_version=\u00a0\u00bb4.27.2&Prime; _module_preset=\u00a0\u00bbdefault\u00a0\u00bb custom_margin_tablet=\u00a0\u00bb\u00a0\u00bb custom_margin_phone=\u00a0\u00bb\u00a0\u00bb custom_margin_last_edited=\u00a0\u00bbon|phone\u00a0\u00bb custom_padding_tablet=\u00a0\u00bb\u00a0\u00bb custom_padding_phone=\u00a0\u00bb||0px||false|false\u00a0\u00bb global_colors_info=\u00a0\u00bb{}\u00a0\u00bb][et_pb_column type=\u00a0\u00bb1_3&Prime; _builder_version=\u00a0\u00bb4.17.6&Prime; _module_preset=\u00a0\u00bbdefault\u00a0\u00bb custom_padding_tablet=\u00a0\u00bb\u00a0\u00bb custom_padding_phone=\u00a0\u00bb||30px||false|false\u00a0\u00bb custom_padding_last_edited=\u00a0\u00bbon|phone\u00a0\u00bb global_colors_info=\u00a0\u00bb{}\u00a0\u00bb][et_pb_blurb title=\u00a0\u00bbPortes ouvertes de l\u2019\u00e9cole 2016&Prime; url=\u00a0\u00bbhttps:\/\/awarenessthroughthebody.org\/?page_id=30160&amp;preview=true\u00a0\u00bb image=\u00a0\u00bbhttps:\/\/awarenessthroughthebody.org\/wp-content\/uploads\/2021\/08\/projects-children-feedback-7-300&#215;225.jpg\u00a0\u00bb _builder_version=\u00a0\u00bb4.27.2&Prime; _module_preset=\u00a0\u00bbdefault\u00a0\u00bb header_font_size=\u00a0\u00bb24px\u00a0\u00bb body_text_color=\u00a0\u00bb#6D6D6D\u00a0\u00bb body_line_height=\u00a0\u00bb1.6em\u00a0\u00bb custom_padding=\u00a0\u00bb|10px||10px|false|false\u00a0\u00bb body_font_size_tablet=\u00a0\u00bb\u00a0\u00bb body_font_size_phone=\u00a0\u00bb17px\u00a0\u00bb body_font_size_last_edited=\u00a0\u00bbon|phone\u00a0\u00bb global_colors_info=\u00a0\u00bb{}\u00a0\u00bb]<\/p>\n<p>\u00c0 l\u2019\u00e9cole Transition, \u00e0 la fin de l\u2019ann\u00e9e scolaire, chaque ann\u00e9e, nous faisons un diaporama pour partager les faits saillants de l\u2019ann\u00e9e avec parents et amis .<\/p>\n<p>[\/et_pb_blurb][et_pb_button button_url=\u00a0\u00bbhttps:\/\/awarenessthroughthebody.org\/?page_id=30160&amp;preview=true\u00a0\u00bb button_text=\u00a0\u00bbOuvrir la galerie\u00a0\u00bb button_alignment=\u00a0\u00bbcenter\u00a0\u00bb _builder_version=\u00a0\u00bb4.27.2&Prime; _dynamic_attributes=\u00a0\u00bbbutton_url\u00a0\u00bb _module_preset=\u00a0\u00bbdefault\u00a0\u00bb custom_button=\u00a0\u00bbon\u00a0\u00bb button_text_color=\u00a0\u00bb#FFFFFF\u00a0\u00bb button_bg_color=\u00a0\u00bbgcid-2303a270-d550-4d93-80d8-e13edbbb57e9&Prime; button_border_color=\u00a0\u00bbgcid-2303a270-d550-4d93-80d8-e13edbbb57e9&Prime; global_module=\u00a0\u00bb37997&Prime; saved_tabs=\u00a0\u00bball\u00a0\u00bb global_colors_info=\u00a0\u00bb{%22gcid-2039cefd-9fd0-48c8-89ea-3f9f8b539320%22:%91%22button_bg_color__hover%22,%22button_border_color__hover%22%93,%22gcid-97893951-444b-4f60-a4de-e60dcf40c9f9%22:%91%22button_text_color__hover%22%93,%22gcid-2303a270-d550-4d93-80d8-e13edbbb57e9%22:%91%22button_bg_color%22,%22button_border_color%22%93}\u00a0\u00bb button_text_color__hover_enabled=\u00a0\u00bbon|hover\u00a0\u00bb button_text_color__hover=\u00a0\u00bb#edf8ff\u00a0\u00bb button_bg_color__hover_enabled=\u00a0\u00bbon|desktop\u00a0\u00bb button_bg_color__hover=\u00a0\u00bb#4f7887&Prime; button_bg_enable_color__hover=\u00a0\u00bbon\u00a0\u00bb button_border_color__hover_enabled=\u00a0\u00bbon|desktop\u00a0\u00bb button_border_color__hover=\u00a0\u00bb#4f7887&Prime;][\/et_pb_button][\/et_pb_column][et_pb_column type=\u00a0\u00bb1_3&Prime; _builder_version=\u00a0\u00bb4.17.6&Prime; _module_preset=\u00a0\u00bbdefault\u00a0\u00bb custom_padding_tablet=\u00a0\u00bb\u00a0\u00bb custom_padding_phone=\u00a0\u00bb||30px||false|false\u00a0\u00bb custom_padding_last_edited=\u00a0\u00bbon|phone\u00a0\u00bb global_colors_info=\u00a0\u00bb{}\u00a0\u00bb][et_pb_blurb title=\u00a0\u00bbPr\u00e9sentation du diaporama scolaire\u00a0\u00bb url=\u00a0\u00bbhttps:\/\/awarenessthroughthebody.org\/?page_id=30160&amp;preview=true\u00a0\u00bb image=\u00a0\u00bbhttps:\/\/awarenessthroughthebody.org\/wp-content\/uploads\/2022\/01\/Untitled-design-1.jpg\u00a0\u00bb _builder_version=\u00a0\u00bb4.27.2&Prime; _module_preset=\u00a0\u00bbdefault\u00a0\u00bb header_font_size=\u00a0\u00bb24px\u00a0\u00bb body_text_color=\u00a0\u00bb#6D6D6D\u00a0\u00bb body_line_height=\u00a0\u00bb1.6em\u00a0\u00bb custom_padding=\u00a0\u00bb|10px||10px|false|false\u00a0\u00bb body_font_size_tablet=\u00a0\u00bb\u00a0\u00bb body_font_size_phone=\u00a0\u00bb17px\u00a0\u00bb body_font_size_last_edited=\u00a0\u00bbon|phone\u00a0\u00bb global_colors_info=\u00a0\u00bb{}\u00a0\u00bb]<\/p>\n<p>Diaporama des classes d&rsquo;ATB \u00e0 l&rsquo;\u00e9cole primaire.<\/p>\n<p>[\/et_pb_blurb][et_pb_button button_url=\u00a0\u00bbhttps:\/\/youtu.be\/2Y7l0bVCXe4&Prime; url_new_window=\u00a0\u00bbon\u00a0\u00bb button_text=\u00a0\u00bbOuvrir des diapositives\u00a0\u00bb button_alignment=\u00a0\u00bbcenter\u00a0\u00bb _builder_version=\u00a0\u00bb4.27.2&Prime; _dynamic_attributes=\u00a0\u00bbbutton_url\u00a0\u00bb _module_preset=\u00a0\u00bbdefault\u00a0\u00bb custom_button=\u00a0\u00bbon\u00a0\u00bb button_text_color=\u00a0\u00bb#FFFFFF\u00a0\u00bb button_bg_color=\u00a0\u00bbgcid-2303a270-d550-4d93-80d8-e13edbbb57e9&Prime; button_border_color=\u00a0\u00bbgcid-2303a270-d550-4d93-80d8-e13edbbb57e9&Prime; global_module=\u00a0\u00bb37997&Prime; saved_tabs=\u00a0\u00bball\u00a0\u00bb global_colors_info=\u00a0\u00bb{%22gcid-2039cefd-9fd0-48c8-89ea-3f9f8b539320%22:%91%22button_bg_color__hover%22,%22button_border_color__hover%22%93,%22gcid-97893951-444b-4f60-a4de-e60dcf40c9f9%22:%91%22button_text_color__hover%22%93,%22gcid-2303a270-d550-4d93-80d8-e13edbbb57e9%22:%91%22button_bg_color%22,%22button_border_color%22%93}\u00a0\u00bb button_text_color__hover_enabled=\u00a0\u00bbon|hover\u00a0\u00bb button_text_color__hover=\u00a0\u00bb#edf8ff\u00a0\u00bb button_bg_color__hover_enabled=\u00a0\u00bbon|desktop\u00a0\u00bb button_bg_color__hover=\u00a0\u00bb#4f7887&Prime; button_bg_enable_color__hover=\u00a0\u00bbon\u00a0\u00bb button_border_color__hover_enabled=\u00a0\u00bbon|desktop\u00a0\u00bb button_border_color__hover=\u00a0\u00bb#4f7887&Prime;][\/et_pb_button][\/et_pb_column][et_pb_column type=\u00a0\u00bb1_3&Prime; _builder_version=\u00a0\u00bb4.27.2&Prime; _module_preset=\u00a0\u00bbdefault\u00a0\u00bb global_colors_info=\u00a0\u00bb{}\u00a0\u00bb][\/et_pb_column][\/et_pb_row][\/et_pb_section]<\/p>\n","protected":false},"excerpt":{"rendered":"<p>Explorez l&rsquo;essence de \u00ab Prendre Conscience par le Corps \u00bb \u00e0 travers notre galerie. Ces photos ont \u00e9t\u00e9 prises lors des cours r\u00e9guliers \u00e0 l&rsquo;\u00e9cole. Les images capturent des moments de concentration, de d\u00e9couverte de soi, et le contact int\u00e9rieur chez les enfants.\u00c0 l\u2019\u00e9cole Transition, \u00e0 la fin de l\u2019ann\u00e9e scolaire, chaque ann\u00e9e, nous faisons [&hellip;]<\/p>\n","protected":false},"author":16,"featured_media":0,"parent":0,"menu_order":0,"comment_status":"closed","ping_status":"closed","template":"","meta":{"_et_pb_use_builder":"on","_et_pb_old_content":"","_et_gb_content_width":"","_monsterinsights_skip_tracking":false,"_monsterinsights_sitenote_active":false,"_monsterinsights_sitenote_note":"","_monsterinsights_sitenote_category":0,"footnotes":""},"class_list":["post-33662","page","type-page","status-publish","hentry"],"_links":{"self":[{"href":"https:\/\/awarenessthroughthebody.org\/fr\/wp-json\/wp\/v2\/pages\/33662","targetHints":{"allow":["GET"]}}],"collection":[{"href":"https:\/\/awarenessthroughthebody.org\/fr\/wp-json\/wp\/v2\/pages"}],"about":[{"href":"https:\/\/awarenessthroughthebody.org\/fr\/wp-json\/wp\/v2\/types\/page"}],"author":[{"embeddable":true,"href":"https:\/\/awarenessthroughthebody.org\/fr\/wp-json\/wp\/v2\/users\/16"}],"replies":[{"embeddable":true,"href":"https:\/\/awarenessthroughthebody.org\/fr\/wp-json\/wp\/v2\/comments?post=33662"}],"version-history":[{"count":25,"href":"https:\/\/awarenessthroughthebody.org\/fr\/wp-json\/wp\/v2\/pages\/33662\/revisions"}],"predecessor-version":[{"id":39195,"href":"https:\/\/awarenessthroughthebody.org\/fr\/wp-json\/wp\/v2\/pages\/33662\/revisions\/39195"}],"wp:attachment":[{"href":"https:\/\/awarenessthroughthebody.org\/fr\/wp-json\/wp\/v2\/media?parent=33662"}],"curies":[{"name":"wp","href":"https:\/\/api.w.org\/{rel}","templated":true}]}}