{"id":33656,"date":"2022-03-03T09:48:52","date_gmt":"2022-03-03T09:48:52","guid":{"rendered":"https:\/\/awarenessthroughthebody.org\/devenir-un-facilitateur-certifie\/"},"modified":"2024-10-19T07:08:50","modified_gmt":"2024-10-19T05:08:50","slug":"devenir-un-facilitateur-certifie","status":"publish","type":"page","link":"https:\/\/awarenessthroughthebody.org\/fr\/categories-de-praticiens-atb\/devenir-un-facilitateur-certifie\/","title":{"rendered":"Devenir un Facilitateur Fertifi\u00e9"},"content":{"rendered":"<p>[et_pb_section fb_built=\u00a0\u00bb1&Prime; fullwidth=\u00a0\u00bbon\u00a0\u00bb custom_padding_last_edited=\u00a0\u00bbon|desktop\u00a0\u00bb admin_label=\u00a0\u00bbPage Header\u00a0\u00bb _builder_version=\u00a0\u00bb4.27.2&Prime; use_background_color_gradient=\u00a0\u00bbon\u00a0\u00bb background_color_gradient_stops=\u00a0\u00bbrgba(15,1,2,0.41) 0%|rgba(10,0,0,0.4) 100%\u00a0\u00bb background_color_gradient_overlays_image=\u00a0\u00bbon\u00a0\u00bb background_image=\u00a0\u00bbhttps:\/\/awarenessthroughthebody.org\/wp-content\/uploads\/2021\/09\/img_0627-2.jpg\u00a0\u00bb width_last_edited=\u00a0\u00bboff|phone\u00a0\u00bb min_height_tablet=\u00a0\u00bb18vw\u00a0\u00bb min_height_last_edited=\u00a0\u00bboff|phone\u00a0\u00bb custom_padding=\u00a0\u00bb100px||100px||true|false\u00a0\u00bb custom_padding_tablet=\u00a0\u00bb100px||100px||true|false\u00a0\u00bb custom_padding_phone=\u00a0\u00bb30px||30px||true|false\u00a0\u00bb animation_direction=\u00a0\u00bbtop\u00a0\u00bb custom_css_main_element=\u00a0\u00bbdisplay: flex;||flex-direction: column;||justify-content: center;||\u00a0\u00bb global_colors_info=\u00a0\u00bb{}\u00a0\u00bb][et_pb_fullwidth_header title=\u00a0\u00bbDevenir un Facilitateur Fertifi\u00e9\u00a0\u00bb header_scroll_down=\u00a0\u00bbon\u00a0\u00bb scroll_down_icon_size=\u00a0\u00bb0px\u00a0\u00bb content_max_width=\u00a0\u00bb70%\u00a0\u00bb content_max_width_tablet=\u00a0\u00bb70%\u00a0\u00bb content_max_width_phone=\u00a0\u00bb\u00a0\u00bb content_max_width_last_edited=\u00a0\u00bbon|desktop\u00a0\u00bb admin_label=\u00a0\u00bbHero Section\u00a0\u00bb _builder_version=\u00a0\u00bb4.27.2&Prime; title_font=\u00a0\u00bb&#8211;et_global_heading_font|700|||||||\u00a0\u00bb title_font_size=\u00a0\u00bb60px\u00a0\u00bb title_line_height=\u00a0\u00bb1.4em\u00a0\u00bb content_font_size=\u00a0\u00bb22px\u00a0\u00bb subhead_font=\u00a0\u00bb||||\u00a0\u00bb subhead_text_color=\u00a0\u00bbrgba(0,0,0,0)\u00a0\u00bb background_color=\u00a0\u00bbrgba(255, 255, 255, 0)\u00a0\u00bb use_background_color_gradient=\u00a0\u00bbon\u00a0\u00bb background_color_gradient_type=\u00a0\u00bbcircular\u00a0\u00bb background_color_gradient_stops=\u00a0\u00bbrgba(255,255,255,0) 8%|rgba(0,0,0,0) 66%\u00a0\u00bb background_color_gradient_start=\u00a0\u00bbrgba(255,255,255,0)\u00a0\u00bb background_color_gradient_start_position=\u00a0\u00bb8%\u00a0\u00bb background_color_gradient_end=\u00a0\u00bbrgba(0,0,0,0)\u00a0\u00bb background_color_gradient_end_position=\u00a0\u00bb66%\u00a0\u00bb custom_button_one=\u00a0\u00bbon\u00a0\u00bb button_one_text_size=\u00a0\u00bb16px\u00a0\u00bb button_one_bg_color=\u00a0\u00bb#6eba01&Prime; button_one_border_width=\u00a0\u00bb2px\u00a0\u00bb button_one_border_color=\u00a0\u00bb#6eba01&Prime; button_one_border_radius=\u00a0\u00bb0&Prime; button_one_letter_spacing=\u00a0\u00bb2&Prime; button_one_font=\u00a0\u00bbMontserrat|||on|\u00a0\u00bb button_one_use_icon=\u00a0\u00bboff\u00a0\u00bb custom_button_two=\u00a0\u00bbon\u00a0\u00bb button_two_text_size=\u00a0\u00bb16px\u00a0\u00bb button_two_border_width=\u00a0\u00bb2px\u00a0\u00bb button_two_border_color=\u00a0\u00bb#ffffff\u00a0\u00bb button_two_border_radius=\u00a0\u00bb0&Prime; button_two_letter_spacing=\u00a0\u00bb2&Prime; button_two_font=\u00a0\u00bbMontserrat|||on|\u00a0\u00bb button_two_use_icon=\u00a0\u00bboff\u00a0\u00bb width_last_edited=\u00a0\u00bboff|phone\u00a0\u00bb module_alignment=\u00a0\u00bbcenter\u00a0\u00bb min_height_tablet=\u00a0\u00bb293px\u00a0\u00bb min_height_phone=\u00a0\u00bb\u00a0\u00bb min_height_last_edited=\u00a0\u00bbon|phone\u00a0\u00bb custom_padding=\u00a0\u00bb60px||60px||true|false\u00a0\u00bb custom_padding_tablet=\u00a0\u00bb60px||60px||true|false\u00a0\u00bb custom_padding_phone=\u00a0\u00bb10px||10px||true|false\u00a0\u00bb custom_padding_last_edited=\u00a0\u00bbon|desktop\u00a0\u00bb animation_style=\u00a0\u00bbfade\u00a0\u00bb title_font_size_tablet=\u00a0\u00bb\u00a0\u00bb title_font_size_phone=\u00a0\u00bb45px\u00a0\u00bb title_font_size_last_edited=\u00a0\u00bbon|phone\u00a0\u00bb button_one_text_color_hover=\u00a0\u00bb#6eba01&Prime; button_two_text_color_hover=\u00a0\u00bb#6eba01&Prime; button_one_border_color_hover=\u00a0\u00bb#ffffff\u00a0\u00bb button_two_border_color_hover=\u00a0\u00bb#ffffff\u00a0\u00bb button_one_border_radius_hover=\u00a0\u00bb0&Prime; button_two_border_radius_hover=\u00a0\u00bb0&Prime; button_one_letter_spacing_hover=\u00a0\u00bb2&Prime; button_two_letter_spacing_hover=\u00a0\u00bb2&Prime; button_one_bg_color_hover=\u00a0\u00bb#ffffff\u00a0\u00bb button_two_bg_color_hover=\u00a0\u00bb#ffffff\u00a0\u00bb global_colors_info=\u00a0\u00bb{}\u00a0\u00bb button_one_text_size__hover_enabled=\u00a0\u00bboff\u00a0\u00bb button_two_text_size__hover_enabled=\u00a0\u00bboff\u00a0\u00bb button_one_text_color__hover_enabled=\u00a0\u00bbon\u00a0\u00bb button_one_text_color__hover=\u00a0\u00bb#6eba01&Prime; button_two_text_color__hover_enabled=\u00a0\u00bbon\u00a0\u00bb button_two_text_color__hover=\u00a0\u00bb#6eba01&Prime; button_one_border_width__hover_enabled=\u00a0\u00bboff\u00a0\u00bb button_two_border_width__hover_enabled=\u00a0\u00bboff\u00a0\u00bb button_one_border_color__hover_enabled=\u00a0\u00bbon\u00a0\u00bb button_one_border_color__hover=\u00a0\u00bb#ffffff\u00a0\u00bb button_two_border_color__hover_enabled=\u00a0\u00bbon\u00a0\u00bb button_two_border_color__hover=\u00a0\u00bb#ffffff\u00a0\u00bb button_one_border_radius__hover_enabled=\u00a0\u00bbon\u00a0\u00bb button_one_border_radius__hover=\u00a0\u00bb0&Prime; button_two_border_radius__hover_enabled=\u00a0\u00bbon\u00a0\u00bb button_two_border_radius__hover=\u00a0\u00bb0&Prime; button_one_letter_spacing__hover_enabled=\u00a0\u00bbon\u00a0\u00bb button_one_letter_spacing__hover=\u00a0\u00bb2&Prime; button_two_letter_spacing__hover_enabled=\u00a0\u00bbon\u00a0\u00bb button_two_letter_spacing__hover=\u00a0\u00bb2&Prime; button_one_bg_color__hover_enabled=\u00a0\u00bbon\u00a0\u00bb button_one_bg_color__hover=\u00a0\u00bb#ffffff\u00a0\u00bb button_two_bg_color__hover_enabled=\u00a0\u00bbon\u00a0\u00bb button_two_bg_color__hover=\u00a0\u00bb#ffffff\u00a0\u00bb][\/et_pb_fullwidth_header][\/et_pb_section][et_pb_section fb_built=\u00a0\u00bb1&Prime; _builder_version=\u00a0\u00bb4.22.1&Prime; min_height=\u00a0\u00bb1739.7px\u00a0\u00bb custom_padding=\u00a0\u00bb29px||29px||true|\u00a0\u00bb global_colors_info=\u00a0\u00bb{}\u00a0\u00bb][et_pb_row _builder_version=\u00a0\u00bb4.16&Prime; _module_preset=\u00a0\u00bbdefault\u00a0\u00bb global_colors_info=\u00a0\u00bb{}\u00a0\u00bb][et_pb_column type=\u00a0\u00bb4_4&Prime; _builder_version=\u00a0\u00bb4.16&Prime; _module_preset=\u00a0\u00bbdefault\u00a0\u00bb global_colors_info=\u00a0\u00bb{}\u00a0\u00bb][et_pb_text _builder_version=\u00a0\u00bb4.27.2&Prime; _module_preset=\u00a0\u00bbdefault\u00a0\u00bb hover_enabled=\u00a0\u00bb0&Prime; global_colors_info=\u00a0\u00bb{%22gcid-2039cefd-9fd0-48c8-89ea-3f9f8b539320%22:%91%22header_2_text_color%22%93}\u00a0\u00bb text_text_color=\u00a0\u00bb#6D6D6D\u00a0\u00bb text_font_size_last_edited=\u00a0\u00bbon|phone\u00a0\u00bb sticky_enabled=\u00a0\u00bb0&Prime; text_font_size_phone=\u00a0\u00bb17px\u00a0\u00bb]<\/p>\n<h2>Facilitateurs Certifi\u00e9s<\/h2>\n<p>Apr\u00e8s avoir termin\u00e9 les modules de base et avanc\u00e9s (120 heures), vous pouvez choisir de devenir un facilitateur en formation. En tant que facilitateur ATB en formation, vous devrez commencer \u00e0 utiliser l\u2019ATB r\u00e9guli\u00e8rement, soit en l\u2019int\u00e9grant dans vos cours\/s\u00e9ances, soit en le pratiquant avec de petits groupes d&rsquo;amis.<br \/>Gr\u00e2ce \u00e0 la pratique, vous int\u00e9grerez lentement l\u2019ATB dans votre \u00eatre et vous serez \u00e9galement en mesure de reconna\u00eetre quels \u00e9l\u00e9ments de l\u2019ATB n&rsquo;ont pas \u00e9t\u00e9 assimil\u00e9s et doivent \u00eatre \u00e9tudi\u00e9s plus en profondeur. <\/p>\n<p>\u00c0 partir de l\u00e0, vous devrez suivre un minimum de <em>120 heures suppl\u00e9mentaires<\/em> d&rsquo;intensifs ATB en <em>r\u00e9p\u00e9tant<\/em> les modules de base et avanc\u00e9s.<br \/>Tout en continuant \u00e0 int\u00e9grer l\u2019ATB, pour vous aider \u00e0 structurer et approfondir votre travail vers la certification en tant que facilitateur ATB, vous devrez vous conformer et soumettre ce qui suit :<\/p>\n<p>[\/et_pb_text][\/et_pb_column][\/et_pb_row][et_pb_row column_structure=\u00a0\u00bb1_2,1_2&Prime; custom_padding_last_edited=\u00a0\u00bbon|phone\u00a0\u00bb _builder_version=\u00a0\u00bb4.27.2&Prime; custom_margin_tablet=\u00a0\u00bb\u00a0\u00bb custom_margin_phone=\u00a0\u00bb0px||||false|false\u00a0\u00bb custom_margin_last_edited=\u00a0\u00bbon|phone\u00a0\u00bb custom_padding_tablet=\u00a0\u00bb\u00a0\u00bb custom_padding_phone=\u00a0\u00bb0px||||false|false\u00a0\u00bb global_colors_info=\u00a0\u00bb{}\u00a0\u00bb][et_pb_column type=\u00a0\u00bb1_2&Prime; _builder_version=\u00a0\u00bb4.16&Prime; global_colors_info=\u00a0\u00bb{}\u00a0\u00bb][et_pb_text _builder_version=\u00a0\u00bb4.27.2&Prime; header_font=\u00a0\u00bb|||on|||||\u00a0\u00bb header_2_font=\u00a0\u00bb|700||on|||||\u00a0\u00bb header_2_font_size=\u00a0\u00bb29px\u00a0\u00bb min_height=\u00a0\u00bb13px\u00a0\u00bb custom_margin=\u00a0\u00bb||||false|false\u00a0\u00bb custom_padding=\u00a0\u00bb0px||0px||false|false\u00a0\u00bb hover_enabled=\u00a0\u00bb0&Prime; global_colors_info=\u00a0\u00bb{}\u00a0\u00bb sticky_enabled=\u00a0\u00bb0&Prime;]<\/p>\n<h3>Exploration Personnelle<\/h3>\n<p>[\/et_pb_text][et_pb_text _builder_version=\u00a0\u00bb4.27.2&Prime; min_height=\u00a0\u00bb105px\u00a0\u00bb custom_padding=\u00a0\u00bb4px||0px|||\u00a0\u00bb hover_enabled=\u00a0\u00bb0&Prime; global_colors_info=\u00a0\u00bb{%22gcid-2039cefd-9fd0-48c8-89ea-3f9f8b539320%22:%91%22header_2_text_color%22%93}\u00a0\u00bb text_text_color=\u00a0\u00bb#6D6D6D\u00a0\u00bb text_font_size_last_edited=\u00a0\u00bbon|phone\u00a0\u00bb sticky_enabled=\u00a0\u00bb0&Prime; text_font_size_phone=\u00a0\u00bb17px\u00a0\u00bb]<\/p>\n<p>Enregistrez 50 heures d\u2019exploration personnelle avec une br\u00e8ve description de l\u2019essence de votre exp\u00e9rience. Un exemple de fiche peut \u00eatre t\u00e9l\u00e9charg\u00e9 <a href=\"https:\/\/awarenessthroughthebody.org\/wp-content\/uploads\/2021\/10\/1.0-ATB-Self-sensing-log-table.pdf\" target=\"_blank\" rel=\"noopener noreferrer\">ici.<\/a><\/p>\n<p>Travaillez r\u00e9guli\u00e8rement avec les exercices ATB, seul ou avec un partenaire si n\u00e9cessaire (comme pour le mod\u00e9lage). Pour que vous puissiez les int\u00e9grer dans votre corps et am\u00e9liorer votre conscience de ce que chaque exercice aborde et vous apporte.<br \/>Vous devrez \u00e9galement vous engager dans une pratique corporelle r\u00e9guli\u00e8re en y int\u00e9grant l&rsquo;approche ATB.<\/p>\n<p>[\/et_pb_text][\/et_pb_column][et_pb_column type=\u00a0\u00bb1_2&Prime; _builder_version=\u00a0\u00bb4.16&Prime; global_colors_info=\u00a0\u00bb{}\u00a0\u00bb][et_pb_image src=\u00a0\u00bbhttps:\/\/awarenessthroughthebody.org\/wp-content\/uploads\/2021\/08\/dsc01246.jpg\u00a0\u00bb title_text=\u00a0\u00bbdsc01246&Prime; align=\u00a0\u00bbcenter\u00a0\u00bb _builder_version=\u00a0\u00bb4.16&Prime; width=\u00a0\u00bb90%\u00a0\u00bb border_radii=\u00a0\u00bbon|5px|5px|5px|5px\u00a0\u00bb global_colors_info=\u00a0\u00bb{}\u00a0\u00bb][\/et_pb_image][\/et_pb_column][\/et_pb_row][et_pb_row column_structure=\u00a0\u00bb1_2,1_2&Prime; custom_padding_last_edited=\u00a0\u00bbon|phone\u00a0\u00bb module_class=\u00a0\u00bbcustom_row\u00a0\u00bb _builder_version=\u00a0\u00bb4.27.2&Prime; _module_preset=\u00a0\u00bbdefault\u00a0\u00bb custom_margin_tablet=\u00a0\u00bb\u00a0\u00bb custom_margin_phone=\u00a0\u00bb0px||0px||true|false\u00a0\u00bb custom_margin_last_edited=\u00a0\u00bbon|phone\u00a0\u00bb custom_padding_tablet=\u00a0\u00bb\u00a0\u00bb custom_padding_phone=\u00a0\u00bb0px||0px||true|false\u00a0\u00bb global_colors_info=\u00a0\u00bb{}\u00a0\u00bb][et_pb_column type=\u00a0\u00bb1_2&Prime; module_class=\u00a0\u00bbsecond-on-mobile\u00a0\u00bb _builder_version=\u00a0\u00bb4.16&Prime; _module_preset=\u00a0\u00bbdefault\u00a0\u00bb global_colors_info=\u00a0\u00bb{}\u00a0\u00bb][et_pb_image src=\u00a0\u00bbhttps:\/\/awarenessthroughthebody.org\/wp-content\/uploads\/2021\/09\/dsc00298-2.jpg\u00a0\u00bb title_text=\u00a0\u00bbdsc00298-2&Prime; align=\u00a0\u00bbcenter\u00a0\u00bb _builder_version=\u00a0\u00bb4.27.2&Prime; _module_preset=\u00a0\u00bbdefault\u00a0\u00bb width=\u00a0\u00bb100%\u00a0\u00bb custom_margin_tablet=\u00a0\u00bb\u00a0\u00bb custom_margin_phone=\u00a0\u00bb20px||||false|false\u00a0\u00bb custom_margin_last_edited=\u00a0\u00bbon|phone\u00a0\u00bb border_radii=\u00a0\u00bbon|5px|5px|5px|5px\u00a0\u00bb global_colors_info=\u00a0\u00bb{}\u00a0\u00bb][\/et_pb_image][\/et_pb_column][et_pb_column type=\u00a0\u00bb1_2&Prime; module_class=\u00a0\u00bbfirst-on-mobile\u00a0\u00bb _builder_version=\u00a0\u00bb4.16&Prime; _module_preset=\u00a0\u00bbdefault\u00a0\u00bb global_colors_info=\u00a0\u00bb{}\u00a0\u00bb][et_pb_text _builder_version=\u00a0\u00bb4.27.2&Prime; _module_preset=\u00a0\u00bbdefault\u00a0\u00bb custom_padding=\u00a0\u00bb6px|||||\u00a0\u00bb global_colors_info=\u00a0\u00bb{}\u00a0\u00bb]<\/p>\n<h3>Pratique avec des Groupes<\/h3>\n<p>[\/et_pb_text][et_pb_text _builder_version=\u00a0\u00bb4.27.2&Prime; _module_preset=\u00a0\u00bbdefault\u00a0\u00bb min_height=\u00a0\u00bb12px\u00a0\u00bb custom_margin=\u00a0\u00bb-35px|||||\u00a0\u00bb custom_padding=\u00a0\u00bb0px|||||\u00a0\u00bb hover_enabled=\u00a0\u00bb0&Prime; global_colors_info=\u00a0\u00bb{%22gcid-2039cefd-9fd0-48c8-89ea-3f9f8b539320%22:%91%22header_2_text_color%22%93}\u00a0\u00bb text_text_color=\u00a0\u00bb#6D6D6D\u00a0\u00bb text_font_size_last_edited=\u00a0\u00bbon|phone\u00a0\u00bb sticky_enabled=\u00a0\u00bb0&Prime; text_font_size_phone=\u00a0\u00bb17px\u00a0\u00bb]<\/p>\n<p>Pendant la p\u00e9riode de practique comme facilitateur de groupes, vous devrez creer des plans de classe et enregistrer les s\u00e9ances que vous faites sur un journal de bord.<\/p>\n<p>Un exemple de <strong>Journal de bord<\/strong> peut \u00eatre t\u00e9l\u00e9charg\u00e9 <a href=\"https:\/\/awarenessthroughthebody.org\/wp-content\/uploads\/2021\/10\/1.0-ATB-Sessions-Log-Sheet.pdf\" target=\"_blank\" rel=\"noopener noreferrer\">ici<\/a><\/p>\n<p>Dans le journal de bord, vous enregistrez un schema pour chaque session que vous faites, avec un aper\u00e7u de la session et vos r\u00e9flexions sur la fa\u00e7on de continuer \u00e0 vous am\u00e9liorer d\u2019une session \u00e0 l\u2019autre.<\/p>\n<p>[\/et_pb_text][\/et_pb_column][\/et_pb_row][et_pb_row _builder_version=\u00a0\u00bb4.16&Prime; _module_preset=\u00a0\u00bbdefault\u00a0\u00bb min_height=\u00a0\u00bb189px\u00a0\u00bb custom_margin=\u00a0\u00bb5px|auto||auto||\u00a0\u00bb global_colors_info=\u00a0\u00bb{}\u00a0\u00bb][et_pb_column type=\u00a0\u00bb4_4&Prime; _builder_version=\u00a0\u00bb4.16&Prime; _module_preset=\u00a0\u00bbdefault\u00a0\u00bb global_colors_info=\u00a0\u00bb{}\u00a0\u00bb][et_pb_text _builder_version=\u00a0\u00bb4.27.2&Prime; _module_preset=\u00a0\u00bbdefault\u00a0\u00bb custom_margin=\u00a0\u00bb-19px|||||\u00a0\u00bb hover_enabled=\u00a0\u00bb0&Prime; global_colors_info=\u00a0\u00bb{%22gcid-2039cefd-9fd0-48c8-89ea-3f9f8b539320%22:%91%22header_2_text_color%22%93}\u00a0\u00bb text_text_color=\u00a0\u00bb#6D6D6D\u00a0\u00bb text_font_size_last_edited=\u00a0\u00bbon|phone\u00a0\u00bb sticky_enabled=\u00a0\u00bb0&Prime; text_font_size_phone=\u00a0\u00bb17px\u00a0\u00bb]<\/p>\n<p>Enregistrez 50 heures de pratiques (journal de sessions) comme facilitateur d\u2019un groupe. dont 25 doivent \u00eatre effectu\u00e9es imp\u00e9rativement apr\u00e9s avoir termin\u00e9 un deuxieme cycle de formation.<\/p>\n<p>Pour aller plus loin que le journal de sessions, qui permet une vue d\u2019ensemble d\u2019une s\u00e9ance avec vos observations et feedback personel, le plan de classe, beaucoup plus d\u00e9taill\u00e9, vous permet de raffiner et approfondir la comprehension du th\u00e8me que vous facilitez. Un exemple de <strong>Plans de classe<\/strong> peut \u00eatre t\u00e9lecharg\u00e9 <a href=\"https:\/\/awarenessthroughthebody.org\/wp-content\/uploads\/2021\/10\/1.0-atb-class-plan-sample.pdf\" target=\"_blank\" rel=\"noopener noreferrer\">ici.<\/a><\/p>\n<p>Vous devrez pr\u00e9senter 10 plans de classe qui ont bien fonctionn\u00e9 \u00e0 partir des sessions que vous avez faites et que vous avez enregistr\u00e9es dans le journal de bord, ou des nouveaux si vous pr\u00e9f\u00e9rez.<\/p>\n<p>[\/et_pb_text][\/et_pb_column][\/et_pb_row][et_pb_row column_structure=\u00a0\u00bb1_2,1_2&Prime; custom_padding_last_edited=\u00a0\u00bbon|phone\u00a0\u00bb _builder_version=\u00a0\u00bb4.27.2&Prime; custom_margin_tablet=\u00a0\u00bb\u00a0\u00bb custom_margin_phone=\u00a0\u00bb0px||||false|false\u00a0\u00bb custom_margin_last_edited=\u00a0\u00bbon|phone\u00a0\u00bb custom_padding_tablet=\u00a0\u00bb\u00a0\u00bb custom_padding_phone=\u00a0\u00bb0px||||false|false\u00a0\u00bb global_colors_info=\u00a0\u00bb{}\u00a0\u00bb][et_pb_column type=\u00a0\u00bb1_2&Prime; _builder_version=\u00a0\u00bb4.16&Prime; global_colors_info=\u00a0\u00bb{}\u00a0\u00bb][et_pb_text _builder_version=\u00a0\u00bb4.27.2&Prime; header_font=\u00a0\u00bb|||on|||||\u00a0\u00bb header_2_font=\u00a0\u00bb|700||on|||||\u00a0\u00bb header_2_font_size=\u00a0\u00bb29px\u00a0\u00bb min_height=\u00a0\u00bb44px\u00a0\u00bb custom_margin=\u00a0\u00bb2px||-2px|||\u00a0\u00bb custom_padding=\u00a0\u00bb0px||0px|||\u00a0\u00bb hover_enabled=\u00a0\u00bb0&Prime; global_colors_info=\u00a0\u00bb{%22gcid-2039cefd-9fd0-48c8-89ea-3f9f8b539320%22:%91%22header_2_text_color%22%93}\u00a0\u00bb text_text_color=\u00a0\u00bb#6D6D6D\u00a0\u00bb text_font_size_last_edited=\u00a0\u00bbon|phone\u00a0\u00bb sticky_enabled=\u00a0\u00bb0&Prime; text_font_size_phone=\u00a0\u00bb17px\u00a0\u00bb]<\/p>\n<h3>Anatomie<\/h3>\n<p>Vous devrez soumettre une accr\u00e9ditation pour un cours d\u2019anatomie de base. Un minimum de connaissance du corps est indispensable pour pratiquer ATB : squelette, muscles, organes et syst\u00e8me nerveux.<\/p>\n<h3>Sur ATB :<\/h3>\n<p>R\u00e9digez une reflexion sur ATB:<\/p>\n<ul>\n<li>Qu\u2019est ce que c\u2019est ATB pour vous ?<\/li>\n<li>Comment ATB vous affecte-t\u2019il et comment cela affecte votre vie ?<\/li>\n<li>Qu\u2019est-ce que vous croyez ou ressentez qu\u2019ATB peut apporter aux autres \/ \u00e0 la soci\u00e9t\u00e9 ?<\/li>\n<\/ul>\n<p>[\/et_pb_text][\/et_pb_column][et_pb_column type=\u00a0\u00bb1_2&Prime; _builder_version=\u00a0\u00bb4.16&Prime; global_colors_info=\u00a0\u00bb{}\u00a0\u00bb][et_pb_image src=\u00a0\u00bbhttps:\/\/awarenessthroughthebody.org\/wp-content\/uploads\/2021\/09\/img_6196.jpg\u00a0\u00bb title_text=\u00a0\u00bbimg_6196&Prime; align=\u00a0\u00bbcenter\u00a0\u00bb _builder_version=\u00a0\u00bb4.16&Prime; width=\u00a0\u00bb89%\u00a0\u00bb border_radii=\u00a0\u00bbon|5px|5px|5px|5px\u00a0\u00bb global_colors_info=\u00a0\u00bb{}\u00a0\u00bb][\/et_pb_image][\/et_pb_column][\/et_pb_row][et_pb_row _builder_version=\u00a0\u00bb4.16&Prime; _module_preset=\u00a0\u00bbdefault\u00a0\u00bb global_colors_info=\u00a0\u00bb{}\u00a0\u00bb][et_pb_column type=\u00a0\u00bb4_4&Prime; _builder_version=\u00a0\u00bb4.16&Prime; _module_preset=\u00a0\u00bbdefault\u00a0\u00bb global_colors_info=\u00a0\u00bb{}\u00a0\u00bb][et_pb_text _builder_version=\u00a0\u00bb4.27.2&Prime; _module_preset=\u00a0\u00bbdefault\u00a0\u00bb hover_enabled=\u00a0\u00bb0&Prime; global_colors_info=\u00a0\u00bb{%22gcid-2039cefd-9fd0-48c8-89ea-3f9f8b539320%22:%91%22header_2_text_color%22%93}\u00a0\u00bb text_text_color=\u00a0\u00bb#6D6D6D\u00a0\u00bb text_font_size_last_edited=\u00a0\u00bbon|phone\u00a0\u00bb sticky_enabled=\u00a0\u00bb0&Prime; text_font_size_phone=\u00a0\u00bb17px\u00a0\u00bb]<\/p>\n<h3>S\u00e9ance de facilitation<\/h3>\n<p>Une fois que les conditions ci-dessus sont remplies et apr\u00e8s avoir travaill\u00e9 sur les retours re\u00e7us, avec le coaching d&rsquo;un formateur ATB, vous devrez nous envoyer une vid\u00e9o d&rsquo;environ une heure d&rsquo;une s\u00e9ance que vous facilitez. Nous vous donnerons ensuite des retours pour vous aider \u00e0 progresser davantage. Travailler avec des enregistrements vid\u00e9o des s\u00e9ances prendra un temps diff\u00e9rent pour chaque personne.  <\/p>\n<p>Plus tard, lorsque vous vous sentirez pr\u00eat, nous proc\u00e9derons \u00e0 l&rsquo;organisation logistique d&rsquo;une s\u00e9ance de 2 heures pour un groupe dans lequel un formateur qualifi\u00e9 sera pr\u00e9sent.<\/p>\n<p>\u00c0 la suite de cette session de 2 heures, vous recevrez des retours suppl\u00e9mentaires sur les points \u00e0 am\u00e9liorer.<br \/>Notez que plusieurs sessions en direct peuvent parfois \u00eatre n\u00e9cessaires.<br \/>Une fois que vous aurez int\u00e9gr\u00e9 les bases de l&rsquo;ATB, vous serez certifi\u00e9 en tant que facilitateur ATB..<\/p>\n<p><em>Puisque tout ce qui est requis fait partie d\u2019un processus d\u2019apprentissage, le fait d\u2019avoir accomplit ce qui pr\u00e9c\u00e8de ne signifie pas n\u00e9cessairement que vous obtiendrez la certification. Il se peut que vous deviez refaire une partie de cela et\/ou travailler sur des points sp\u00e9cifiques.<\/em><\/p>\n<p>[\/et_pb_text][et_pb_text _builder_version=\u00a0\u00bb4.27.2&Prime; _module_preset=\u00a0\u00bbdefault\u00a0\u00bb hover_enabled=\u00a0\u00bb0&Prime; global_colors_info=\u00a0\u00bb{%22gcid-2039cefd-9fd0-48c8-89ea-3f9f8b539320%22:%91%22header_2_text_color%22%93}\u00a0\u00bb text_text_color=\u00a0\u00bb#6D6D6D\u00a0\u00bb text_font_size_last_edited=\u00a0\u00bbon|phone\u00a0\u00bb sticky_enabled=\u00a0\u00bb0&Prime; text_font_size_phone=\u00a0\u00bb17px\u00a0\u00bb]<\/p>\n<h2>Formation P\u00e9dagogique<\/h2>\n<p><em>\u00c9veil de la conscience par le corps n\u2019offre pas de formation p\u00e9dagogique g\u00e9n\u00e9rale et si vous n\u2019\u00eates pas un enseignant ou un th\u00e9rapeute, et que vous souhaitez travailler avec des enfants, vous pouvez en outre avoir besoin d\u2019obtenir une formation dans ce domaine.<\/em><\/p>\n<p>[\/et_pb_text][et_pb_text _builder_version=\u00a0\u00bb4.27.2&Prime; _module_preset=\u00a0\u00bbdefault\u00a0\u00bb hover_enabled=\u00a0\u00bb0&Prime; global_colors_info=\u00a0\u00bb{%22gcid-2039cefd-9fd0-48c8-89ea-3f9f8b539320%22:%91%22header_2_text_color%22%93}\u00a0\u00bb text_text_color=\u00a0\u00bb#6D6D6D\u00a0\u00bb text_font_size_last_edited=\u00a0\u00bbon|phone\u00a0\u00bb sticky_enabled=\u00a0\u00bb0&Prime; text_font_size_phone=\u00a0\u00bb17px\u00a0\u00bb]<\/p>\n<h2>\u00catre un Facilitateur Certifi\u00e9<\/h2>\n<p>La Certification de Facilitateur ATB atteste que la personne qui la poss\u00e8de est qualifi\u00e9e pour mettre en \u0153uvre des programmes ATB, animer des s\u00e9ances ATB et diriger des ateliers exploratoires ATB. Cependant, cette certification ne qualifie pas la personne \u00e0 former des gens qui veulent devenir des facilitateurs certifi\u00e9s ATB; ceci est fait par un <strong>formateur ATB<\/strong>.<\/p>\n<p><strong>Vous devez vous engager<\/strong> \u00e0 continuer \u00e0 vous d\u00e9velopper et \u00e0 int\u00e9grer la prise de conscience dans votre vie. Vous aurez besoin d\u2019avoir <strong>une pratique quotidienne o\u00f9 vous explorez vous-m\u00eame.<\/strong> Il peut \u00eatre utile de s\u2019inscrire \u00e0 une discipline physique qui favorise la prise de conscience, telle que le tai chi, le feldenkrais, le hatha yoga, etc\u2026 et de la suivre en y appliquant les principes d\u2019ATB.<\/p>\n<p>[\/et_pb_text][\/et_pb_column][\/et_pb_row][\/et_pb_section]<\/p>\n","protected":false},"excerpt":{"rendered":"<p>Facilitateurs Certifi\u00e9s Apr\u00e8s avoir termin\u00e9 les modules de base et avanc\u00e9s (120 heures), vous pouvez choisir de devenir un facilitateur en formation. En tant que facilitateur ATB en formation, vous devrez commencer \u00e0 utiliser l\u2019ATB r\u00e9guli\u00e8rement, soit en l\u2019int\u00e9grant dans vos cours\/s\u00e9ances, soit en le pratiquant avec de petits groupes d&rsquo;amis.Gr\u00e2ce \u00e0 la pratique, vous [&hellip;]<\/p>\n","protected":false},"author":16,"featured_media":0,"parent":33651,"menu_order":0,"comment_status":"closed","ping_status":"closed","template":"","meta":{"_et_pb_use_builder":"on","_et_pb_old_content":"","_et_gb_content_width":"","_monsterinsights_skip_tracking":false,"_monsterinsights_sitenote_active":false,"_monsterinsights_sitenote_note":"","_monsterinsights_sitenote_category":0,"footnotes":""},"class_list":["post-33656","page","type-page","status-publish","hentry"],"_links":{"self":[{"href":"https:\/\/awarenessthroughthebody.org\/fr\/wp-json\/wp\/v2\/pages\/33656","targetHints":{"allow":["GET"]}}],"collection":[{"href":"https:\/\/awarenessthroughthebody.org\/fr\/wp-json\/wp\/v2\/pages"}],"about":[{"href":"https:\/\/awarenessthroughthebody.org\/fr\/wp-json\/wp\/v2\/types\/page"}],"author":[{"embeddable":true,"href":"https:\/\/awarenessthroughthebody.org\/fr\/wp-json\/wp\/v2\/users\/16"}],"replies":[{"embeddable":true,"href":"https:\/\/awarenessthroughthebody.org\/fr\/wp-json\/wp\/v2\/comments?post=33656"}],"version-history":[{"count":15,"href":"https:\/\/awarenessthroughthebody.org\/fr\/wp-json\/wp\/v2\/pages\/33656\/revisions"}],"predecessor-version":[{"id":38649,"href":"https:\/\/awarenessthroughthebody.org\/fr\/wp-json\/wp\/v2\/pages\/33656\/revisions\/38649"}],"up":[{"embeddable":true,"href":"https:\/\/awarenessthroughthebody.org\/fr\/wp-json\/wp\/v2\/pages\/33651"}],"wp:attachment":[{"href":"https:\/\/awarenessthroughthebody.org\/fr\/wp-json\/wp\/v2\/media?parent=33656"}],"curies":[{"name":"wp","href":"https:\/\/api.w.org\/{rel}","templated":true}]}}