{"id":33642,"date":"2022-03-03T09:45:55","date_gmt":"2022-03-03T09:45:55","guid":{"rendered":"https:\/\/awarenessthroughthebody.org\/outils-de-base-datb\/"},"modified":"2024-10-26T11:06:00","modified_gmt":"2024-10-26T09:06:00","slug":"outils-de-base-datb","status":"publish","type":"page","link":"https:\/\/awarenessthroughthebody.org\/fr\/modules-atb\/outils-de-base-datb\/","title":{"rendered":"Instruments de Base d&rsquo;ATB"},"content":{"rendered":"<p>[et_pb_section fb_built=\u00a0\u00bb1&Prime; fullwidth=\u00a0\u00bbon\u00a0\u00bb custom_padding_last_edited=\u00a0\u00bbon|phone\u00a0\u00bb admin_label=\u00a0\u00bbPage Header\u00a0\u00bb _builder_version=\u00a0\u00bb4.27.2&Prime; use_background_color_gradient=\u00a0\u00bbon\u00a0\u00bb background_color_gradient_stops=\u00a0\u00bbrgba(0,0,0,0.4) 0%|rgba(0,0,0,0.41) 99%\u00a0\u00bb background_color_gradient_overlays_image=\u00a0\u00bbon\u00a0\u00bb background_image=\u00a0\u00bbhttps:\/\/awarenessthroughthebody.org\/wp-content\/uploads\/2021\/08\/the-goal-and-principles-atb-header.jpg\u00a0\u00bb min_height=\u00a0\u00bb400px\u00a0\u00bb min_height_tablet=\u00a0\u00bb400px\u00a0\u00bb min_height_phone=\u00a0\u00bb400px\u00a0\u00bb min_height_last_edited=\u00a0\u00bbon|phone\u00a0\u00bb custom_margin_tablet=\u00a0\u00bb\u00a0\u00bb custom_margin_phone=\u00a0\u00bb0px||0px||true|false\u00a0\u00bb custom_margin_last_edited=\u00a0\u00bbon|phone\u00a0\u00bb custom_padding_tablet=\u00a0\u00bb\u00a0\u00bb custom_padding_phone=\u00a0\u00bb40px||40px||true|false\u00a0\u00bb animation_direction=\u00a0\u00bbtop\u00a0\u00bb custom_css_main_element=\u00a0\u00bbdisplay: flex;||flex-direction: column;||justify-content: center;||\u00a0\u00bb global_colors_info=\u00a0\u00bb{}\u00a0\u00bb][et_pb_fullwidth_header title=\u00a0\u00bbInstruments de Base d&#039;ATB\u00a0\u00bb text_orientation=\u00a0\u00bbcenter\u00a0\u00bb header_scroll_down=\u00a0\u00bbon\u00a0\u00bb scroll_down_icon_size=\u00a0\u00bb0px\u00a0\u00bb admin_label=\u00a0\u00bbHero Section\u00a0\u00bb _builder_version=\u00a0\u00bb4.27.2&Prime; title_font=\u00a0\u00bbPlayfair Display|700|||||||\u00a0\u00bb title_font_size=\u00a0\u00bb60px\u00a0\u00bb title_line_height=\u00a0\u00bb1.3em\u00a0\u00bb content_font_size=\u00a0\u00bb22px\u00a0\u00bb subhead_font=\u00a0\u00bb||||\u00a0\u00bb subhead_text_color=\u00a0\u00bbrgba(0,0,0,0)\u00a0\u00bb background_color=\u00a0\u00bbrgba(255, 255, 255, 0)\u00a0\u00bb use_background_color_gradient=\u00a0\u00bbon\u00a0\u00bb background_color_gradient_type=\u00a0\u00bbcircular\u00a0\u00bb background_color_gradient_stops=\u00a0\u00bbrgba(255,255,255,0) 8%|rgba(0,0,0,0) 66%\u00a0\u00bb background_color_gradient_start=\u00a0\u00bbrgba(255,255,255,0)\u00a0\u00bb background_color_gradient_start_position=\u00a0\u00bb8%\u00a0\u00bb background_color_gradient_end=\u00a0\u00bbrgba(0,0,0,0)\u00a0\u00bb background_color_gradient_end_position=\u00a0\u00bb66%\u00a0\u00bb custom_button_one=\u00a0\u00bbon\u00a0\u00bb button_one_text_size=\u00a0\u00bb16px\u00a0\u00bb button_one_bg_color=\u00a0\u00bb#6eba01&Prime; button_one_border_width=\u00a0\u00bb2px\u00a0\u00bb button_one_border_color=\u00a0\u00bb#6eba01&Prime; button_one_border_radius=\u00a0\u00bb0&Prime; button_one_letter_spacing=\u00a0\u00bb2&Prime; button_one_font=\u00a0\u00bbMontserrat|||on|\u00a0\u00bb button_one_use_icon=\u00a0\u00bboff\u00a0\u00bb custom_button_two=\u00a0\u00bbon\u00a0\u00bb button_two_text_size=\u00a0\u00bb16px\u00a0\u00bb button_two_border_width=\u00a0\u00bb2px\u00a0\u00bb button_two_border_color=\u00a0\u00bb#ffffff\u00a0\u00bb button_two_border_radius=\u00a0\u00bb0&Prime; button_two_letter_spacing=\u00a0\u00bb2&Prime; button_two_font=\u00a0\u00bbMontserrat|||on|\u00a0\u00bb button_two_use_icon=\u00a0\u00bboff\u00a0\u00bb module_alignment=\u00a0\u00bbleft\u00a0\u00bb custom_padding=\u00a0\u00bb120px||||false|false\u00a0\u00bb custom_padding_tablet=\u00a0\u00bb120px||||false|false\u00a0\u00bb custom_padding_phone=\u00a0\u00bb0px||||false|false\u00a0\u00bb custom_padding_last_edited=\u00a0\u00bbon|phone\u00a0\u00bb animation_style=\u00a0\u00bbfade\u00a0\u00bb hover_enabled=\u00a0\u00bb0&Prime; title_font_tablet=\u00a0\u00bb&#8211;et_global_heading_font|700|||||||\u00a0\u00bb title_font_phone=\u00a0\u00bb&#8211;et_global_heading_font|700|||||||\u00a0\u00bb title_font_last_edited=\u00a0\u00bbon|phone\u00a0\u00bb title_font_size_tablet=\u00a0\u00bb\u00a0\u00bb title_font_size_phone=\u00a0\u00bb40px\u00a0\u00bb title_font_size_last_edited=\u00a0\u00bbon|phone\u00a0\u00bb button_one_text_color_hover=\u00a0\u00bb#6eba01&Prime; button_two_text_color_hover=\u00a0\u00bb#6eba01&Prime; button_one_border_color_hover=\u00a0\u00bb#ffffff\u00a0\u00bb button_two_border_color_hover=\u00a0\u00bb#ffffff\u00a0\u00bb button_one_border_radius_hover=\u00a0\u00bb0&Prime; button_two_border_radius_hover=\u00a0\u00bb0&Prime; button_one_letter_spacing_hover=\u00a0\u00bb2&Prime; button_two_letter_spacing_hover=\u00a0\u00bb2&Prime; button_one_bg_color_hover=\u00a0\u00bb#ffffff\u00a0\u00bb button_two_bg_color_hover=\u00a0\u00bb#ffffff\u00a0\u00bb global_colors_info=\u00a0\u00bb{}\u00a0\u00bb button_one_text_size__hover_enabled=\u00a0\u00bboff\u00a0\u00bb button_two_text_size__hover_enabled=\u00a0\u00bboff\u00a0\u00bb button_one_text_color__hover_enabled=\u00a0\u00bbon\u00a0\u00bb button_one_text_color__hover=\u00a0\u00bb#6eba01&Prime; button_two_text_color__hover_enabled=\u00a0\u00bbon\u00a0\u00bb button_two_text_color__hover=\u00a0\u00bb#6eba01&Prime; button_one_border_width__hover_enabled=\u00a0\u00bboff\u00a0\u00bb button_two_border_width__hover_enabled=\u00a0\u00bboff\u00a0\u00bb button_one_border_color__hover_enabled=\u00a0\u00bbon\u00a0\u00bb button_one_border_color__hover=\u00a0\u00bb#ffffff\u00a0\u00bb button_two_border_color__hover_enabled=\u00a0\u00bbon\u00a0\u00bb button_two_border_color__hover=\u00a0\u00bb#ffffff\u00a0\u00bb button_one_border_radius__hover_enabled=\u00a0\u00bbon\u00a0\u00bb button_one_border_radius__hover=\u00a0\u00bb0&Prime; button_two_border_radius__hover_enabled=\u00a0\u00bbon\u00a0\u00bb button_two_border_radius__hover=\u00a0\u00bb0&Prime; button_one_letter_spacing__hover_enabled=\u00a0\u00bbon\u00a0\u00bb button_one_letter_spacing__hover=\u00a0\u00bb2&Prime; button_two_letter_spacing__hover_enabled=\u00a0\u00bbon\u00a0\u00bb button_two_letter_spacing__hover=\u00a0\u00bb2&Prime; button_one_bg_color__hover_enabled=\u00a0\u00bbon\u00a0\u00bb button_one_bg_color__hover=\u00a0\u00bb#ffffff\u00a0\u00bb button_two_bg_color__hover_enabled=\u00a0\u00bbon\u00a0\u00bb button_two_bg_color__hover=\u00a0\u00bb#ffffff\u00a0\u00bb sticky_enabled=\u00a0\u00bb0&Prime;][\/et_pb_fullwidth_header][\/et_pb_section][et_pb_section fb_built=\u00a0\u00bb1&Prime; _builder_version=\u00a0\u00bb4.27.2&Prime; custom_margin=\u00a0\u00bb||||false|false\u00a0\u00bb custom_padding=\u00a0\u00bb30px||30px||false|false\u00a0\u00bb global_colors_info=\u00a0\u00bb{}\u00a0\u00bb][et_pb_row _builder_version=\u00a0\u00bb4.16&Prime; _module_preset=\u00a0\u00bbdefault\u00a0\u00bb custom_margin=\u00a0\u00bb-1px|auto||auto||\u00a0\u00bb global_colors_info=\u00a0\u00bb{}\u00a0\u00bb][et_pb_column type=\u00a0\u00bb4_4&Prime; _builder_version=\u00a0\u00bb4.16&Prime; _module_preset=\u00a0\u00bbdefault\u00a0\u00bb global_colors_info=\u00a0\u00bb{}\u00a0\u00bb][et_pb_text _builder_version=\u00a0\u00bb4.27.2&Prime; _module_preset=\u00a0\u00bbdefault\u00a0\u00bb header_2_line_height=\u00a0\u00bb1.8em\u00a0\u00bb hover_enabled=\u00a0\u00bb0&Prime; header_2_line_height_tablet=\u00a0\u00bb1.8em\u00a0\u00bb header_2_line_height_phone=\u00a0\u00bb1.3em\u00a0\u00bb header_2_line_height_last_edited=\u00a0\u00bbon|phone\u00a0\u00bb global_colors_info=\u00a0\u00bb{%22gcid-2039cefd-9fd0-48c8-89ea-3f9f8b539320%22:%91%22header_2_text_color%22%93}\u00a0\u00bb text_text_color=\u00a0\u00bb#6D6D6D\u00a0\u00bb text_font_size_last_edited=\u00a0\u00bbon|phone\u00a0\u00bb sticky_enabled=\u00a0\u00bb0&Prime; text_font_size_phone=\u00a0\u00bb17px\u00a0\u00bb]<\/p>\n<h2>ATB \u00e0 la Maternelle. Les Outils de Base <\/h2>\n<p><span style=\"color: #6e9bb3;\"><strong>Atelier d\u2019une journ\u00e9e<\/strong><\/span><\/p>\n<p style=\"text-align: justify;\">Ce module pr\u00e9sente les outils fondamentaux de l&rsquo;\u00c9veil de la conscience par le corps. Nous explorons comment appliquer l&rsquo;ATB avec des enfants en \u00e2ge de maternelle \u00e0 travers des jeux et des activit\u00e9s ludiques. La plupart de ces activit\u00e9s, explor\u00e9es differemment, sont \u00e9galement utiles pour initier des personnes de tout \u00e2ge \u00e0 l\u2019ATB.<\/p>\n<p>[\/et_pb_text][\/et_pb_column][\/et_pb_row][et_pb_row column_structure=\u00a0\u00bb1_2,1_2&Prime; _builder_version=\u00a0\u00bb4.27.2&Prime; custom_margin=\u00a0\u00bb0px||||false|false\u00a0\u00bb custom_margin_last_edited=\u00a0\u00bboff|desktop\u00a0\u00bb custom_padding=\u00a0\u00bb0px||||false|false\u00a0\u00bb global_colors_info=\u00a0\u00bb{}\u00a0\u00bb][et_pb_column type=\u00a0\u00bb1_2&Prime; _builder_version=\u00a0\u00bb4.16&Prime; global_colors_info=\u00a0\u00bb{}\u00a0\u00bb][et_pb_text _builder_version=\u00a0\u00bb4.27.2&Prime; min_height=\u00a0\u00bb105px\u00a0\u00bb custom_padding=\u00a0\u00bb4px||0px|||\u00a0\u00bb hover_enabled=\u00a0\u00bb0&Prime; global_colors_info=\u00a0\u00bb{%22gcid-2039cefd-9fd0-48c8-89ea-3f9f8b539320%22:%91%22header_2_text_color%22%93}\u00a0\u00bb text_text_color=\u00a0\u00bb#6D6D6D\u00a0\u00bb text_font_size_last_edited=\u00a0\u00bbon|phone\u00a0\u00bb text_font_size_phone=\u00a0\u00bb17px\u00a0\u00bb sticky_enabled=\u00a0\u00bb0&Prime;]<\/p>\n<p style=\"text-align: justify;\">Notre objectif sp\u00e9cifique dans la maternelle est d\u2019offrir aux enfants la possibilit\u00e9 de faire les premiers pas vers le devenir conscients; mettre les bases de la capacit\u00e9 d&rsquo;\u00ab \u00e9couter \u00bb soi-m\u00eame, les autres et le monde qui nous entoure, et installer la base de la habilit\u00e9 de s&rsquo;autor\u00e9guler.<\/p>\n<p style=\"text-align: justify;\">Nous visons \u00e9galement \u00e0 donner aux enfants la possibilit\u00e9 de garder vivant le contact int\u00e9rieur que chaque enfant a avec lui-m\u00eame, afin qu\u2019ils puissent commencer \u00e0 d\u00e9ployer tout leur potentiel de l\u2019int\u00e9rieur.<\/p>\n<p>[\/et_pb_text][\/et_pb_column][et_pb_column type=\u00a0\u00bb1_2&Prime; _builder_version=\u00a0\u00bb4.16&Prime; global_colors_info=\u00a0\u00bb{}\u00a0\u00bb][et_pb_image src=\u00a0\u00bbhttps:\/\/awarenessthroughthebody.org\/wp-content\/uploads\/2021\/10\/Awareness-through-the-body-ATB-basic-tools-1.jpg\u00a0\u00bb alt=\u00a0\u00bb\u00c9veil-de-la-conscience-par-le-corps-ATB-outils-basiques-1&Prime; title_text=\u00a0\u00bb\u00c9veil-de-la-conscience-par-le-corps-ATB-outils-basiques-1&Prime; align=\u00a0\u00bbcenter\u00a0\u00bb _builder_version=\u00a0\u00bb4.16&Prime; width=\u00a0\u00bb100%\u00a0\u00bb max_width=\u00a0\u00bb85%\u00a0\u00bb border_radii=\u00a0\u00bbon|5px|5px|5px|5px\u00a0\u00bb global_colors_info=\u00a0\u00bb{}\u00a0\u00bb][\/et_pb_image][\/et_pb_column][\/et_pb_row][et_pb_row column_structure=\u00a0\u00bb1_2,1_2&Prime; custom_padding_last_edited=\u00a0\u00bbon|phone\u00a0\u00bb module_class=\u00a0\u00bbcustom_row\u00a0\u00bb _builder_version=\u00a0\u00bb4.27.2&Prime; _module_preset=\u00a0\u00bbdefault\u00a0\u00bb custom_padding=\u00a0\u00bb40px|||||\u00a0\u00bb custom_padding_tablet=\u00a0\u00bb40px|||||\u00a0\u00bb custom_padding_phone=\u00a0\u00bb0px||0px||false|false\u00a0\u00bb global_colors_info=\u00a0\u00bb{}\u00a0\u00bb][et_pb_column type=\u00a0\u00bb1_2&Prime; module_class=\u00a0\u00bbsecond-on-mobile\u00a0\u00bb _builder_version=\u00a0\u00bb4.16&Prime; _module_preset=\u00a0\u00bbdefault\u00a0\u00bb global_colors_info=\u00a0\u00bb{}\u00a0\u00bb][et_pb_image src=\u00a0\u00bbhttps:\/\/awarenessthroughthebody.org\/wp-content\/uploads\/2021\/10\/Awareness-through-the-body-ATB-basic-tools-2.jpg\u00a0\u00bb alt=\u00a0\u00bb\u00c9veil-de-la-conscience-par-le-corps-ATB-outils-basiques-2&Prime; title_text=\u00a0\u00bb\u00c9veil-de-la-conscience-par-le-corps-ATB-outils-basiques-2&Prime; _builder_version=\u00a0\u00bb4.27.2&Prime; _module_preset=\u00a0\u00bbdefault\u00a0\u00bb custom_margin_tablet=\u00a0\u00bb\u00a0\u00bb custom_margin_phone=\u00a0\u00bb20px||-20px||false|false\u00a0\u00bb custom_margin_last_edited=\u00a0\u00bbon|phone\u00a0\u00bb border_radii=\u00a0\u00bbon|5px|5px|5px|5px\u00a0\u00bb global_colors_info=\u00a0\u00bb{}\u00a0\u00bb][\/et_pb_image][\/et_pb_column][et_pb_column type=\u00a0\u00bb1_2&Prime; module_class=\u00a0\u00bbfirst-on-mobile\u00a0\u00bb _builder_version=\u00a0\u00bb4.16&Prime; _module_preset=\u00a0\u00bbdefault\u00a0\u00bb global_colors_info=\u00a0\u00bb{}\u00a0\u00bb][et_pb_text _builder_version=\u00a0\u00bb4.27.2&Prime; _module_preset=\u00a0\u00bbdefault\u00a0\u00bb min_height=\u00a0\u00bb71px\u00a0\u00bb custom_margin=\u00a0\u00bb||||false|false\u00a0\u00bb custom_padding=\u00a0\u00bb0px|||||\u00a0\u00bb hover_enabled=\u00a0\u00bb0&Prime; global_colors_info=\u00a0\u00bb{%22gcid-2039cefd-9fd0-48c8-89ea-3f9f8b539320%22:%91%22header_2_text_color%22%93}\u00a0\u00bb text_text_color=\u00a0\u00bb#6D6D6D\u00a0\u00bb text_font_size_last_edited=\u00a0\u00bbon|phone\u00a0\u00bb text_font_size_phone=\u00a0\u00bb17px\u00a0\u00bb sticky_enabled=\u00a0\u00bb0&Prime;]<\/p>\n<p style=\"text-align: justify;\">\u00c0 ce jeune \u00e2ge, nous faisons particuli\u00e8rement attention \u00e0 ne pas imposer de concepts mentaux ou d\u2019id\u00e9es limitantes. Tout est abord\u00e9 par l\u2019exp\u00e9rience : contact sensoriel direct avec ce que l\u2019exercice apporte aux enfants sans conceptualiser.<\/p>\n<p style=\"text-align: justify;\">Mentalement les enfants ne savent pas de quoi s\u2019agit le travail, mais ils en font clairement l\u2019exp\u00e9rience dans leur corps.<\/p>\n<p style=\"text-align: justify;\">L\u2019exp\u00e9rience cr\u00e9e en eux des souvenirs sensoriels qui deviennent des r\u00e9f\u00e9rences et des mod\u00e8les sains pour pr\u00eater attention, pour l\u2019utilisation de soi et pour se relacioner avec les autres et l&rsquo;environment de fa\u00e7on positive.<\/p>\n<p>[\/et_pb_text][\/et_pb_column][\/et_pb_row][\/et_pb_section][et_pb_section fb_built=\u00a0\u00bb1&Prime; custom_padding_last_edited=\u00a0\u00bbon|phone\u00a0\u00bb admin_label=\u00a0\u00bbCall to Action\u00a0\u00bb _builder_version=\u00a0\u00bb4.27.2&Prime; background_color=\u00a0\u00bbgcid-97893951-444b-4f60-a4de-e60dcf40c9f9&Prime; width=\u00a0\u00bb100%\u00a0\u00bb module_alignment=\u00a0\u00bbcenter\u00a0\u00bb custom_margin=\u00a0\u00bb19px||||false|false\u00a0\u00bb custom_padding=\u00a0\u00bb33px||33px||true|false\u00a0\u00bb custom_padding_tablet=\u00a0\u00bb||||true|false\u00a0\u00bb custom_padding_phone=\u00a0\u00bb7px||7px||true|false\u00a0\u00bb locked=\u00a0\u00bboff\u00a0\u00bb global_colors_info=\u00a0\u00bb{%22gcid-97893951-444b-4f60-a4de-e60dcf40c9f9%22:%91%22background_color%22%93}\u00a0\u00bb][et_pb_row _builder_version=\u00a0\u00bb4.16&Prime; custom_margin_tablet=\u00a0\u00bb\u00a0\u00bb custom_margin_phone=\u00a0\u00bb\u00a0\u00bb custom_margin_last_edited=\u00a0\u00bbon|tablet\u00a0\u00bb custom_padding=\u00a0\u00bb||0px||false|false\u00a0\u00bb global_colors_info=\u00a0\u00bb{}\u00a0\u00bb][et_pb_column type=\u00a0\u00bb4_4&Prime; _builder_version=\u00a0\u00bb4.16&Prime; global_colors_info=\u00a0\u00bb{}\u00a0\u00bb][et_pb_text _builder_version=\u00a0\u00bb4.27.2&Prime; text_font=\u00a0\u00bbCenturySchoolbookBold||||||||\u00a0\u00bb text_text_color=\u00a0\u00bb#62748a\u00a0\u00bb text_font_size=\u00a0\u00bb20px\u00a0\u00bb text_orientation=\u00a0\u00bbcenter\u00a0\u00bb custom_margin=\u00a0\u00bb3px||-71px||false|false\u00a0\u00bb custom_padding_tablet=\u00a0\u00bb\u00a0\u00bb custom_padding_phone=\u00a0\u00bb0px||0px||false|false\u00a0\u00bb custom_padding_last_edited=\u00a0\u00bbon|phone\u00a0\u00bb text_font_size_tablet=\u00a0\u00bb\u00a0\u00bb text_font_size_phone=\u00a0\u00bb14px\u00a0\u00bb text_font_size_last_edited=\u00a0\u00bbon|desktop\u00a0\u00bb locked=\u00a0\u00bboff\u00a0\u00bb global_colors_info=\u00a0\u00bb{%22gcid-2039cefd-9fd0-48c8-89ea-3f9f8b539320%22:%91%22header_2_text_color%22%93}\u00a0\u00bb]<\/p>\n<h2>Les enfants parlent d\u2019ATB<\/h2>\n<p>[\/et_pb_text][et_pb_slider arrows_custom_color=\u00a0\u00bbgcid-2039cefd-9fd0-48c8-89ea-3f9f8b539320&Prime; dot_nav_custom_color=\u00a0\u00bbgcid-2039cefd-9fd0-48c8-89ea-3f9f8b539320&Prime; _builder_version=\u00a0\u00bb4.27.2&Prime; body_text_color=\u00a0\u00bbgcid-a1dae8d3-549d-4f05-8698-80b91d568b42&Prime; background_color=\u00a0\u00bbrgba(0,0,0,0)\u00a0\u00bb min_height=\u00a0\u00bb284px\u00a0\u00bb custom_padding=\u00a0\u00bb83px||57px||false|false\u00a0\u00bb custom_padding_tablet=\u00a0\u00bb\u00a0\u00bb custom_padding_phone=\u00a0\u00bb0px||20px||false|false\u00a0\u00bb custom_padding_last_edited=\u00a0\u00bbon|phone\u00a0\u00bb global_colors_info=\u00a0\u00bb{%22gcid-a1dae8d3-549d-4f05-8698-80b91d568b42%22:%91%22body_text_color%22%93,%22gcid-2039cefd-9fd0-48c8-89ea-3f9f8b539320%22:%91%22dot_nav_custom_color%22,%22arrows_custom_color%22%93}\u00a0\u00bb][et_pb_slide _builder_version=\u00a0\u00bb4.27.2&Prime; header_level=\u00a0\u00bbh2&Prime; header_text_color=\u00a0\u00bb#F24D1A\u00a0\u00bb body_text_color=\u00a0\u00bbgcid-a1dae8d3-549d-4f05-8698-80b91d568b42&Prime; background_layout=\u00a0\u00bblight\u00a0\u00bb global_colors_info=\u00a0\u00bb{%22gcid-a1dae8d3-549d-4f05-8698-80b91d568b42%22:%91%22body_text_color%22%93}\u00a0\u00bb sticky_transition=\u00a0\u00bbon\u00a0\u00bb]<\/p>\n<p><i><\/i><\/p>\n<p><i><\/i><\/p>\n<p><i><\/i><\/p>\n<p><i>\u00ab\u00a0\u00c7a rend le corps physique beaucoup plus r\u00e9el et tu d\u00e9couvres des choses sur toi-m\u00eame.\u00a0\u00bb<\/i><\/p>\n<p><i><span style=\"font-weight: 400;\"><\/span><\/i><\/p>\n<p>&nbsp;<\/p>\n<p>[\/et_pb_slide][et_pb_slide _builder_version=\u00a0\u00bb4.27.2&Prime; body_text_color=\u00a0\u00bbgcid-a1dae8d3-549d-4f05-8698-80b91d568b42&Prime; background_layout=\u00a0\u00bblight\u00a0\u00bb custom_padding=\u00a0\u00bb95px||||false|false\u00a0\u00bb custom_padding_tablet=\u00a0\u00bb\u00a0\u00bb custom_padding_phone=\u00a0\u00bb\u00a0\u00bb custom_padding_last_edited=\u00a0\u00bbon|desktop\u00a0\u00bb global_colors_info=\u00a0\u00bb{%22gcid-a1dae8d3-549d-4f05-8698-80b91d568b42%22:%91%22body_text_color%22%93}\u00a0\u00bb sticky_transition=\u00a0\u00bbon\u00a0\u00bb]<\/p>\n<p><i>\u00ab Cela m\u2019a rendu plus conscient de tout ce qui m\u2019entoure, et cela m\u2019a rendu beaucoup plus ouvert. Quand je suis nerveux maintenant, ou en col\u00e8re, je retourne toujours \u00e0 mon souffle pour me rafra\u00eechir. \u00bb<\/i><\/p>\n<p>[\/et_pb_slide][et_pb_slide _builder_version=\u00a0\u00bb4.27.2&Prime; body_text_color=\u00a0\u00bbgcid-a1dae8d3-549d-4f05-8698-80b91d568b42&Prime; background_layout=\u00a0\u00bblight\u00a0\u00bb custom_padding=\u00a0\u00bb60px||||false|false\u00a0\u00bb global_colors_info=\u00a0\u00bb{%22gcid-a1dae8d3-549d-4f05-8698-80b91d568b42%22:%91%22body_text_color%22%93}\u00a0\u00bb sticky_transition=\u00a0\u00bbon\u00a0\u00bb]<\/p>\n<p><i>\u00ab Vous pouvez l\u2019utiliser inconsciemment, pour l\u2019\u00e9quilibre et la coordination. \u00bb<\/i><\/p>\n<p>[\/et_pb_slide][\/et_pb_slider][\/et_pb_column][\/et_pb_row][\/et_pb_section]<\/p>\n","protected":false},"excerpt":{"rendered":"<p>ATB \u00e0 la Maternelle. Les Outils de Base Atelier d\u2019une journ\u00e9e Ce module pr\u00e9sente les outils fondamentaux de l&rsquo;\u00c9veil de la conscience par le corps. Nous explorons comment appliquer l&rsquo;ATB avec des enfants en \u00e2ge de maternelle \u00e0 travers des jeux et des activit\u00e9s ludiques. La plupart de ces activit\u00e9s, explor\u00e9es differemment, sont \u00e9galement utiles [&hellip;]<\/p>\n","protected":false},"author":16,"featured_media":0,"parent":33648,"menu_order":0,"comment_status":"closed","ping_status":"closed","template":"","meta":{"_et_pb_use_builder":"on","_et_pb_old_content":"","_et_gb_content_width":"","_monsterinsights_skip_tracking":false,"_monsterinsights_sitenote_active":false,"_monsterinsights_sitenote_note":"","_monsterinsights_sitenote_category":0,"footnotes":""},"class_list":["post-33642","page","type-page","status-publish","hentry"],"_links":{"self":[{"href":"https:\/\/awarenessthroughthebody.org\/fr\/wp-json\/wp\/v2\/pages\/33642","targetHints":{"allow":["GET"]}}],"collection":[{"href":"https:\/\/awarenessthroughthebody.org\/fr\/wp-json\/wp\/v2\/pages"}],"about":[{"href":"https:\/\/awarenessthroughthebody.org\/fr\/wp-json\/wp\/v2\/types\/page"}],"author":[{"embeddable":true,"href":"https:\/\/awarenessthroughthebody.org\/fr\/wp-json\/wp\/v2\/users\/16"}],"replies":[{"embeddable":true,"href":"https:\/\/awarenessthroughthebody.org\/fr\/wp-json\/wp\/v2\/comments?post=33642"}],"version-history":[{"count":26,"href":"https:\/\/awarenessthroughthebody.org\/fr\/wp-json\/wp\/v2\/pages\/33642\/revisions"}],"predecessor-version":[{"id":39555,"href":"https:\/\/awarenessthroughthebody.org\/fr\/wp-json\/wp\/v2\/pages\/33642\/revisions\/39555"}],"up":[{"embeddable":true,"href":"https:\/\/awarenessthroughthebody.org\/fr\/wp-json\/wp\/v2\/pages\/33648"}],"wp:attachment":[{"href":"https:\/\/awarenessthroughthebody.org\/fr\/wp-json\/wp\/v2\/media?parent=33642"}],"curies":[{"name":"wp","href":"https:\/\/api.w.org\/{rel}","templated":true}]}}