{"id":34150,"date":"2022-03-09T16:26:29","date_gmt":"2022-03-09T16:26:29","guid":{"rendered":"https:\/\/awarenessthroughthebody.org\/projects-and-childrens-feedback\/"},"modified":"2022-03-16T13:09:40","modified_gmt":"2022-03-16T13:09:40","slug":"projects-and-childrens-feedback","status":"publish","type":"page","link":"https:\/\/awarenessthroughthebody.org\/es\/projects-and-childrens-feedback\/","title":{"rendered":"Projects and children&#8217;s feedback"},"content":{"rendered":"<p>[et_pb_section fb_built=\u00bb1&#8243; fullwidth=\u00bbon\u00bb admin_label=\u00bbPage Header\u00bb _builder_version=\u00bb4.5.3&#8243; background_image=\u00bbhttps:\/\/awarenessthroughthebody.org\/wp-content\/uploads\/2021\/08\/projects-children-feedback-2.jpg\u00bb animation_direction=\u00bbtop\u00bb global_colors_info=\u00bb{}\u00bb][et_pb_fullwidth_header title=\u00bbProjects and children&#8217;s feedback\u00bb text_orientation=\u00bbcenter\u00bb admin_label=\u00bbHero Section\u00bb _builder_version=\u00bb4.10.5&#8243; title_font=\u00bbCenturySchoolbookBold|700|||||||\u00bb title_font_size=\u00bb50px\u00bb title_line_height=\u00bb1.4em\u00bb content_font_size=\u00bb22px\u00bb subhead_font=\u00bb||||\u00bb subhead_font_size=\u00bb24px\u00bb background_color=\u00bbrgba(255, 255, 255, 0)\u00bb use_background_color_gradient=\u00bbon\u00bb background_color_gradient_start=\u00bbrgba(255,255,255,0)\u00bb background_color_gradient_end=\u00bbrgba(0,0,0,0)\u00bb background_color_gradient_type=\u00bbradial\u00bb background_color_gradient_start_position=\u00bb8%\u00bb background_color_gradient_end_position=\u00bb66%\u00bb custom_button_one=\u00bbon\u00bb button_one_text_size=\u00bb16px\u00bb button_one_bg_color=\u00bb#6eba01&#8243; button_one_border_width=\u00bb2px\u00bb button_one_border_color=\u00bb#6eba01&#8243; button_one_border_radius=\u00bb0&#8243; button_one_letter_spacing=\u00bb2&#8243; button_one_font=\u00bbMontserrat|||on|\u00bb button_one_use_icon=\u00bboff\u00bb custom_button_two=\u00bbon\u00bb button_two_text_size=\u00bb16px\u00bb button_two_border_width=\u00bb2px\u00bb button_two_border_color=\u00bb#ffffff\u00bb button_two_border_radius=\u00bb0&#8243; button_two_letter_spacing=\u00bb2&#8243; button_two_font=\u00bbMontserrat|||on|\u00bb button_two_use_icon=\u00bboff\u00bb module_alignment=\u00bbleft\u00bb animation_style=\u00bbfade\u00bb title_font_size_tablet=\u00bb\u00bb title_font_size_phone=\u00bb45px\u00bb title_font_size_last_edited=\u00bbon|phone\u00bb button_one_text_color_hover=\u00bb#6eba01&#8243; button_two_text_color_hover=\u00bb#6eba01&#8243; button_one_border_color_hover=\u00bb#ffffff\u00bb button_two_border_color_hover=\u00bb#ffffff\u00bb button_one_border_radius_hover=\u00bb0&#8243; button_two_border_radius_hover=\u00bb0&#8243; button_one_letter_spacing_hover=\u00bb2&#8243; button_two_letter_spacing_hover=\u00bb2&#8243; button_one_bg_color_hover=\u00bb#ffffff\u00bb button_two_bg_color_hover=\u00bb#ffffff\u00bb global_colors_info=\u00bb{}\u00bb button_one_text_size__hover_enabled=\u00bboff\u00bb button_two_text_size__hover_enabled=\u00bboff\u00bb button_one_text_color__hover_enabled=\u00bbon\u00bb button_one_text_color__hover=\u00bb#6eba01&#8243; button_two_text_color__hover_enabled=\u00bbon\u00bb button_two_text_color__hover=\u00bb#6eba01&#8243; button_one_border_width__hover_enabled=\u00bboff\u00bb button_two_border_width__hover_enabled=\u00bboff\u00bb button_one_border_color__hover_enabled=\u00bbon\u00bb button_one_border_color__hover=\u00bb#ffffff\u00bb button_two_border_color__hover_enabled=\u00bbon\u00bb button_two_border_color__hover=\u00bb#ffffff\u00bb button_one_border_radius__hover_enabled=\u00bbon\u00bb button_one_border_radius__hover=\u00bb0&#8243; button_two_border_radius__hover_enabled=\u00bbon\u00bb button_two_border_radius__hover=\u00bb0&#8243; button_one_letter_spacing__hover_enabled=\u00bbon\u00bb button_one_letter_spacing__hover=\u00bb2&#8243; button_two_letter_spacing__hover_enabled=\u00bbon\u00bb button_two_letter_spacing__hover=\u00bb2&#8243; button_one_bg_color__hover_enabled=\u00bbon\u00bb button_one_bg_color__hover=\u00bb#ffffff\u00bb button_two_bg_color__hover_enabled=\u00bbon\u00bb button_two_bg_color__hover=\u00bb#ffffff\u00bb][\/et_pb_fullwidth_header][\/et_pb_section][et_pb_section fb_built=\u00bb1&#8243; _builder_version=\u00bb4.10.5&#8243; _module_preset=\u00bbdefault\u00bb global_colors_info=\u00bb{}\u00bb][et_pb_row column_structure=\u00bb1_3,1_3,1_3&#8243; _builder_version=\u00bb4.10.5&#8243; _module_preset=\u00bbdefault\u00bb global_colors_info=\u00bb{}\u00bb][et_pb_column type=\u00bb1_3&#8243; _builder_version=\u00bb4.10.5&#8243; _module_preset=\u00bbdefault\u00bb global_colors_info=\u00bb{}\u00bb][et_pb_blog include_categories=\u00bb80&#8243; show_more=\u00bbon\u00bb show_author=\u00bboff\u00bb show_date=\u00bboff\u00bb show_categories=\u00bboff\u00bb _builder_version=\u00bb4.14.2&#8243; _module_preset=\u00bbdefault\u00bb global_colors_info=\u00bb{}\u00bb][\/et_pb_blog][\/et_pb_column][et_pb_column type=\u00bb1_3&#8243; _builder_version=\u00bb4.10.5&#8243; _module_preset=\u00bbdefault\u00bb global_colors_info=\u00bb{}\u00bb][\/et_pb_column][et_pb_column type=\u00bb1_3&#8243; _builder_version=\u00bb4.10.5&#8243; _module_preset=\u00bbdefault\u00bb global_colors_info=\u00bb{}\u00bb][\/et_pb_column][\/et_pb_row][\/et_pb_section][et_pb_section fb_built=\u00bb1&#8243; custom_padding_last_edited=\u00bbon|phone\u00bb admin_label=\u00bbCall to Action\u00bb _builder_version=\u00bb4.4.3&#8243; background_color=\u00bb#e4e5d3&#8243; width=\u00bb100%\u00bb module_alignment=\u00bbcenter\u00bb custom_margin=\u00bb||0px|||\u00bb custom_padding=\u00bb33px||33px||true|false\u00bb custom_padding_tablet=\u00bb60px||60px||true|false\u00bb custom_padding_phone=\u00bb40px||40px||true|false\u00bb locked=\u00bboff\u00bb global_colors_info=\u00bb{}\u00bb][et_pb_row _builder_version=\u00bb4.5.3&#8243; custom_padding=\u00bb29px||0px|||\u00bb global_colors_info=\u00bb{}\u00bb][et_pb_column type=\u00bb4_4&#8243; _builder_version=\u00bb4.5.3&#8243; global_colors_info=\u00bb{}\u00bb][et_pb_text _builder_version=\u00bb4.5.3&#8243; text_font=\u00bbCenturySchoolbookBold||||||||\u00bb text_text_color=\u00bb#62748a\u00bb text_font_size=\u00bb20px\u00bb text_orientation=\u00bbcenter\u00bb custom_margin=\u00bb3px||-71px||false|false\u00bb custom_padding_tablet=\u00bb\u00bb custom_padding_phone=\u00bb0px||0px||false|false\u00bb custom_padding_last_edited=\u00bbon|phone\u00bb text_font_size_tablet=\u00bb\u00bb text_font_size_phone=\u00bb14px\u00bb text_font_size_last_edited=\u00bbon|desktop\u00bb locked=\u00bboff\u00bb global_colors_info=\u00bb{}\u00bb]<\/p>\n<p><strong>Los ni\u00f1os hablan de ATB.<\/strong><\/p>\n<p>[\/et_pb_text][et_pb_slider _builder_version=\u00bb4.10.5&#8243; background_color=\u00bbrgba(0,0,0,0)\u00bb min_height=\u00bb284px\u00bb custom_padding=\u00bb83px||57px||false|false\u00bb custom_padding_tablet=\u00bb\u00bb custom_padding_phone=\u00bb0px||20px||false|false\u00bb custom_padding_last_edited=\u00bbon|phone\u00bb global_colors_info=\u00bb{}\u00bb][et_pb_slide _builder_version=\u00bb4.5.3&#8243; background_layout=\u00bblight\u00bb global_colors_info=\u00bb{}\u00bb sticky_transition=\u00bbon\u00bb]<\/p>\n<p><i><\/i><\/p>\n<p><i><\/i><\/p>\n<p><i><\/i><\/p>\n<p><i>Hace que el cuerpo f\u00edsico se sienta mas real y uno descubre cosas acerca de si mismo.\u00bb<\/i><\/p>\n<p><i><span style=\"font-weight: 400;\"><\/span><\/i><\/p>\n<p>&nbsp;<\/p>\n<p>[\/et_pb_slide][et_pb_slide _builder_version=\u00bb4.5.3&#8243; background_layout=\u00bblight\u00bb custom_padding=\u00bb95px||||false|false\u00bb custom_padding_tablet=\u00bb\u00bb custom_padding_phone=\u00bb\u00bb custom_padding_last_edited=\u00bbon|desktop\u00bb global_colors_info=\u00bb{}\u00bb sticky_transition=\u00bbon\u00bb]<\/p>\n<p><i>\u201cMe ha hecho mas consciente de todo alrededor m\u00edo y me ha hecho m\u00e1s abierto. Ahora cuando me pongo nervioso, o me enfado, siempre retorno a mi respiraci\u00f3n para calmarme.\u201d<\/i><\/p>\n<p>[\/et_pb_slide][et_pb_slide _builder_version=\u00bb4.5.3&#8243; background_layout=\u00bblight\u00bb custom_padding=\u00bb60px||||false|false\u00bb global_colors_info=\u00bb{}\u00bb sticky_transition=\u00bbon\u00bb]<\/p>\n<p><i>\u201cUno puede usar ATB a nivel subconsciente para equilibrio y coordinaci\u00f3n.\u201d<\/i><\/p>\n<p>[\/et_pb_slide][\/et_pb_slider][\/et_pb_column][\/et_pb_row][\/et_pb_section]<\/p>\n","protected":false},"excerpt":{"rendered":"<p>Los ni\u00f1os hablan de ATB. Hace que el cuerpo f\u00edsico se sienta mas real y uno descubre cosas acerca de si mismo.\u00bb &nbsp;\u201cMe ha hecho mas consciente de todo alrededor m\u00edo y me ha hecho m\u00e1s abierto. Ahora cuando me pongo nervioso, o me enfado, siempre retorno a mi respiraci\u00f3n para calmarme.\u201d\u201cUno puede usar ATB [&hellip;]<\/p>\n","protected":false},"author":16,"featured_media":0,"parent":0,"menu_order":0,"comment_status":"closed","ping_status":"closed","template":"","meta":{"_et_pb_use_builder":"on","_et_pb_old_content":"","_et_gb_content_width":"","_monsterinsights_skip_tracking":false,"_monsterinsights_sitenote_active":false,"_monsterinsights_sitenote_note":"","_monsterinsights_sitenote_category":0,"footnotes":""},"class_list":["post-34150","page","type-page","status-publish","hentry"],"_links":{"self":[{"href":"https:\/\/awarenessthroughthebody.org\/es\/wp-json\/wp\/v2\/pages\/34150","targetHints":{"allow":["GET"]}}],"collection":[{"href":"https:\/\/awarenessthroughthebody.org\/es\/wp-json\/wp\/v2\/pages"}],"about":[{"href":"https:\/\/awarenessthroughthebody.org\/es\/wp-json\/wp\/v2\/types\/page"}],"author":[{"embeddable":true,"href":"https:\/\/awarenessthroughthebody.org\/es\/wp-json\/wp\/v2\/users\/16"}],"replies":[{"embeddable":true,"href":"https:\/\/awarenessthroughthebody.org\/es\/wp-json\/wp\/v2\/comments?post=34150"}],"version-history":[{"count":3,"href":"https:\/\/awarenessthroughthebody.org\/es\/wp-json\/wp\/v2\/pages\/34150\/revisions"}],"predecessor-version":[{"id":34637,"href":"https:\/\/awarenessthroughthebody.org\/es\/wp-json\/wp\/v2\/pages\/34150\/revisions\/34637"}],"wp:attachment":[{"href":"https:\/\/awarenessthroughthebody.org\/es\/wp-json\/wp\/v2\/media?parent=34150"}],"curies":[{"name":"wp","href":"https:\/\/api.w.org\/{rel}","templated":true}]}}