{"id":34139,"date":"2022-03-09T16:25:44","date_gmt":"2022-03-09T16:25:44","guid":{"rendered":"https:\/\/awarenessthroughthebody.org\/gallery\/"},"modified":"2024-10-25T06:02:50","modified_gmt":"2024-10-25T04:02:50","slug":"gallery","status":"publish","type":"page","link":"https:\/\/awarenessthroughthebody.org\/es\/gallery\/","title":{"rendered":"Galer\u00eda"},"content":{"rendered":"<p>[et_pb_section fb_built=\u00bb1&#8243; fullwidth=\u00bbon\u00bb custom_padding_last_edited=\u00bbon|phone\u00bb admin_label=\u00bbPage Header\u00bb _builder_version=\u00bb4.27.2&#8243; background_enable_image=\u00bboff\u00bb custom_margin_tablet=\u00bb\u00bb custom_margin_phone=\u00bb0px||||false|false\u00bb custom_margin_last_edited=\u00bbon|phone\u00bb custom_padding_tablet=\u00bb\u00bb custom_padding_phone=\u00bb0px||||false|false\u00bb animation_direction=\u00bbtop\u00bb custom_css_main_element=\u00bbdisplay: flex;||flex-direction: column;||justify-content: center;||||\u00bb global_colors_info=\u00bb{}\u00bb][et_pb_fullwidth_header title=\u00bbATB en Acci\u00f3n: Un Viaje Visual\u00bb text_orientation=\u00bbcenter\u00bb button_one_url=\u00bb#workshops\u00bb content_max_width=\u00bb900px\u00bb content_max_width_tablet=\u00bb900px\u00bb content_max_width_phone=\u00bb\u00bb content_max_width_last_edited=\u00bbon|phone\u00bb admin_label=\u00bbHero Section\u00bb _builder_version=\u00bb4.27.2&#8243; title_font=\u00bb&#8211;et_global_heading_font|700|||||||\u00bb title_text_color=\u00bbgcid-2039cefd-9fd0-48c8-89ea-3f9f8b539320&#8243; title_font_size=\u00bb50px\u00bb title_line_height=\u00bb1.3em\u00bb content_font=\u00bb&#8211;et_global_body_font||||||||\u00bb content_text_color=\u00bb#6D6D6D\u00bb content_font_size=\u00bb22px\u00bb content_line_height=\u00bb1.6em\u00bb subhead_font=\u00bb||||\u00bb subhead_text_color=\u00bb#4F7887&#8243; subhead_font_size=\u00bb30px\u00bb background_color=\u00bbrgba(255, 255, 255, 0)\u00bb use_background_color_gradient=\u00bbon\u00bb background_color_gradient_type=\u00bbcircular\u00bb background_color_gradient_stops=\u00bbrgba(255,255,255,0) 8%|rgba(0,0,0,0) 66%\u00bb background_color_gradient_start=\u00bbrgba(255,255,255,0)\u00bb background_color_gradient_start_position=\u00bb8%\u00bb background_color_gradient_end=\u00bbrgba(0,0,0,0)\u00bb background_color_gradient_end_position=\u00bb66%\u00bb custom_button_one=\u00bbon\u00bb button_one_text_size=\u00bb20px\u00bb button_one_text_color=\u00bb#4F7887&#8243; button_one_bg_color=\u00bb#66E6F2&#8243; button_one_border_width=\u00bb2px\u00bb button_one_border_color=\u00bb#66E6F2&#8243; button_one_letter_spacing=\u00bb0px\u00bb button_one_font=\u00bb||||||||\u00bb button_one_icon=\u00bb&#x35;||divi||400&#8243; custom_button_two=\u00bbon\u00bb button_two_text_size=\u00bb16px\u00bb button_two_border_width=\u00bb2px\u00bb button_two_border_color=\u00bb#ffffff\u00bb button_two_border_radius=\u00bb0&#8243; button_two_letter_spacing=\u00bb2&#8243; button_two_font=\u00bbMontserrat|||on|\u00bb button_two_use_icon=\u00bboff\u00bb background_layout=\u00bblight\u00bb module_alignment=\u00bbleft\u00bb custom_padding=\u00bb65px||30px||false|false\u00bb custom_padding_tablet=\u00bb67px||67px||true|\u00bb custom_padding_phone=\u00bb10px||10px||true|false\u00bb custom_padding_last_edited=\u00bbon|phone\u00bb animation_style=\u00bbfade\u00bb hover_enabled=\u00bb0&#8243; title_font_tablet=\u00bb&#8211;et_global_heading_font|700|||||||\u00bb title_font_phone=\u00bb&#8211;et_global_heading_font|700|||||||\u00bb title_font_last_edited=\u00bbon|phone\u00bb title_text_align_tablet=\u00bb\u00bb title_text_align_phone=\u00bbcenter\u00bb title_text_align_last_edited=\u00bbon|phone\u00bb title_font_size_tablet=\u00bb40px\u00bb title_font_size_phone=\u00bb40px\u00bb title_font_size_last_edited=\u00bbon|phone\u00bb button_one_text_color_hover=\u00bb#6eba01&#8243; button_two_text_color_hover=\u00bb#6eba01&#8243; button_one_border_color_hover=\u00bb#ffffff\u00bb button_two_border_color_hover=\u00bb#ffffff\u00bb button_one_border_radius_hover=\u00bb0&#8243; button_two_border_radius_hover=\u00bb0&#8243; button_one_letter_spacing_hover=\u00bb2&#8243; button_two_letter_spacing_hover=\u00bb2&#8243; button_one_bg_color_hover=\u00bb#ffffff\u00bb button_two_bg_color_hover=\u00bb#ffffff\u00bb global_colors_info=\u00bb{%22gcid-2039cefd-9fd0-48c8-89ea-3f9f8b539320%22:%91%22title_text_color%22%93}\u00bb button_one_text_size__hover_enabled=\u00bboff\u00bb button_two_text_size__hover_enabled=\u00bboff\u00bb button_one_text_color__hover_enabled=\u00bbon|hover\u00bb button_one_text_color__hover=\u00bb#FFFFFF\u00bb button_two_text_color__hover_enabled=\u00bbon\u00bb button_two_text_color__hover=\u00bb#6eba01&#8243; button_one_border_width__hover_enabled=\u00bboff\u00bb button_two_border_width__hover_enabled=\u00bboff\u00bb button_one_border_color__hover_enabled=\u00bbon\u00bb button_one_border_color__hover=\u00bb#4F7887&#8243; button_two_border_color__hover_enabled=\u00bbon\u00bb button_two_border_color__hover=\u00bb#ffffff\u00bb button_one_border_radius__hover_enabled=\u00bbon|hover\u00bb button_one_border_radius__hover=\u00bb0&#8243; button_two_border_radius__hover_enabled=\u00bbon\u00bb button_two_border_radius__hover=\u00bb0&#8243; button_one_letter_spacing__hover_enabled=\u00bbon\u00bb button_one_letter_spacing__hover=\u00bb\u00bb button_two_letter_spacing__hover_enabled=\u00bbon\u00bb button_two_letter_spacing__hover=\u00bb2&#8243; button_one_bg_color__hover_enabled=\u00bbon\u00bb button_one_bg_color__hover=\u00bb#4F7887&#8243; button_two_bg_color__hover_enabled=\u00bbon\u00bb button_two_bg_color__hover=\u00bb#ffffff\u00bb button_one_bg_enable_color__hover=\u00bbon\u00bb sticky_enabled=\u00bb0&#8243;]<\/p>\n<p><span>Explora la esencia de la Conciencia a Trav\u00e9s del Cuerpo a trav\u00e9s de nuestra galer\u00eda. Estas im\u00e1genes fueron tomadas durante las clases regulares en la escuela. Las im\u00e1genes capturan momentos de concentraci\u00f3n, autodescubrimiento y   <\/span>contacto interior en los ni\u00f1os.<\/p>\n<p>[\/et_pb_fullwidth_header][\/et_pb_section][et_pb_section fb_built=\u00bb1&#8243; _builder_version=\u00bb4.17.6&#8243; _module_preset=\u00bbdefault\u00bb global_colors_info=\u00bb{}\u00bb][et_pb_row column_structure=\u00bb1_3,1_3,1_3&#8243; custom_padding_last_edited=\u00bbon|phone\u00bb _builder_version=\u00bb4.27.2&#8243; _module_preset=\u00bbdefault\u00bb custom_margin_tablet=\u00bb\u00bb custom_margin_phone=\u00bb\u00bb custom_margin_last_edited=\u00bbon|phone\u00bb custom_padding_tablet=\u00bb\u00bb custom_padding_phone=\u00bb||0px||false|false\u00bb global_colors_info=\u00bb{}\u00bb][et_pb_column type=\u00bb1_3&#8243; _builder_version=\u00bb4.17.6&#8243; _module_preset=\u00bbdefault\u00bb custom_padding_tablet=\u00bb\u00bb custom_padding_phone=\u00bb||30px||false|false\u00bb custom_padding_last_edited=\u00bbon|phone\u00bb global_colors_info=\u00bb{}\u00bb][et_pb_blurb title=\u00bbSchool Open House 2016&#8243; url=\u00bbhttps:\/\/awarenessthroughthebody.org\/?page_id=30160&amp;preview=true\u00bb image=\u00bbhttps:\/\/awarenessthroughthebody.org\/wp-content\/uploads\/2021\/08\/projects-children-feedback-7-300&#215;225.jpg\u00bb _builder_version=\u00bb4.27.2&#8243; _module_preset=\u00bbdefault\u00bb header_font_size=\u00bb24px\u00bb body_text_color=\u00bb#6D6D6D\u00bb body_line_height=\u00bb1.6em\u00bb custom_padding=\u00bb|10px||10px|false|false\u00bb body_font_size_tablet=\u00bb\u00bb body_font_size_phone=\u00bb17px\u00bb body_font_size_last_edited=\u00bbon|phone\u00bb global_colors_info=\u00bb{}\u00bb]<\/p>\n<p>En la escuela: Transition school, todos los a\u00f1os al final del curso hacemos una presentaci\u00f3n para compartir con los padres y amigos lo m\u00e1s destacado del a\u00f1o en ATB.<\/p>\n<p>[\/et_pb_blurb][et_pb_button button_url=\u00bbhttps:\/\/awarenessthroughthebody.org\/?page_id=30160&amp;preview=true\u00bb button_text=\u00bbAbrir galer\u00eda\u00bb button_alignment=\u00bbcenter\u00bb _builder_version=\u00bb4.27.2&#8243; _dynamic_attributes=\u00bbbutton_url\u00bb _module_preset=\u00bbdefault\u00bb custom_button=\u00bbon\u00bb button_text_color=\u00bb#FFFFFF\u00bb button_bg_color=\u00bbgcid-2303a270-d550-4d93-80d8-e13edbbb57e9&#8243; button_border_color=\u00bbgcid-2303a270-d550-4d93-80d8-e13edbbb57e9&#8243; global_module=\u00bb37997&#8243; saved_tabs=\u00bball\u00bb global_colors_info=\u00bb{%22gcid-2039cefd-9fd0-48c8-89ea-3f9f8b539320%22:%91%22button_bg_color__hover%22,%22button_border_color__hover%22%93,%22gcid-97893951-444b-4f60-a4de-e60dcf40c9f9%22:%91%22button_text_color__hover%22%93,%22gcid-2303a270-d550-4d93-80d8-e13edbbb57e9%22:%91%22button_bg_color%22,%22button_border_color%22%93}\u00bb button_text_color__hover_enabled=\u00bbon|hover\u00bb button_text_color__hover=\u00bb#edf8ff\u00bb button_bg_color__hover_enabled=\u00bbon|desktop\u00bb button_bg_color__hover=\u00bb#4f7887&#8243; button_bg_enable_color__hover=\u00bbon\u00bb button_border_color__hover_enabled=\u00bbon|desktop\u00bb button_border_color__hover=\u00bb#4f7887&#8243;][\/et_pb_button][\/et_pb_column][et_pb_column type=\u00bb1_3&#8243; _builder_version=\u00bb4.17.6&#8243; _module_preset=\u00bbdefault\u00bb custom_padding_tablet=\u00bb\u00bb custom_padding_phone=\u00bb||30px||false|false\u00bb custom_padding_last_edited=\u00bbon|phone\u00bb global_colors_info=\u00bb{}\u00bb][et_pb_blurb title=\u00bbPresentaci\u00f3n fotogr\u00e1fica\u00bb url=\u00bbhttps:\/\/awarenessthroughthebody.org\/?page_id=30160&amp;preview=true\u00bb image=\u00bbhttps:\/\/awarenessthroughthebody.org\/wp-content\/uploads\/2022\/01\/Untitled-design-1.jpg\u00bb _builder_version=\u00bb4.27.2&#8243; _module_preset=\u00bbdefault\u00bb header_font_size=\u00bb24px\u00bb body_text_color=\u00bb#6D6D6D\u00bb body_line_height=\u00bb1.6em\u00bb custom_padding=\u00bb|10px||10px|false|false\u00bb body_font_size_tablet=\u00bb\u00bb body_font_size_phone=\u00bb17px\u00bb body_font_size_last_edited=\u00bbon|phone\u00bb global_colors_info=\u00bb{}\u00bb]<\/p>\n<p>Presentaci\u00f3n fotogr\u00e1fica de las clases de ATB en la escuela primaria.<\/p>\n<p>[\/et_pb_blurb][et_pb_button button_url=\u00bbhttps:\/\/youtu.be\/2Y7l0bVCXe4&#8243; url_new_window=\u00bbon\u00bb button_text=\u00bbAbrir fotos\u00bb button_alignment=\u00bbcenter\u00bb _builder_version=\u00bb4.27.2&#8243; _dynamic_attributes=\u00bbbutton_url\u00bb _module_preset=\u00bbdefault\u00bb custom_button=\u00bbon\u00bb button_text_color=\u00bb#FFFFFF\u00bb button_bg_color=\u00bbgcid-2303a270-d550-4d93-80d8-e13edbbb57e9&#8243; button_border_color=\u00bbgcid-2303a270-d550-4d93-80d8-e13edbbb57e9&#8243; global_module=\u00bb37997&#8243; saved_tabs=\u00bball\u00bb global_colors_info=\u00bb{%22gcid-2039cefd-9fd0-48c8-89ea-3f9f8b539320%22:%91%22button_bg_color__hover%22,%22button_border_color__hover%22%93,%22gcid-97893951-444b-4f60-a4de-e60dcf40c9f9%22:%91%22button_text_color__hover%22%93,%22gcid-2303a270-d550-4d93-80d8-e13edbbb57e9%22:%91%22button_bg_color%22,%22button_border_color%22%93}\u00bb button_text_color__hover_enabled=\u00bbon|hover\u00bb button_text_color__hover=\u00bb#edf8ff\u00bb button_bg_color__hover_enabled=\u00bbon|desktop\u00bb button_bg_color__hover=\u00bb#4f7887&#8243; button_bg_enable_color__hover=\u00bbon\u00bb button_border_color__hover_enabled=\u00bbon|desktop\u00bb button_border_color__hover=\u00bb#4f7887&#8243;][\/et_pb_button][\/et_pb_column][et_pb_column type=\u00bb1_3&#8243; _builder_version=\u00bb4.27.2&#8243; _module_preset=\u00bbdefault\u00bb global_colors_info=\u00bb{}\u00bb][\/et_pb_column][\/et_pb_row][\/et_pb_section]<\/p>\n","protected":false},"excerpt":{"rendered":"<p>Explora la esencia de la Conciencia a Trav\u00e9s del Cuerpo a trav\u00e9s de nuestra galer\u00eda. Estas im\u00e1genes fueron tomadas durante las clases regulares en la escuela. Las im\u00e1genes capturan momentos de concentraci\u00f3n, autodescubrimiento y contacto interior en los ni\u00f1os.En la escuela: Transition school, todos los a\u00f1os al final del curso hacemos una presentaci\u00f3n para compartir [&hellip;]<\/p>\n","protected":false},"author":16,"featured_media":0,"parent":0,"menu_order":0,"comment_status":"closed","ping_status":"closed","template":"","meta":{"_et_pb_use_builder":"on","_et_pb_old_content":"","_et_gb_content_width":"","_monsterinsights_skip_tracking":false,"_monsterinsights_sitenote_active":false,"_monsterinsights_sitenote_note":"","_monsterinsights_sitenote_category":0,"footnotes":""},"class_list":["post-34139","page","type-page","status-publish","hentry"],"_links":{"self":[{"href":"https:\/\/awarenessthroughthebody.org\/es\/wp-json\/wp\/v2\/pages\/34139","targetHints":{"allow":["GET"]}}],"collection":[{"href":"https:\/\/awarenessthroughthebody.org\/es\/wp-json\/wp\/v2\/pages"}],"about":[{"href":"https:\/\/awarenessthroughthebody.org\/es\/wp-json\/wp\/v2\/types\/page"}],"author":[{"embeddable":true,"href":"https:\/\/awarenessthroughthebody.org\/es\/wp-json\/wp\/v2\/users\/16"}],"replies":[{"embeddable":true,"href":"https:\/\/awarenessthroughthebody.org\/es\/wp-json\/wp\/v2\/comments?post=34139"}],"version-history":[{"count":19,"href":"https:\/\/awarenessthroughthebody.org\/es\/wp-json\/wp\/v2\/pages\/34139\/revisions"}],"predecessor-version":[{"id":39200,"href":"https:\/\/awarenessthroughthebody.org\/es\/wp-json\/wp\/v2\/pages\/34139\/revisions\/39200"}],"wp:attachment":[{"href":"https:\/\/awarenessthroughthebody.org\/es\/wp-json\/wp\/v2\/media?parent=34139"}],"curies":[{"name":"wp","href":"https:\/\/api.w.org\/{rel}","templated":true}]}}