{"id":34119,"date":"2021-10-12T12:49:09","date_gmt":"2021-10-12T12:49:09","guid":{"rendered":"https:\/\/awarenessthroughthebody.org\/books\/"},"modified":"2025-10-03T09:40:37","modified_gmt":"2025-10-03T07:40:37","slug":"books-awarenessthroughthebody","status":"publish","type":"page","link":"https:\/\/awarenessthroughthebody.org\/es\/books-awarenessthroughthebody\/","title":{"rendered":"Libros"},"content":{"rendered":"<p>[et_pb_section fb_built=\u00bb1&#8243; fullwidth=\u00bbon\u00bb custom_padding_last_edited=\u00bbon|phone\u00bb admin_label=\u00bbPage Header\u00bb _builder_version=\u00bb4.27.2&#8243; background_enable_image=\u00bboff\u00bb custom_margin_tablet=\u00bb\u00bb custom_margin_phone=\u00bb0px||||false|false\u00bb custom_margin_last_edited=\u00bbon|phone\u00bb custom_padding_tablet=\u00bb\u00bb custom_padding_phone=\u00bb0px||||false|false\u00bb animation_direction=\u00bbtop\u00bb custom_css_main_element=\u00bbdisplay: flex;||flex-direction: column;||justify-content: center;||||\u00bb global_colors_info=\u00bb{}\u00bb][et_pb_fullwidth_header title=\u00bbDescubre las Fundaciones de Awareness Through the Body\u00bb button_one_url=\u00bb#workshops\u00bb content_max_width=\u00bb900px\u00bb content_max_width_tablet=\u00bb900px\u00bb content_max_width_phone=\u00bb\u00bb content_max_width_last_edited=\u00bbon|phone\u00bb admin_label=\u00bbHero Section\u00bb _builder_version=\u00bb4.27.2&#8243; title_font=\u00bb&#8211;et_global_heading_font|700|||||||\u00bb title_text_color=\u00bbgcid-2039cefd-9fd0-48c8-89ea-3f9f8b539320&#8243; title_font_size=\u00bb50px\u00bb title_line_height=\u00bb1.3em\u00bb content_font=\u00bb&#8211;et_global_body_font||||||||\u00bb content_text_color=\u00bb#6D6D6D\u00bb content_line_height=\u00bb1.6em\u00bb subhead_font=\u00bb||||\u00bb subhead_text_color=\u00bb#4F7887&#8243; subhead_font_size=\u00bb30px\u00bb background_color=\u00bbrgba(255, 255, 255, 0)\u00bb use_background_color_gradient=\u00bbon\u00bb background_color_gradient_type=\u00bbcircular\u00bb background_color_gradient_stops=\u00bbrgba(255,255,255,0) 8%|rgba(0,0,0,0) 66%\u00bb background_color_gradient_start=\u00bbrgba(255,255,255,0)\u00bb background_color_gradient_start_position=\u00bb8%\u00bb background_color_gradient_end=\u00bbrgba(0,0,0,0)\u00bb background_color_gradient_end_position=\u00bb66%\u00bb custom_button_one=\u00bbon\u00bb button_one_text_size=\u00bb20px\u00bb button_one_text_color=\u00bb#4F7887&#8243; button_one_bg_color=\u00bb#66E6F2&#8243; button_one_border_width=\u00bb2px\u00bb button_one_border_color=\u00bb#66E6F2&#8243; button_one_letter_spacing=\u00bb0px\u00bb button_one_font=\u00bb||||||||\u00bb button_one_icon=\u00bb&#x35;||divi||400&#8243; custom_button_two=\u00bbon\u00bb button_two_text_size=\u00bb16px\u00bb button_two_border_width=\u00bb2px\u00bb button_two_border_color=\u00bb#ffffff\u00bb button_two_border_radius=\u00bb0&#8243; button_two_letter_spacing=\u00bb2&#8243; button_two_font=\u00bbMontserrat|||on|\u00bb button_two_use_icon=\u00bboff\u00bb background_layout=\u00bblight\u00bb module_alignment=\u00bbleft\u00bb custom_margin_tablet=\u00bb\u00bb custom_margin_phone=\u00bb||-50px||false|false\u00bb custom_margin_last_edited=\u00bbon|phone\u00bb custom_padding=\u00bb67px||0px||false|false\u00bb custom_padding_tablet=\u00bb67px||67px||true|\u00bb custom_padding_phone=\u00bb10px||0px||false|false\u00bb custom_padding_last_edited=\u00bbon|phone\u00bb animation_style=\u00bbfade\u00bb hover_enabled=\u00bb0&#8243; title_font_tablet=\u00bbCenturySchoolbookBold|700|||||||\u00bb title_font_phone=\u00bb&#8211;et_global_heading_font|700|||||||\u00bb title_font_last_edited=\u00bbon|tablet\u00bb title_text_align_tablet=\u00bb\u00bb title_text_align_phone=\u00bbcenter\u00bb title_text_align_last_edited=\u00bbon|phone\u00bb title_font_size_tablet=\u00bb40px\u00bb title_font_size_phone=\u00bb40px\u00bb title_font_size_last_edited=\u00bbon|phone\u00bb button_one_text_color_hover=\u00bb#6eba01&#8243; button_two_text_color_hover=\u00bb#6eba01&#8243; button_one_border_color_hover=\u00bb#ffffff\u00bb button_two_border_color_hover=\u00bb#ffffff\u00bb button_one_border_radius_hover=\u00bb0&#8243; button_two_border_radius_hover=\u00bb0&#8243; button_one_letter_spacing_hover=\u00bb2&#8243; button_two_letter_spacing_hover=\u00bb2&#8243; button_one_bg_color_hover=\u00bb#ffffff\u00bb button_two_bg_color_hover=\u00bb#ffffff\u00bb global_colors_info=\u00bb{%22gcid-2039cefd-9fd0-48c8-89ea-3f9f8b539320%22:%91%22title_text_color%22%93}\u00bb button_one_text_size__hover_enabled=\u00bboff\u00bb button_two_text_size__hover_enabled=\u00bboff\u00bb button_one_text_color__hover_enabled=\u00bbon|hover\u00bb button_one_text_color__hover=\u00bb#FFFFFF\u00bb button_two_text_color__hover_enabled=\u00bbon\u00bb button_two_text_color__hover=\u00bb#6eba01&#8243; button_one_border_width__hover_enabled=\u00bboff\u00bb button_two_border_width__hover_enabled=\u00bboff\u00bb button_one_border_color__hover_enabled=\u00bbon\u00bb button_one_border_color__hover=\u00bb#4F7887&#8243; button_two_border_color__hover_enabled=\u00bbon\u00bb button_two_border_color__hover=\u00bb#ffffff\u00bb button_one_border_radius__hover_enabled=\u00bbon|hover\u00bb button_one_border_radius__hover=\u00bb0&#8243; button_two_border_radius__hover_enabled=\u00bbon\u00bb button_two_border_radius__hover=\u00bb0&#8243; button_one_letter_spacing__hover_enabled=\u00bbon\u00bb button_one_letter_spacing__hover=\u00bb\u00bb button_two_letter_spacing__hover_enabled=\u00bbon\u00bb button_two_letter_spacing__hover=\u00bb2&#8243; button_one_bg_color__hover_enabled=\u00bbon\u00bb button_one_bg_color__hover=\u00bb#4F7887&#8243; button_two_bg_color__hover_enabled=\u00bbon\u00bb button_two_bg_color__hover=\u00bb#ffffff\u00bb button_one_bg_enable_color__hover=\u00bbon\u00bb content_font_size_last_edited=\u00bbon|phone\u00bb sticky_enabled=\u00bb0&#8243; content_font_size_phone=\u00bb17px\u00bb]<\/p>\n<p><span>   <\/span><\/p>\n<p><span>Explora el poder transformador de<\/span> <strong>Awareness Through the Body<\/strong> <span>con nuestros dos libros esenciales escritos por los fundadores de ATB.<\/span><\/p>\n<p>&nbsp;<\/p>\n<p>[\/et_pb_fullwidth_header][\/et_pb_section][et_pb_section fb_built=\u00bb1&#8243; _builder_version=\u00bb4.16&#8243; _module_preset=\u00bbdefault\u00bb global_colors_info=\u00bb{}\u00bb][et_pb_row column_structure=\u00bb1_2,1_2&#8243; _builder_version=\u00bb4.16&#8243; _module_preset=\u00bbdefault\u00bb global_colors_info=\u00bb{}\u00bb][et_pb_column type=\u00bb1_2&#8243; _builder_version=\u00bb4.16&#8243; _module_preset=\u00bbdefault\u00bb global_colors_info=\u00bb{}\u00bb][et_pb_blurb title=\u00bbAwareness Through the Body \u00bb url=\u00bbhttps:\/\/awarenessthroughthebody.org\/es\/books-awarenessthroughthebody\/book-awareness-through-the-body\/\u00bb url_new_window=\u00bbon\u00bb image=\u00bbhttps:\/\/awarenessthroughthebody.org\/wp-content\/uploads\/2022\/01\/ATB-book.png\u00bb alt=\u00bbawareness-through-the-body-boek-aloka-joan\u00bb image_icon_width=\u00bb300px\u00bb _builder_version=\u00bb4.27.2&#8243; _module_preset=\u00bbdefault\u00bb header_level=\u00bbh2&#8243; header_font=\u00bb&#8211;et_global_heading_font|&#8211;et_global_heading_font_weight|||||||\u00bb header_font_size=\u00bb30px\u00bb body_line_height=\u00bb1.5em\u00bb link_option_url=\u00bbhttps:\/\/awarenessthroughthebody.org\/es\/books-awarenessthroughthebody\/book-awareness-through-the-body\/\u00bb link_option_url_new_window=\u00bbon\u00bb global_colors_info=\u00bb{}\u00bb]<\/p>\n<p><em><span>Un camino para fomentar la concentraci\u00f3n, la relajaci\u00f3n, el autoconocimiento y la autoregulacion, en ni\u00f1os y adultos.<\/span><\/em><\/p>\n<p><span>En este libro compartimos los fundamentos del Despertar la Conciencia a trav\u00e9s del cuerpo y describimos los ejercicios y actividades que utilizamos. Aunque el libro se centra en la escuela primaria, los ejercicios descritos pueden utilizarse, con las adaptaciones necesarias, tambi\u00e9n para adultos. <\/span><\/p>\n<p><span>Este libro est\u00e1 disponible en varios idiomas. <\/span><\/p>\n<p>[\/et_pb_blurb][et_pb_button button_url=\u00bb@ET-DC@eyJkeW5hbWljIjp0cnVlLCJjb250ZW50IjoicG9zdF9saW5rX3VybF9wYWdlIiwic2V0dGluZ3MiOnsicG9zdF9pZCI6IjMxMjMzIiwiZW5hYmxlX2h0bWwiOiJvZmYifX0=@\u00bb button_text=\u00bbPulse aqu\u00ed para m\u00e1s informaci\u00f3n\u00bb button_alignment=\u00bbleft\u00bb _builder_version=\u00bb4.27.2&#8243; _dynamic_attributes=\u00bbbutton_url\u00bb _module_preset=\u00bbdefault\u00bb custom_button=\u00bbon\u00bb button_text_color=\u00bbgcid-2039cefd-9fd0-48c8-89ea-3f9f8b539320&#8243; button_bg_color=\u00bb#66E6F2&#8243; button_border_color=\u00bb#66E6F2&#8243; global_module=\u00bb37997&#8243; saved_tabs=\u00bball\u00bb global_colors_info=\u00bb{%22gcid-2039cefd-9fd0-48c8-89ea-3f9f8b539320%22:%91%22button_text_color%22,%22button_bg_color__hover%22,%22button_border_color__hover%22%93,%22gcid-97893951-444b-4f60-a4de-e60dcf40c9f9%22:%91%22button_text_color__hover%22%93}\u00bb button_text_color__hover_enabled=\u00bbon|hover\u00bb button_text_color__hover=\u00bb#edf8ff\u00bb button_bg_color__hover_enabled=\u00bbon|hover\u00bb button_bg_color__hover=\u00bb#4f7887&#8243; button_bg_enable_color__hover=\u00bbon\u00bb button_border_color__hover_enabled=\u00bbon|hover\u00bb button_border_color__hover=\u00bb#4f7887&#8243;][\/et_pb_button][\/et_pb_column][et_pb_column type=\u00bb1_2&#8243; _builder_version=\u00bb4.16&#8243; _module_preset=\u00bbdefault\u00bb global_colors_info=\u00bb{}\u00bb][et_pb_blurb title=\u00bbDespertar la conciencia a trav\u00e9s del Cuerpo en la infancia \u00bb url=\u00bbhttps:\/\/awarenessthroughthebody.org\/es\/books-awarenessthroughthebody\/book-atb-in-the-kindergarten\/\u00bb url_new_window=\u00bbon\u00bb image=\u00bbhttps:\/\/awarenessthroughthebody.org\/wp-content\/uploads\/2021\/07\/ATB-in-kindergarten.png\u00bb alt=\u00bbATB in kindergarten-boek\u00bb image_icon_width=\u00bb300px\u00bb _builder_version=\u00bb4.27.2&#8243; _module_preset=\u00bbdefault\u00bb header_level=\u00bbh2&#8243; header_font_size=\u00bb30px\u00bb body_line_height=\u00bb1.5em\u00bb custom_margin=\u00bb31px||||false|false\u00bb custom_margin_tablet=\u00bb31px||||false|false\u00bb custom_margin_phone=\u00bb51px||||false|false\u00bb custom_margin_last_edited=\u00bbon|desktop\u00bb link_option_url=\u00bbhttps:\/\/awarenessthroughthebody.org\/es\/books-awarenessthroughthebody\/book-atb-in-the-kindergarten\/\u00bb link_option_url_new_window=\u00bbon\u00bb global_colors_info=\u00bb{}\u00bb]<\/p>\n<p><em><span>Primeros pasos para cultivar atenci\u00f3n, relajaci\u00f3n y conciencia de uno mismo <\/span><\/em><\/p>\n<p><span>Libro muy pr\u00e1ctico que describe con detalle c\u00f3mo se trabaja desde edades muy tempranas para ayudar a los ni\u00f1os a asentar las bases de la atenci\u00f3n consciente, las habilidades b\u00e1sicas que uno necesita para autoconocerse mejor a s\u00ed mismo y el mundo alrededor, y las destrezas b\u00e1sicas para autogestionarse con mayor eficacia. <\/span><\/p>\n<p>[\/et_pb_blurb][et_pb_button button_url=\u00bb@ET-DC@eyJkeW5hbWljIjp0cnVlLCJjb250ZW50IjoicG9zdF9saW5rX3VybF9wYWdlIiwic2V0dGluZ3MiOnsicG9zdF9pZCI6IjMxMjQ5IiwiZW5hYmxlX2h0bWwiOiJvZmYifX0=@\u00bb button_text=\u00bbPulse aqu\u00ed para m\u00e1s informaci\u00f3n\u00bb button_alignment=\u00bbleft\u00bb _builder_version=\u00bb4.27.2&#8243; _dynamic_attributes=\u00bbbutton_url\u00bb _module_preset=\u00bbdefault\u00bb custom_button=\u00bbon\u00bb button_text_color=\u00bbgcid-2039cefd-9fd0-48c8-89ea-3f9f8b539320&#8243; button_bg_color=\u00bb#66E6F2&#8243; button_border_color=\u00bb#66E6F2&#8243; global_module=\u00bb37997&#8243; saved_tabs=\u00bball\u00bb global_colors_info=\u00bb{%22gcid-2039cefd-9fd0-48c8-89ea-3f9f8b539320%22:%91%22button_text_color%22,%22button_bg_color__hover%22,%22button_border_color__hover%22%93,%22gcid-97893951-444b-4f60-a4de-e60dcf40c9f9%22:%91%22button_text_color__hover%22%93}\u00bb button_text_color__hover_enabled=\u00bbon|hover\u00bb button_text_color__hover=\u00bb#edf8ff\u00bb button_bg_color__hover_enabled=\u00bbon|hover\u00bb button_bg_color__hover=\u00bb#4f7887&#8243; button_bg_enable_color__hover=\u00bbon\u00bb button_border_color__hover_enabled=\u00bbon|hover\u00bb button_border_color__hover=\u00bb#4f7887&#8243;][\/et_pb_button][\/et_pb_column][\/et_pb_row][\/et_pb_section]<\/p>\n","protected":false},"excerpt":{"rendered":"<p>Explora el poder transformador de Awareness Through the Body con nuestros dos libros esenciales escritos por los fundadores de ATB. &nbsp;Un camino para fomentar la concentraci\u00f3n, la relajaci\u00f3n, el autoconocimiento y la autoregulacion, en ni\u00f1os y adultos. En este libro compartimos los fundamentos del Despertar la Conciencia a trav\u00e9s del cuerpo y describimos los ejercicios [&hellip;]<\/p>\n","protected":false},"author":16,"featured_media":0,"parent":0,"menu_order":0,"comment_status":"closed","ping_status":"closed","template":"","meta":{"_et_pb_use_builder":"on","_et_pb_old_content":"","_et_gb_content_width":"","_monsterinsights_skip_tracking":false,"_monsterinsights_sitenote_active":false,"_monsterinsights_sitenote_note":"","_monsterinsights_sitenote_category":0,"footnotes":""},"class_list":["post-34119","page","type-page","status-publish","hentry"],"_links":{"self":[{"href":"https:\/\/awarenessthroughthebody.org\/es\/wp-json\/wp\/v2\/pages\/34119","targetHints":{"allow":["GET"]}}],"collection":[{"href":"https:\/\/awarenessthroughthebody.org\/es\/wp-json\/wp\/v2\/pages"}],"about":[{"href":"https:\/\/awarenessthroughthebody.org\/es\/wp-json\/wp\/v2\/types\/page"}],"author":[{"embeddable":true,"href":"https:\/\/awarenessthroughthebody.org\/es\/wp-json\/wp\/v2\/users\/16"}],"replies":[{"embeddable":true,"href":"https:\/\/awarenessthroughthebody.org\/es\/wp-json\/wp\/v2\/comments?post=34119"}],"version-history":[{"count":34,"href":"https:\/\/awarenessthroughthebody.org\/es\/wp-json\/wp\/v2\/pages\/34119\/revisions"}],"predecessor-version":[{"id":40284,"href":"https:\/\/awarenessthroughthebody.org\/es\/wp-json\/wp\/v2\/pages\/34119\/revisions\/40284"}],"wp:attachment":[{"href":"https:\/\/awarenessthroughthebody.org\/es\/wp-json\/wp\/v2\/media?parent=34119"}],"curies":[{"name":"wp","href":"https:\/\/api.w.org\/{rel}","templated":true}]}}