{"id":34101,"date":"2022-03-09T16:18:33","date_gmt":"2022-03-09T16:18:33","guid":{"rendered":"https:\/\/awarenessthroughthebody.org\/becoming-a-certified-facilitator\/"},"modified":"2024-10-19T07:09:11","modified_gmt":"2024-10-19T05:09:11","slug":"becoming-a-certified-facilitator","status":"publish","type":"page","link":"https:\/\/awarenessthroughthebody.org\/es\/atb-practitioners-categories\/becoming-a-certified-facilitator\/","title":{"rendered":"Convertirse en un facilitador certificado"},"content":{"rendered":"<p>[et_pb_section fb_built=\u00bb1&#8243; fullwidth=\u00bbon\u00bb custom_padding_last_edited=\u00bbon|desktop\u00bb admin_label=\u00bbPage Header\u00bb _builder_version=\u00bb4.27.2&#8243; use_background_color_gradient=\u00bbon\u00bb background_color_gradient_stops=\u00bbrgba(15,1,2,0.41) 0%|rgba(10,0,0,0.4) 100%\u00bb background_color_gradient_overlays_image=\u00bbon\u00bb background_image=\u00bbhttps:\/\/awarenessthroughthebody.org\/wp-content\/uploads\/2021\/09\/img_0627-2.jpg\u00bb width_last_edited=\u00bboff|phone\u00bb min_height_tablet=\u00bb18vw\u00bb min_height_last_edited=\u00bboff|phone\u00bb custom_padding=\u00bb100px||100px||true|false\u00bb custom_padding_tablet=\u00bb100px||100px||true|false\u00bb custom_padding_phone=\u00bb30px||30px||true|false\u00bb animation_direction=\u00bbtop\u00bb custom_css_main_element=\u00bbdisplay: flex;||flex-direction: column;||justify-content: center;||\u00bb global_colors_info=\u00bb{}\u00bb][et_pb_fullwidth_header title=\u00bbConvertirse en un facilitador certificado\u00bb header_scroll_down=\u00bbon\u00bb scroll_down_icon_size=\u00bb0px\u00bb content_max_width=\u00bb70%\u00bb content_max_width_tablet=\u00bb70%\u00bb content_max_width_phone=\u00bb\u00bb content_max_width_last_edited=\u00bbon|desktop\u00bb admin_label=\u00bbHero Section\u00bb _builder_version=\u00bb4.27.2&#8243; title_font=\u00bb&#8211;et_global_heading_font|700|||||||\u00bb title_font_size=\u00bb60px\u00bb title_line_height=\u00bb1.4em\u00bb content_font_size=\u00bb22px\u00bb subhead_font=\u00bb||||\u00bb subhead_text_color=\u00bbrgba(0,0,0,0)\u00bb background_color=\u00bbrgba(255, 255, 255, 0)\u00bb use_background_color_gradient=\u00bbon\u00bb background_color_gradient_type=\u00bbcircular\u00bb background_color_gradient_stops=\u00bbrgba(255,255,255,0) 8%|rgba(0,0,0,0) 66%\u00bb background_color_gradient_start=\u00bbrgba(255,255,255,0)\u00bb background_color_gradient_start_position=\u00bb8%\u00bb background_color_gradient_end=\u00bbrgba(0,0,0,0)\u00bb background_color_gradient_end_position=\u00bb66%\u00bb custom_button_one=\u00bbon\u00bb button_one_text_size=\u00bb16px\u00bb button_one_bg_color=\u00bb#6eba01&#8243; button_one_border_width=\u00bb2px\u00bb button_one_border_color=\u00bb#6eba01&#8243; button_one_border_radius=\u00bb0&#8243; button_one_letter_spacing=\u00bb2&#8243; button_one_font=\u00bbMontserrat|||on|\u00bb button_one_use_icon=\u00bboff\u00bb custom_button_two=\u00bbon\u00bb button_two_text_size=\u00bb16px\u00bb button_two_border_width=\u00bb2px\u00bb button_two_border_color=\u00bb#ffffff\u00bb button_two_border_radius=\u00bb0&#8243; button_two_letter_spacing=\u00bb2&#8243; button_two_font=\u00bbMontserrat|||on|\u00bb button_two_use_icon=\u00bboff\u00bb width_last_edited=\u00bboff|phone\u00bb module_alignment=\u00bbcenter\u00bb min_height_tablet=\u00bb293px\u00bb min_height_phone=\u00bb\u00bb min_height_last_edited=\u00bbon|phone\u00bb custom_padding=\u00bb60px||60px||true|false\u00bb custom_padding_tablet=\u00bb60px||60px||true|false\u00bb custom_padding_phone=\u00bb10px||10px||true|false\u00bb custom_padding_last_edited=\u00bbon|desktop\u00bb animation_style=\u00bbfade\u00bb title_font_size_tablet=\u00bb\u00bb title_font_size_phone=\u00bb45px\u00bb title_font_size_last_edited=\u00bbon|phone\u00bb button_one_text_color_hover=\u00bb#6eba01&#8243; button_two_text_color_hover=\u00bb#6eba01&#8243; button_one_border_color_hover=\u00bb#ffffff\u00bb button_two_border_color_hover=\u00bb#ffffff\u00bb button_one_border_radius_hover=\u00bb0&#8243; button_two_border_radius_hover=\u00bb0&#8243; button_one_letter_spacing_hover=\u00bb2&#8243; button_two_letter_spacing_hover=\u00bb2&#8243; button_one_bg_color_hover=\u00bb#ffffff\u00bb button_two_bg_color_hover=\u00bb#ffffff\u00bb global_colors_info=\u00bb{}\u00bb button_one_text_size__hover_enabled=\u00bboff\u00bb button_two_text_size__hover_enabled=\u00bboff\u00bb button_one_text_color__hover_enabled=\u00bbon\u00bb button_one_text_color__hover=\u00bb#6eba01&#8243; button_two_text_color__hover_enabled=\u00bbon\u00bb button_two_text_color__hover=\u00bb#6eba01&#8243; button_one_border_width__hover_enabled=\u00bboff\u00bb button_two_border_width__hover_enabled=\u00bboff\u00bb button_one_border_color__hover_enabled=\u00bbon\u00bb button_one_border_color__hover=\u00bb#ffffff\u00bb button_two_border_color__hover_enabled=\u00bbon\u00bb button_two_border_color__hover=\u00bb#ffffff\u00bb button_one_border_radius__hover_enabled=\u00bbon\u00bb button_one_border_radius__hover=\u00bb0&#8243; button_two_border_radius__hover_enabled=\u00bbon\u00bb button_two_border_radius__hover=\u00bb0&#8243; button_one_letter_spacing__hover_enabled=\u00bbon\u00bb button_one_letter_spacing__hover=\u00bb2&#8243; button_two_letter_spacing__hover_enabled=\u00bbon\u00bb button_two_letter_spacing__hover=\u00bb2&#8243; button_one_bg_color__hover_enabled=\u00bbon\u00bb button_one_bg_color__hover=\u00bb#ffffff\u00bb button_two_bg_color__hover_enabled=\u00bbon\u00bb button_two_bg_color__hover=\u00bb#ffffff\u00bb][\/et_pb_fullwidth_header][\/et_pb_section][et_pb_section fb_built=\u00bb1&#8243; _builder_version=\u00bb4.22.1&#8243; min_height=\u00bb1739.7px\u00bb custom_padding=\u00bb29px||29px||true|\u00bb global_colors_info=\u00bb{}\u00bb][et_pb_row _builder_version=\u00bb4.16&#8243; _module_preset=\u00bbdefault\u00bb global_colors_info=\u00bb{}\u00bb][et_pb_column type=\u00bb4_4&#8243; _builder_version=\u00bb4.16&#8243; _module_preset=\u00bbdefault\u00bb global_colors_info=\u00bb{}\u00bb][et_pb_text _builder_version=\u00bb4.27.2&#8243; _module_preset=\u00bbdefault\u00bb hover_enabled=\u00bb0&#8243; global_colors_info=\u00bb{%22gcid-2039cefd-9fd0-48c8-89ea-3f9f8b539320%22:%91%22header_2_text_color%22%93}\u00bb text_text_color=\u00bb#6D6D6D\u00bb text_font_size_last_edited=\u00bbon|phone\u00bb sticky_enabled=\u00bb0&#8243; text_font_size_phone=\u00bb17px\u00bb]<\/p>\n<h2>Facilitadores Certificados<\/h2>\n<p>Una vez finalizados los m\u00f3dulos b\u00e1sico y avanzado (120 horas), puedes optar a ser facilitador en formaci\u00f3n. Como facilitador ATB en formaci\u00f3n tendr\u00e1s que empezar a utilizar ATB regularmente, ya sea incorpor\u00e1ndolo en tus clases\/sesiones o practic\u00e1ndolo con peque\u00f1os grupos de amigos.<br \/>A trav\u00e9s de la pr\u00e1ctica, poco a poco ir\u00e1s integrando ATB en tu ser y tambi\u00e9n ser\u00e1s capaz de reconocer qu\u00e9 material de ATB no has asimilado y necesitas ser practicar m\u00e1s profundamente. <\/p>\n<p>A partir de aqu\u00ed tendr\u00e1s que asistir a un m\u00ednimo de <em>120 horas m\u00e1s<\/em> de intensivos ATB <em>repitiendo <\/em>los m\u00f3dulos B\u00e1sico y Avanzado.<br \/>Mientras sigues integrando ATB, para ayudarte a estructurar y profundizar tu trabajo para convertirte en un facilitador certificado ATB, necesitar\u00e1s cumplir y presentar lo siguiente:<\/p>\n<p>[\/et_pb_text][\/et_pb_column][\/et_pb_row][et_pb_row column_structure=\u00bb1_2,1_2&#8243; custom_padding_last_edited=\u00bbon|phone\u00bb _builder_version=\u00bb4.27.2&#8243; custom_margin_tablet=\u00bb\u00bb custom_margin_phone=\u00bb0px||||false|false\u00bb custom_margin_last_edited=\u00bbon|phone\u00bb custom_padding_tablet=\u00bb\u00bb custom_padding_phone=\u00bb0px||||false|false\u00bb global_colors_info=\u00bb{}\u00bb][et_pb_column type=\u00bb1_2&#8243; _builder_version=\u00bb4.16&#8243; global_colors_info=\u00bb{}\u00bb][et_pb_text _builder_version=\u00bb4.27.2&#8243; header_font=\u00bb|||on|||||\u00bb header_2_font=\u00bb|700||on|||||\u00bb header_2_font_size=\u00bb29px\u00bb min_height=\u00bb13px\u00bb custom_margin=\u00bb||||false|false\u00bb custom_padding=\u00bb0px||0px||false|false\u00bb hover_enabled=\u00bb0&#8243; global_colors_info=\u00bb{}\u00bb sticky_enabled=\u00bb0&#8243;]<\/p>\n<h3>Autoexploraci\u00f3n<\/h3>\n<p>[\/et_pb_text][et_pb_text _builder_version=\u00bb4.27.2&#8243; min_height=\u00bb105px\u00bb custom_padding=\u00bb4px||0px|||\u00bb hover_enabled=\u00bb0&#8243; global_colors_info=\u00bb{%22gcid-2039cefd-9fd0-48c8-89ea-3f9f8b539320%22:%91%22header_2_text_color%22%93}\u00bb text_text_color=\u00bb#6D6D6D\u00bb text_font_size_last_edited=\u00bbon|phone\u00bb sticky_enabled=\u00bb0&#8243; text_font_size_phone=\u00bb17px\u00bb]<\/p>\n<p>Registrar 50 horas de exploraciones de auto-sentirse con una breve descripci\u00f3n de la esencia de tu experiencia personal. Se puede descargar una tabla de registro haciendo clic <a href=\"https:\/\/awarenessthroughthebody.org\/wp-content\/uploads\/2021\/10\/1.0-ATB-Self-sensing-log-table.pdf\" target=\"_blank\" rel=\"noopener noreferrer\">aqu\u00ed.<\/a><\/p>\n<p>Trabajar regularmente con ejercicios de ATB por tu cuenta o con un compa\u00f1ero si es necesario (como en el modelado). Para que puedas integrarlos en tu cuerpo y aumentar tu conciencia de lo que cada ejercicio aborda y aporta.<br \/>Tambi\u00e9n necesitar\u00e1s comprometerte con una pr\u00e1ctica corporal regular introduciendo en ella la manera de hacer de ATB.<\/p>\n<p>[\/et_pb_text][\/et_pb_column][et_pb_column type=\u00bb1_2&#8243; _builder_version=\u00bb4.16&#8243; global_colors_info=\u00bb{}\u00bb][et_pb_image src=\u00bbhttps:\/\/awarenessthroughthebody.org\/wp-content\/uploads\/2021\/08\/dsc01246.jpg\u00bb title_text=\u00bbdsc01246&#8243; align=\u00bbcenter\u00bb _builder_version=\u00bb4.16&#8243; width=\u00bb90%\u00bb border_radii=\u00bbon|5px|5px|5px|5px\u00bb global_colors_info=\u00bb{}\u00bb][\/et_pb_image][\/et_pb_column][\/et_pb_row][et_pb_row column_structure=\u00bb1_2,1_2&#8243; custom_padding_last_edited=\u00bbon|phone\u00bb module_class=\u00bbcustom_row\u00bb _builder_version=\u00bb4.27.2&#8243; _module_preset=\u00bbdefault\u00bb custom_margin_tablet=\u00bb\u00bb custom_margin_phone=\u00bb0px||0px||true|false\u00bb custom_margin_last_edited=\u00bbon|phone\u00bb custom_padding_tablet=\u00bb\u00bb custom_padding_phone=\u00bb0px||0px||true|false\u00bb global_colors_info=\u00bb{}\u00bb][et_pb_column type=\u00bb1_2&#8243; module_class=\u00bbsecond-on-mobile\u00bb _builder_version=\u00bb4.16&#8243; _module_preset=\u00bbdefault\u00bb global_colors_info=\u00bb{}\u00bb][et_pb_image src=\u00bbhttps:\/\/awarenessthroughthebody.org\/wp-content\/uploads\/2021\/09\/dsc00298-2.jpg\u00bb title_text=\u00bbdsc00298-2&#8243; align=\u00bbcenter\u00bb _builder_version=\u00bb4.27.2&#8243; _module_preset=\u00bbdefault\u00bb width=\u00bb100%\u00bb custom_margin_tablet=\u00bb\u00bb custom_margin_phone=\u00bb20px||||false|false\u00bb custom_margin_last_edited=\u00bbon|phone\u00bb border_radii=\u00bbon|5px|5px|5px|5px\u00bb global_colors_info=\u00bb{}\u00bb][\/et_pb_image][\/et_pb_column][et_pb_column type=\u00bb1_2&#8243; module_class=\u00bbfirst-on-mobile\u00bb _builder_version=\u00bb4.16&#8243; _module_preset=\u00bbdefault\u00bb global_colors_info=\u00bb{}\u00bb][et_pb_text _builder_version=\u00bb4.27.2&#8243; _module_preset=\u00bbdefault\u00bb custom_padding=\u00bb6px|||||\u00bb global_colors_info=\u00bb{}\u00bb]<\/p>\n<h3>Pr\u00e1ctica con Grupos<\/h3>\n<p>[\/et_pb_text][et_pb_text _builder_version=\u00bb4.27.2&#8243; _module_preset=\u00bbdefault\u00bb min_height=\u00bb12px\u00bb custom_margin=\u00bb-35px|||||\u00bb custom_padding=\u00bb0px|||||\u00bb hover_enabled=\u00bb0&#8243; global_colors_info=\u00bb{%22gcid-2039cefd-9fd0-48c8-89ea-3f9f8b539320%22:%91%22header_2_text_color%22%93}\u00bb text_text_color=\u00bb#6D6D6D\u00bb text_font_size_last_edited=\u00bbon|phone\u00bb sticky_enabled=\u00bb0&#8243; text_font_size_phone=\u00bb17px\u00bb]<\/p>\n<p>Durante el per\u00edodo de pr\u00e1ctica en liderar grupos, deber\u00e1s trabajar en la elaboraci\u00f3n de planes de clase efectivos y llevar un registro de las sesiones que realices.<\/p>\n<p><strong>Libro de registro<\/strong> (Se puede descargar una muestra haciendo clic <a href=\"https:\/\/awarenessthroughthebody.org\/wp-content\/uploads\/2021\/10\/1.0-ATB-Sessions-Log-Sheet.pdf\" target=\"_blank\" rel=\"noopener noreferrer\">aqu\u00ed<\/a>)<\/p>\n<p>En el libro de registro, anota una breve entrada para cada sesi\u00f3n que hagas con una descripci\u00f3n general de la sesi\u00f3n y reflexiones sobre c\u00f3mo ir mejorando de una sesi\u00f3n a otra.<\/p>\n<p>[\/et_pb_text][\/et_pb_column][\/et_pb_row][et_pb_row _builder_version=\u00bb4.16&#8243; _module_preset=\u00bbdefault\u00bb min_height=\u00bb189px\u00bb custom_margin=\u00bb5px|auto||auto||\u00bb global_colors_info=\u00bb{}\u00bb][et_pb_column type=\u00bb4_4&#8243; _builder_version=\u00bb4.16&#8243; _module_preset=\u00bbdefault\u00bb global_colors_info=\u00bb{}\u00bb][et_pb_text _builder_version=\u00bb4.27.2&#8243; _module_preset=\u00bbdefault\u00bb custom_margin=\u00bb-19px|||||\u00bb hover_enabled=\u00bb0&#8243; global_colors_info=\u00bb{%22gcid-2039cefd-9fd0-48c8-89ea-3f9f8b539320%22:%91%22header_2_text_color%22%93}\u00bb text_text_color=\u00bb#6D6D6D\u00bb text_font_size_last_edited=\u00bbon|phone\u00bb sticky_enabled=\u00bb0&#8243; text_font_size_phone=\u00bb17px\u00bb]<\/p>\n<p>Deber\u00e1s presentar 50 horas de sesiones-pr\u00e1cticas liderando un grupo. 25 sesiones pueden ser de las sesiones de pr\u00e1ctica registradas que has estado haciendo, y 25 sesiones deben realizarse despu\u00e9s de haber completado la segunda ronda de talleres.<\/p>\n<p><strong>Planes de clase<\/strong> (se puede descargar un ejemplo de plan de clase <a href=\"https:\/\/awarenessthroughthebody.org\/wp-content\/uploads\/2021\/10\/1.0-atb-class-plan-sample.pdf\" target=\"_blank\" rel=\"noopener noreferrer\">aqu\u00ed<\/a>)<\/p>\n<p>Deber\u00e1s enviar 10 planes de clase que hayan funcionado bien de las sesiones que has hecho.<\/p>\n<p>[\/et_pb_text][\/et_pb_column][\/et_pb_row][et_pb_row column_structure=\u00bb1_2,1_2&#8243; custom_padding_last_edited=\u00bbon|phone\u00bb _builder_version=\u00bb4.27.2&#8243; custom_margin_tablet=\u00bb\u00bb custom_margin_phone=\u00bb0px||||false|false\u00bb custom_margin_last_edited=\u00bbon|phone\u00bb custom_padding_tablet=\u00bb\u00bb custom_padding_phone=\u00bb0px||||false|false\u00bb global_colors_info=\u00bb{}\u00bb][et_pb_column type=\u00bb1_2&#8243; _builder_version=\u00bb4.16&#8243; global_colors_info=\u00bb{}\u00bb][et_pb_text _builder_version=\u00bb4.27.2&#8243; header_font=\u00bb|||on|||||\u00bb header_2_font=\u00bb|700||on|||||\u00bb header_2_font_size=\u00bb29px\u00bb min_height=\u00bb44px\u00bb custom_margin=\u00bb2px||-2px|||\u00bb custom_padding=\u00bb0px||0px|||\u00bb hover_enabled=\u00bb0&#8243; global_colors_info=\u00bb{%22gcid-2039cefd-9fd0-48c8-89ea-3f9f8b539320%22:%91%22header_2_text_color%22%93}\u00bb text_text_color=\u00bb#6D6D6D\u00bb text_font_size_last_edited=\u00bbon|phone\u00bb sticky_enabled=\u00bb0&#8243; text_font_size_phone=\u00bb17px\u00bb]<\/p>\n<h3>Anatom\u00eda<\/h3>\n<p>Presentar acreditaci\u00f3n de un curso de anatom\u00eda b\u00e1sica. El conocimiento del esqueleto, m\u00fasculos, \u00f3rganos y sistema nervioso del cuerpo es indispensable para ATB.<\/p>\n<h3>Acerca de ATB:<\/h3>\n<p>Escribe una reflexi\u00f3n sobre ATB:<\/p>\n<ul>\n<li>\u00bfQu\u00e9 es ATB para ti?<\/li>\n<li>\u00bfQu\u00e9 te aporta a ti y a tu vida?<\/li>\n<li>\u00bfQu\u00e9 crees o sientes que ATB puede aportar a los dem\u00e1s\/a la sociedad?<\/li>\n<\/ul>\n<p>[\/et_pb_text][\/et_pb_column][et_pb_column type=\u00bb1_2&#8243; _builder_version=\u00bb4.16&#8243; global_colors_info=\u00bb{}\u00bb][et_pb_image src=\u00bbhttps:\/\/awarenessthroughthebody.org\/wp-content\/uploads\/2021\/09\/img_6196.jpg\u00bb title_text=\u00bbimg_6196&#8243; align=\u00bbcenter\u00bb _builder_version=\u00bb4.16&#8243; width=\u00bb89%\u00bb border_radii=\u00bbon|5px|5px|5px|5px\u00bb global_colors_info=\u00bb{}\u00bb][\/et_pb_image][\/et_pb_column][\/et_pb_row][et_pb_row _builder_version=\u00bb4.16&#8243; _module_preset=\u00bbdefault\u00bb global_colors_info=\u00bb{}\u00bb][et_pb_column type=\u00bb4_4&#8243; _builder_version=\u00bb4.16&#8243; _module_preset=\u00bbdefault\u00bb global_colors_info=\u00bb{}\u00bb][et_pb_text _builder_version=\u00bb4.27.2&#8243; _module_preset=\u00bbdefault\u00bb hover_enabled=\u00bb0&#8243; global_colors_info=\u00bb{%22gcid-2039cefd-9fd0-48c8-89ea-3f9f8b539320%22:%91%22header_2_text_color%22%93}\u00bb text_text_color=\u00bb#6D6D6D\u00bb text_font_size_last_edited=\u00bbon|phone\u00bb sticky_enabled=\u00bb0&#8243; text_font_size_phone=\u00bb17px\u00bb]<\/p>\n<h3>Facilitar una sesi\u00f3n de ATB<\/h3>\n<p>Una vez cumplidas las condiciones anteriores y despu\u00e9s de trabajar sobre el feedback recibido, con el asesoramiento de un formador ATB, deber\u00e1s enviarnos un v\u00eddeo de aproximadamente una hora de una sesi\u00f3n que facilites. Entonces te daremos feedback para ayudarte a seguir progresando. Trabajar con material de v\u00eddeo de las sesiones llevar\u00e1 un tiempo diferente a cada persona.  <\/p>\n<p>M\u00e1s adelante, cuando te sientas preparado, tendr\u00e1s que organizar una sesi\u00f3n de 1&#8217;30 horas para un grupo en la que este presente un formador certificado.<\/p>\n<p>Despu\u00e9s de esta sesi\u00f3n de 2 horas, recibir\u00e1s comentarios adicionales sobre los aspectos en los que necesitas trabajar.<br \/>Ten en cuenta que a veces pueden ser necesarias varias sesiones en vivo.<br \/>Una vez que hayas integrado las bases de ATB, estar\u00e1s certificado como facilitador de ATB.<\/p>\n<p><em>Como este es un proceso de aprendizaje, el haber completado todos los requisitos no significa necesariamente que obtendr\u00e1s la certificaci\u00f3n. Puede que tengas que rehacer parte de ella y\/o trabajar en puntos concretos.<\/em><\/p>\n<p>[\/et_pb_text][et_pb_text _builder_version=\u00bb4.27.2&#8243; _module_preset=\u00bbdefault\u00bb hover_enabled=\u00bb0&#8243; global_colors_info=\u00bb{%22gcid-2039cefd-9fd0-48c8-89ea-3f9f8b539320%22:%91%22header_2_text_color%22%93}\u00bb text_text_color=\u00bb#6D6D6D\u00bb text_font_size_last_edited=\u00bbon|phone\u00bb sticky_enabled=\u00bb0&#8243; text_font_size_phone=\u00bb17px\u00bb]<\/p>\n<h2>Formaci\u00f3n Pedag\u00f3gica<\/h2>\n<p><em>Awareness Through the Body no ofrece formaci\u00f3n pedag\u00f3gica y si no eres profesor o terapeuta y quieres trabajar con ni\u00f1os, es posible que tambi\u00e9n necesites formaci\u00f3n en este campo.<\/em><\/p>\n<p>[\/et_pb_text][et_pb_text _builder_version=\u00bb4.27.2&#8243; _module_preset=\u00bbdefault\u00bb hover_enabled=\u00bb0&#8243; global_colors_info=\u00bb{%22gcid-2039cefd-9fd0-48c8-89ea-3f9f8b539320%22:%91%22header_2_text_color%22%93}\u00bb text_text_color=\u00bb#6D6D6D\u00bb text_font_size_last_edited=\u00bbon|phone\u00bb sticky_enabled=\u00bb0&#8243; text_font_size_phone=\u00bb17px\u00bb]<\/p>\n<h2>Ser un Facilitador Certificado<\/h2>\n<p>La Certificaci\u00f3n de Facilitador ATB acredita que la persona que la posee est\u00e1 cualificada para poner en pr\u00e1ctica programas ATB, sesiones ATB y dirigir talleres exploratorios ATB. Sin embargo, esta certificaci\u00f3n no cualifica a la persona para formar a otras personas como Facilitadores Certificados de ATB; esto lo hace un ATB <strong>Trainer, <\/strong>un Formador de ATB).<\/p>\n<p><strong>Deber\u00e1s comprometerte<\/strong> a seguir creciendo e integrando la conciencia consciente en tu vida. Necesitar\u00e1s tener<strong> una pr\u00e1ctica diaria en la que puedas explorarte a ti mismo.<\/strong> Podr\u00eda ser \u00fatil inscribirte en una disciplina f\u00edsica que fomente la conciencia, por ejemplo: Tai chi, Feldenkrais, Hatha yoga, y practicarla usando los principios de ATB.<\/p>\n<p>[\/et_pb_text][\/et_pb_column][\/et_pb_row][\/et_pb_section]<\/p>\n","protected":false},"excerpt":{"rendered":"<p>Facilitadores Certificados Una vez finalizados los m\u00f3dulos b\u00e1sico y avanzado (120 horas), puedes optar a ser facilitador en formaci\u00f3n. Como facilitador ATB en formaci\u00f3n tendr\u00e1s que empezar a utilizar ATB regularmente, ya sea incorpor\u00e1ndolo en tus clases\/sesiones o practic\u00e1ndolo con peque\u00f1os grupos de amigos.A trav\u00e9s de la pr\u00e1ctica, poco a poco ir\u00e1s integrando ATB en [&hellip;]<\/p>\n","protected":false},"author":16,"featured_media":0,"parent":34073,"menu_order":0,"comment_status":"closed","ping_status":"closed","template":"","meta":{"_et_pb_use_builder":"on","_et_pb_old_content":"","_et_gb_content_width":"","_monsterinsights_skip_tracking":false,"_monsterinsights_sitenote_active":false,"_monsterinsights_sitenote_note":"","_monsterinsights_sitenote_category":0,"footnotes":""},"class_list":["post-34101","page","type-page","status-publish","hentry"],"_links":{"self":[{"href":"https:\/\/awarenessthroughthebody.org\/es\/wp-json\/wp\/v2\/pages\/34101","targetHints":{"allow":["GET"]}}],"collection":[{"href":"https:\/\/awarenessthroughthebody.org\/es\/wp-json\/wp\/v2\/pages"}],"about":[{"href":"https:\/\/awarenessthroughthebody.org\/es\/wp-json\/wp\/v2\/types\/page"}],"author":[{"embeddable":true,"href":"https:\/\/awarenessthroughthebody.org\/es\/wp-json\/wp\/v2\/users\/16"}],"replies":[{"embeddable":true,"href":"https:\/\/awarenessthroughthebody.org\/es\/wp-json\/wp\/v2\/comments?post=34101"}],"version-history":[{"count":33,"href":"https:\/\/awarenessthroughthebody.org\/es\/wp-json\/wp\/v2\/pages\/34101\/revisions"}],"predecessor-version":[{"id":38651,"href":"https:\/\/awarenessthroughthebody.org\/es\/wp-json\/wp\/v2\/pages\/34101\/revisions\/38651"}],"up":[{"embeddable":true,"href":"https:\/\/awarenessthroughthebody.org\/es\/wp-json\/wp\/v2\/pages\/34073"}],"wp:attachment":[{"href":"https:\/\/awarenessthroughthebody.org\/es\/wp-json\/wp\/v2\/media?parent=34101"}],"curies":[{"name":"wp","href":"https:\/\/api.w.org\/{rel}","templated":true}]}}