{"id":34073,"date":"2022-03-09T16:14:46","date_gmt":"2022-03-09T16:14:46","guid":{"rendered":"https:\/\/awarenessthroughthebody.org\/atb-practitioners-categories\/"},"modified":"2024-11-25T10:42:50","modified_gmt":"2024-11-25T09:42:50","slug":"atb-practitioners-categories","status":"publish","type":"page","link":"https:\/\/awarenessthroughthebody.org\/es\/atb-practitioners-categories\/","title":{"rendered":"Categor\u00edas de ATB Practitioners"},"content":{"rendered":"<p>[et_pb_section fb_built=\u00bb1&#8243; fullwidth=\u00bbon\u00bb custom_padding_last_edited=\u00bbon|desktop\u00bb admin_label=\u00bbPage Header\u00bb _builder_version=\u00bb4.27.2&#8243; use_background_color_gradient=\u00bbon\u00bb background_color_gradient_stops=\u00bbrgba(15,1,2,0.41) 0%|rgba(10,0,0,0.4) 100%\u00bb background_color_gradient_overlays_image=\u00bbon\u00bb background_image=\u00bbhttps:\/\/awarenessthroughthebody.org\/wp-content\/uploads\/2021\/09\/img_0627-2.jpg\u00bb width_last_edited=\u00bboff|phone\u00bb min_height_tablet=\u00bb18vw\u00bb min_height_last_edited=\u00bboff|phone\u00bb custom_padding=\u00bb100px||100px||true|false\u00bb custom_padding_tablet=\u00bb100px||100px||true|false\u00bb custom_padding_phone=\u00bb30px||30px||true|false\u00bb animation_direction=\u00bbtop\u00bb custom_css_main_element=\u00bbdisplay: flex;||flex-direction: column;||justify-content: center;||\u00bb global_colors_info=\u00bb{}\u00bb][et_pb_fullwidth_header title=\u00bbCategor\u00edas de ATB Practitioners\u00bb header_scroll_down=\u00bbon\u00bb scroll_down_icon_size=\u00bb0px\u00bb content_max_width=\u00bb70%\u00bb content_max_width_tablet=\u00bb70%\u00bb content_max_width_phone=\u00bb\u00bb content_max_width_last_edited=\u00bbon|desktop\u00bb admin_label=\u00bbHero Section\u00bb _builder_version=\u00bb4.27.2&#8243; title_font=\u00bb&#8211;et_global_heading_font|700|||||||\u00bb title_font_size=\u00bb60px\u00bb title_line_height=\u00bb1.4em\u00bb content_font_size=\u00bb22px\u00bb subhead_font=\u00bb||||\u00bb subhead_text_color=\u00bbrgba(0,0,0,0)\u00bb background_color=\u00bbrgba(255, 255, 255, 0)\u00bb use_background_color_gradient=\u00bbon\u00bb background_color_gradient_type=\u00bbcircular\u00bb background_color_gradient_stops=\u00bbrgba(255,255,255,0) 8%|rgba(0,0,0,0) 66%\u00bb background_color_gradient_start=\u00bbrgba(255,255,255,0)\u00bb background_color_gradient_start_position=\u00bb8%\u00bb background_color_gradient_end=\u00bbrgba(0,0,0,0)\u00bb background_color_gradient_end_position=\u00bb66%\u00bb custom_button_one=\u00bbon\u00bb button_one_text_size=\u00bb16px\u00bb button_one_bg_color=\u00bb#6eba01&#8243; button_one_border_width=\u00bb2px\u00bb button_one_border_color=\u00bb#6eba01&#8243; button_one_border_radius=\u00bb0&#8243; button_one_letter_spacing=\u00bb2&#8243; button_one_font=\u00bbMontserrat|||on|\u00bb button_one_use_icon=\u00bboff\u00bb custom_button_two=\u00bbon\u00bb button_two_text_size=\u00bb16px\u00bb button_two_border_width=\u00bb2px\u00bb button_two_border_color=\u00bb#ffffff\u00bb button_two_border_radius=\u00bb0&#8243; button_two_letter_spacing=\u00bb2&#8243; button_two_font=\u00bbMontserrat|||on|\u00bb button_two_use_icon=\u00bboff\u00bb width_last_edited=\u00bboff|phone\u00bb module_alignment=\u00bbcenter\u00bb min_height_tablet=\u00bb293px\u00bb min_height_phone=\u00bb\u00bb min_height_last_edited=\u00bbon|phone\u00bb custom_padding=\u00bb60px||60px||true|false\u00bb custom_padding_tablet=\u00bb60px||60px||true|false\u00bb custom_padding_phone=\u00bb10px||10px||true|false\u00bb custom_padding_last_edited=\u00bbon|desktop\u00bb animation_style=\u00bbfade\u00bb title_font_size_tablet=\u00bb\u00bb title_font_size_phone=\u00bb45px\u00bb title_font_size_last_edited=\u00bbon|phone\u00bb button_one_text_color_hover=\u00bb#6eba01&#8243; button_two_text_color_hover=\u00bb#6eba01&#8243; button_one_border_color_hover=\u00bb#ffffff\u00bb button_two_border_color_hover=\u00bb#ffffff\u00bb button_one_border_radius_hover=\u00bb0&#8243; button_two_border_radius_hover=\u00bb0&#8243; button_one_letter_spacing_hover=\u00bb2&#8243; button_two_letter_spacing_hover=\u00bb2&#8243; button_one_bg_color_hover=\u00bb#ffffff\u00bb button_two_bg_color_hover=\u00bb#ffffff\u00bb global_colors_info=\u00bb{}\u00bb button_one_text_size__hover_enabled=\u00bboff\u00bb button_two_text_size__hover_enabled=\u00bboff\u00bb button_one_text_color__hover_enabled=\u00bbon\u00bb button_one_text_color__hover=\u00bb#6eba01&#8243; button_two_text_color__hover_enabled=\u00bbon\u00bb button_two_text_color__hover=\u00bb#6eba01&#8243; button_one_border_width__hover_enabled=\u00bboff\u00bb button_two_border_width__hover_enabled=\u00bboff\u00bb button_one_border_color__hover_enabled=\u00bbon\u00bb button_one_border_color__hover=\u00bb#ffffff\u00bb button_two_border_color__hover_enabled=\u00bbon\u00bb button_two_border_color__hover=\u00bb#ffffff\u00bb button_one_border_radius__hover_enabled=\u00bbon\u00bb button_one_border_radius__hover=\u00bb0&#8243; button_two_border_radius__hover_enabled=\u00bbon\u00bb button_two_border_radius__hover=\u00bb0&#8243; button_one_letter_spacing__hover_enabled=\u00bbon\u00bb button_one_letter_spacing__hover=\u00bb2&#8243; button_two_letter_spacing__hover_enabled=\u00bbon\u00bb button_two_letter_spacing__hover=\u00bb2&#8243; button_one_bg_color__hover_enabled=\u00bbon\u00bb button_one_bg_color__hover=\u00bb#ffffff\u00bb button_two_bg_color__hover_enabled=\u00bbon\u00bb button_two_bg_color__hover=\u00bb#ffffff\u00bb][\/et_pb_fullwidth_header][\/et_pb_section][et_pb_section fb_built=\u00bb1&#8243; _builder_version=\u00bb4.27.2&#8243; _module_preset=\u00bbdefault\u00bb custom_padding=\u00bb20px||20px||false|false\u00bb global_colors_info=\u00bb{}\u00bb][et_pb_row _builder_version=\u00bb4.27.2&#8243; _module_preset=\u00bbdefault\u00bb width=\u00bb70%\u00bb width_tablet=\u00bb70%\u00bb width_phone=\u00bb80%\u00bb width_last_edited=\u00bbon|phone\u00bb global_colors_info=\u00bb{}\u00bb][et_pb_column type=\u00bb4_4&#8243; _builder_version=\u00bb4.22.2&#8243; _module_preset=\u00bbdefault\u00bb global_colors_info=\u00bb{}\u00bb][et_pb_text _builder_version=\u00bb4.27.2&#8243; _module_preset=\u00bbdefault\u00bb text_text_color=\u00bb#6D6D6D\u00bb text_font_size=\u00bb21px\u00bb custom_margin=\u00bb0px||0px||false|false\u00bb custom_padding=\u00bb0px||0px||false|false\u00bb header_2_font_size_tablet=\u00bb42px\u00bb header_2_font_size_phone=\u00bb36px\u00bb global_colors_info=\u00bb{%22gcid-2039cefd-9fd0-48c8-89ea-3f9f8b539320%22:%91%22header_2_text_color%22%93}\u00bb]<\/p>\n<p style=\"text-align: left;\">Los m\u00f3dulos de formaci\u00f3n cuentan con una amplia variedad de participantes: personas que participan para su crecimiento personal, profesores y profesionales que trabajan con ni\u00f1os y terapeutas de diferentes campos. Los m\u00f3dulos ofrecen una experiencia vivencial y suficiente material, para que los participantes se sientan seguros para introducir ATB en su vida y su trabajo.<br \/>Si est\u00e1s interesado en convertirte en Facilitador &#8211; Formador ATB, puedes encontrar la informaci\u00f3n sobre la trayectoria aqu\u00ed. Como ATB es un proceso interno, ten en cuenta que el trayecto puede durar varios a\u00f1os.  <\/p>\n<p>[\/et_pb_text][\/et_pb_column][\/et_pb_row][\/et_pb_section][et_pb_section fb_built=\u00bb1&#8243; specialty=\u00bbon\u00bb admin_label=\u00bbTimeline\u00bb _builder_version=\u00bb4.22.2&#8243; background_color=\u00bb#efefef\u00bb global_colors_info=\u00bb{}\u00bb][et_pb_column type=\u00bb1_3&#8243; _builder_version=\u00bb4.16&#8243; custom_padding=\u00bb|||\u00bb global_colors_info=\u00bb{}\u00bb custom_padding__hover=\u00bb|||\u00bb][et_pb_text _builder_version=\u00bb4.27.2&#8243; text_font=\u00bb|600|||||||\u00bb header_2_font=\u00bb&#8211;et_global_heading_font|&#8211;et_global_heading_font_weight|||||||\u00bb header_4_font=\u00bbMerriweather||||||||\u00bb header_4_text_color=\u00bb#e94558&#8243; header_4_line_height=\u00bb1.4em\u00bb header_2_font_size_tablet=\u00bb60px\u00bb header_4_font_size_tablet=\u00bb20px\u00bb header_4_font_size_phone=\u00bb14px\u00bb header_4_font_size_last_edited=\u00bbon|phone\u00bb locked=\u00bboff\u00bb global_colors_info=\u00bb{%22gcid-a1dae8d3-549d-4f05-8698-80b91d568b42%22:%91%22text_text_color%22%93,%22gcid-2039cefd-9fd0-48c8-89ea-3f9f8b539320%22:%91%22header_2_text_color%22%93}\u00bb]<\/p>\n<h2>Convertirse en un Formador ATB<\/h2>\n<p>[\/et_pb_text][\/et_pb_column][et_pb_column type=\u00bb2_3&#8243; specialty_columns=\u00bb2&#8243; _builder_version=\u00bb4.16&#8243; custom_padding=\u00bb|||\u00bb global_colors_info=\u00bb{}\u00bb custom_padding__hover=\u00bb|||\u00bb][et_pb_row_inner _builder_version=\u00bb4.22.2&#8243; custom_padding=\u00bb|||30px|false|false\u00bb border_color_all=\u00bb#6E9BB3&#8243; border_width_left=\u00bb2px\u00bb global_colors_info=\u00bb{}\u00bb][et_pb_column_inner saved_specialty_column_type=\u00bb2_3&#8243; _builder_version=\u00bb4.16&#8243; global_colors_info=\u00bb{}\u00bb][et_pb_blurb title=\u00bbATB Practioner\u00bb image_icon_background_color=\u00bbgcid-809176b9-9738-48ff-afca-82cdbcbeea6a\u00bb image=\u00bbhttps:\/\/awarenessthroughthebody.org\/wp-content\/uploads\/2021\/08\/cropped-ATB_Favicon.png\u00bb alt=\u00bbcropped-ATB_Favicon.png\u00bb icon_placement=\u00bbleft\u00bb image_icon_width=\u00bb40px\u00bb content_max_width=\u00bb100%\u00bb _builder_version=\u00bb4.27.2&#8243; header_level=\u00bbh3&#8243; header_font=\u00bb&#8211;et_global_body_font||||||||\u00bb header_text_color=\u00bb#6E9BB3&#8243; header_font_size=\u00bb28px\u00bb header_line_height=\u00bb1.4em\u00bb body_font=\u00bb||||||||\u00bb body_text_color=\u00bb#6D6D6D\u00bb body_line_height=\u00bb1.6em\u00bb background_enable_color=\u00bboff\u00bb custom_margin=\u00bb|||-51px|false|false\u00bb header_font_size_tablet=\u00bb28px\u00bb header_font_size_phone=\u00bb25px\u00bb header_font_size_last_edited=\u00bbon|desktop\u00bb body_font_size_tablet=\u00bb18px\u00bb body_font_size_phone=\u00bb17px\u00bb body_font_size_last_edited=\u00bbon|phone\u00bb border_color_all_image=\u00bb#6E9BB3&#8243; icon_font_size=\u00bb40px\u00bb locked=\u00bboff\u00bb global_colors_info=\u00bb{%22gcid-809176b9-9738-48ff-afca-82cdbcbeea6a%22:%91%22image_icon_background_color%22%93}\u00bb]<\/p>\n<p>Personas que practican regularmente ATB y asisten a clases de ATB, talleres de ATB y los m\u00f3dulos oficiales de ATB.<\/p>\n<p>Los estudiantes de ATB que practican regularmente ATB pueden introducir los ejercicios y la forma de trabajar de ATB en su propia pr\u00e1ctica, citando ATB como fuente de los ejercicios.<\/p>\n<p>[\/et_pb_blurb][\/et_pb_column_inner][\/et_pb_row_inner][et_pb_row_inner _builder_version=\u00bb4.22.2&#8243; custom_padding=\u00bb|||30px|false|false\u00bb border_color_all=\u00bb#6E9BB3&#8243; border_width_left=\u00bb2px\u00bb global_colors_info=\u00bb{}\u00bb][et_pb_column_inner saved_specialty_column_type=\u00bb2_3&#8243; _builder_version=\u00bb4.16&#8243; global_colors_info=\u00bb{}\u00bb][et_pb_blurb title=\u00bbFacilitador ATB en formaci\u00f3n\u00bb image_icon_background_color=\u00bbgcid-809176b9-9738-48ff-afca-82cdbcbeea6a\u00bb image=\u00bbhttps:\/\/awarenessthroughthebody.org\/wp-content\/uploads\/2021\/08\/cropped-ATB_Favicon.png\u00bb alt=\u00bbcropped-ATB_Favicon.png\u00bb icon_placement=\u00bbleft\u00bb image_icon_width=\u00bb40px\u00bb content_max_width=\u00bb100%\u00bb _builder_version=\u00bb4.27.2&#8243; header_level=\u00bbh3&#8243; header_font=\u00bb&#8211;et_global_body_font||||||||\u00bb header_text_color=\u00bb#6E9BB3&#8243; header_font_size=\u00bb28px\u00bb header_line_height=\u00bb1.4em\u00bb body_font=\u00bb||||||||\u00bb body_text_color=\u00bb#6D6D6D\u00bb body_line_height=\u00bb1.6em\u00bb background_enable_color=\u00bboff\u00bb custom_margin=\u00bb|||-51px|false|false\u00bb hover_enabled=\u00bb0&#8243; header_font_size_tablet=\u00bb28px\u00bb header_font_size_phone=\u00bb25px\u00bb header_font_size_last_edited=\u00bbon|phone\u00bb body_font_size_tablet=\u00bb18px\u00bb body_font_size_phone=\u00bb17px\u00bb body_font_size_last_edited=\u00bbon|phone\u00bb border_color_all_image=\u00bb#6E9BB3&#8243; icon_font_size=\u00bb40px\u00bb locked=\u00bboff\u00bb global_colors_info=\u00bb{%22gcid-809176b9-9738-48ff-afca-82cdbcbeea6a%22:%91%22image_icon_background_color%22%93}\u00bb sticky_enabled=\u00bb0&#8243;]<\/p>\n<p>Tras completar al menos una vez los m\u00f3dulos oficiales b\u00e1sico y avanzado, un practicante ATB puede optar a convertirse en facilitador en formaci\u00f3n. Para ello, deber\u00e1 empezar a cumplir los requisitos y realizar las pr\u00e1cticas necesarias para mejorar su experiencia personal y su pr\u00e1ctica, al tiempo que contin\u00faa asistiendo a los talleres ATB y realiza al menos una vez m\u00e1s todos los m\u00f3dulos oficiales. <\/p>\n<p>Un <strong>Facilitador ATB en formaci\u00f3n<\/strong> puede ofrecer clases ATB a ni\u00f1os y\/o exploraciones y clases ATB a adultos, especificando que es un Facilitador en formaci\u00f3n. Estas clases y exploraciones forman parte de su formaci\u00f3n. <\/p>\n<p>[\/et_pb_blurb][\/et_pb_column_inner][\/et_pb_row_inner][et_pb_row_inner _builder_version=\u00bb4.22.2&#8243; custom_padding=\u00bb|||30px|false|false\u00bb border_color_all=\u00bb#6E9BB3&#8243; border_width_left=\u00bb2px\u00bb global_colors_info=\u00bb{}\u00bb][et_pb_column_inner saved_specialty_column_type=\u00bb2_3&#8243; _builder_version=\u00bb4.16&#8243; global_colors_info=\u00bb{}\u00bb][et_pb_blurb title=\u00bbFacilitador certificado ATB\u00bb image_icon_background_color=\u00bbgcid-809176b9-9738-48ff-afca-82cdbcbeea6a\u00bb image=\u00bbhttps:\/\/awarenessthroughthebody.org\/wp-content\/uploads\/2021\/08\/cropped-ATB_Favicon.png\u00bb alt=\u00bbcropped-ATB_Favicon.png\u00bb icon_placement=\u00bbleft\u00bb image_icon_width=\u00bb40px\u00bb content_max_width=\u00bb100%\u00bb _builder_version=\u00bb4.27.2&#8243; header_level=\u00bbh3&#8243; header_font=\u00bb&#8211;et_global_body_font||||||||\u00bb header_text_color=\u00bb#6E9BB3&#8243; header_font_size=\u00bb28px\u00bb header_line_height=\u00bb1.4em\u00bb body_font=\u00bb||||||||\u00bb body_text_color=\u00bb#6D6D6D\u00bb body_line_height=\u00bb1.6em\u00bb background_enable_color=\u00bboff\u00bb custom_margin=\u00bb|||-51px|false|false\u00bb header_font_size_tablet=\u00bb28px\u00bb header_font_size_phone=\u00bb25px\u00bb header_font_size_last_edited=\u00bbon|phone\u00bb body_font_size_tablet=\u00bb18px\u00bb body_font_size_phone=\u00bb17px\u00bb body_font_size_last_edited=\u00bbon|phone\u00bb border_color_all_image=\u00bb#6E9BB3&#8243; icon_font_size=\u00bb40px\u00bb locked=\u00bboff\u00bb global_colors_info=\u00bb{%22gcid-809176b9-9738-48ff-afca-82cdbcbeea6a%22:%91%22image_icon_background_color%22%93}\u00bb]<\/p>\n<p>Una vez completados con \u00e9xito los requisitos especificados, ya eres un facilitador ATB. Deber\u00e1s seguir adquiriendo experiencia trabajando con grupos bajo la supervisi\u00f3n de un Formador. <\/p>\n<p>Como <strong>Facilitador certificado ATB<\/strong>, est\u00e1s cualificado para dirigir exploraciones <em>ATB e implementar programas escolares ATB<\/em>. <em>Puedes denominar oficialmente su trabajo ATB y utilizar el logo ATB<\/em>. A\u00fan no est\u00e1s cualificado para dirigir los m\u00f3dulos oficiales ATB. Para ello, deber\u00e1s convertirse en formador ATB.  <\/p>\n<p>[\/et_pb_blurb][\/et_pb_column_inner][\/et_pb_row_inner][et_pb_row_inner _builder_version=\u00bb4.22.2&#8243; custom_padding=\u00bb|||30px|false|false\u00bb border_color_all=\u00bb#6E9BB3&#8243; border_width_left=\u00bb2px\u00bb global_colors_info=\u00bb{}\u00bb][et_pb_column_inner saved_specialty_column_type=\u00bb2_3&#8243; _builder_version=\u00bb4.16&#8243; global_colors_info=\u00bb{}\u00bb][et_pb_blurb title=\u00bbFormador ATB\u00bb image_icon_background_color=\u00bbgcid-809176b9-9738-48ff-afca-82cdbcbeea6a\u00bb image=\u00bbhttps:\/\/awarenessthroughthebody.org\/wp-content\/uploads\/2021\/08\/cropped-ATB_Favicon.png\u00bb alt=\u00bbcropped-ATB_Favicon.png\u00bb icon_placement=\u00bbleft\u00bb image_icon_width=\u00bb40px\u00bb content_max_width=\u00bb100%\u00bb _builder_version=\u00bb4.27.2&#8243; header_level=\u00bbh3&#8243; header_font=\u00bb&#8211;et_global_body_font||||||||\u00bb header_text_color=\u00bb#6E9BB3&#8243; header_font_size=\u00bb28px\u00bb header_line_height=\u00bb1.4em\u00bb body_font=\u00bb||||||||\u00bb body_text_color=\u00bb#6D6D6D\u00bb body_line_height=\u00bb1.6em\u00bb background_enable_color=\u00bboff\u00bb custom_margin=\u00bb|||-51px|false|false\u00bb header_font_size_tablet=\u00bb28px\u00bb header_font_size_phone=\u00bb25px\u00bb header_font_size_last_edited=\u00bbon|phone\u00bb body_font_size_tablet=\u00bb18px\u00bb body_font_size_phone=\u00bb17px\u00bb body_font_size_last_edited=\u00bbon|phone\u00bb border_color_all_image=\u00bb#6E9BB3&#8243; icon_font_size=\u00bb40px\u00bb locked=\u00bboff\u00bb global_colors_info=\u00bb{%22gcid-809176b9-9738-48ff-afca-82cdbcbeea6a%22:%91%22image_icon_background_color%22%93}\u00bb]<\/p>\n<p>Un Facilitador Certificado ATB despu\u00e9s de ganar experiencia facilitando clases ATB, exploraciones ATB y\/o programas escolares puede optar a convertirse en Formador ATB. Esto se tomar\u00e1 individualmente, y el proceso se ajustar\u00e1 a cada persona en coordinaci\u00f3n con Aloka y Joan. <\/p>\n<p><strong>Los formadores ATB<\/strong> pueden dirigir los m\u00f3dulos de formaci\u00f3n oficiales ATB para los que est\u00e9n cualificados y expedir certificados de participaci\u00f3n.<\/p>\n<p>[\/et_pb_blurb][\/et_pb_column_inner][\/et_pb_row_inner][\/et_pb_column][\/et_pb_section][et_pb_section fb_built=\u00bb1&#8243; custom_padding_last_edited=\u00bbon|phone\u00bb _builder_version=\u00bb4.27.2&#8243; _module_preset=\u00bbdefault\u00bb custom_margin_tablet=\u00bb\u00bb custom_margin_phone=\u00bb0px||||false|false\u00bb custom_margin_last_edited=\u00bbon|phone\u00bb custom_padding_tablet=\u00bb\u00bb custom_padding_phone=\u00bb20px||20px||true|false\u00bb global_colors_info=\u00bb{}\u00bb][et_pb_row column_structure=\u00bb1_2,1_2&#8243; _builder_version=\u00bb4.27.2&#8243; _module_preset=\u00bbdefault\u00bb global_colors_info=\u00bb{}\u00bb][et_pb_column type=\u00bb1_2&#8243; _builder_version=\u00bb4.22.2&#8243; _module_preset=\u00bbdefault\u00bb global_colors_info=\u00bb{}\u00bb][et_pb_button button_url=\u00bb@ET-DC@eyJkeW5hbWljIjp0cnVlLCJjb250ZW50IjoicG9zdF9saW5rX3VybF9wYWdlIiwic2V0dGluZ3MiOnsicG9zdF9pZCI6IjMwNjQyIiwiZW5hYmxlX2h0bWwiOiJvZmYifX0=@\u00bb button_text=\u00bbConvertirse en un Facilitador ATB certificado\u00bb button_alignment=\u00bbcenter\u00bb _builder_version=\u00bb4.27.2&#8243; _dynamic_attributes=\u00bbbutton_url\u00bb _module_preset=\u00bbdefault\u00bb custom_button=\u00bbon\u00bb button_text_color=\u00bb#FFFFFF\u00bb button_bg_color=\u00bbgcid-2303a270-d550-4d93-80d8-e13edbbb57e9&#8243; button_border_color=\u00bbgcid-2303a270-d550-4d93-80d8-e13edbbb57e9&#8243; global_module=\u00bb37997&#8243; saved_tabs=\u00bball\u00bb global_colors_info=\u00bb{%22gcid-2039cefd-9fd0-48c8-89ea-3f9f8b539320%22:%91%22button_bg_color__hover%22,%22button_border_color__hover%22%93,%22gcid-97893951-444b-4f60-a4de-e60dcf40c9f9%22:%91%22button_text_color__hover%22%93,%22gcid-2303a270-d550-4d93-80d8-e13edbbb57e9%22:%91%22button_bg_color%22,%22button_border_color%22%93}\u00bb button_text_color__hover_enabled=\u00bbon|hover\u00bb button_text_color__hover=\u00bb#edf8ff\u00bb button_bg_color__hover_enabled=\u00bbon|desktop\u00bb button_bg_color__hover=\u00bb#4f7887&#8243; button_bg_enable_color__hover=\u00bbon\u00bb button_border_color__hover_enabled=\u00bbon|desktop\u00bb button_border_color__hover=\u00bb#4f7887&#8243;][\/et_pb_button][\/et_pb_column][et_pb_column type=\u00bb1_2&#8243; _builder_version=\u00bb4.22.2&#8243; _module_preset=\u00bbdefault\u00bb global_colors_info=\u00bb{}\u00bb][et_pb_button button_url=\u00bb@ET-DC@eyJkeW5hbWljIjp0cnVlLCJjb250ZW50IjoicG9zdF9saW5rX3VybF9wYWdlIiwic2V0dGluZ3MiOnsicG9zdF9pZCI6IjMxMjI5IiwiZW5hYmxlX2h0bWwiOiJvZmYifX0=@\u00bb button_text=\u00bbConvi\u00e9rtete en un Entrenador Certificado de ATB\u00bb button_alignment=\u00bbcenter\u00bb _builder_version=\u00bb4.27.2&#8243; _dynamic_attributes=\u00bbbutton_url\u00bb _module_preset=\u00bbdefault\u00bb custom_button=\u00bbon\u00bb button_text_color=\u00bb#FFFFFF\u00bb button_bg_color=\u00bbgcid-2303a270-d550-4d93-80d8-e13edbbb57e9&#8243; button_border_color=\u00bbgcid-2303a270-d550-4d93-80d8-e13edbbb57e9&#8243; global_module=\u00bb37997&#8243; saved_tabs=\u00bball\u00bb global_colors_info=\u00bb{%22gcid-2039cefd-9fd0-48c8-89ea-3f9f8b539320%22:%91%22button_bg_color__hover%22,%22button_border_color__hover%22%93,%22gcid-97893951-444b-4f60-a4de-e60dcf40c9f9%22:%91%22button_text_color__hover%22%93,%22gcid-2303a270-d550-4d93-80d8-e13edbbb57e9%22:%91%22button_bg_color%22,%22button_border_color%22%93}\u00bb button_text_color__hover_enabled=\u00bbon|hover\u00bb button_text_color__hover=\u00bb#edf8ff\u00bb button_bg_color__hover_enabled=\u00bbon|desktop\u00bb button_bg_color__hover=\u00bb#4f7887&#8243; button_bg_enable_color__hover=\u00bbon\u00bb button_border_color__hover_enabled=\u00bbon|desktop\u00bb button_border_color__hover=\u00bb#4f7887&#8243;][\/et_pb_button][\/et_pb_column][\/et_pb_row][\/et_pb_section][et_pb_section fb_built=\u00bb1&#8243; custom_padding_last_edited=\u00bbon|desktop\u00bb _builder_version=\u00bb4.27.2&#8243; custom_margin=\u00bb0px||||false|false\u00bb custom_margin_tablet=\u00bb0px||||false|false\u00bb custom_margin_phone=\u00bb0px||||false|false\u00bb custom_margin_last_edited=\u00bbon|desktop\u00bb custom_padding=\u00bb0px||0px||true|false\u00bb custom_padding_tablet=\u00bb0px||0px||true|false\u00bb custom_padding_phone=\u00bb0px||0px||true|false\u00bb global_colors_info=\u00bb{}\u00bb][et_pb_row custom_padding_last_edited=\u00bbon|desktop\u00bb _builder_version=\u00bb4.27.2&#8243; custom_margin=\u00bb0px||||false|false\u00bb custom_margin_tablet=\u00bb0px||||false|false\u00bb custom_margin_phone=\u00bb0px||||false|false\u00bb custom_margin_last_edited=\u00bbon|desktop\u00bb custom_padding=\u00bb0px||||false|false\u00bb custom_padding_tablet=\u00bb0px||||false|false\u00bb custom_padding_phone=\u00bb0px||||false|false\u00bb global_colors_info=\u00bb{}\u00bb][et_pb_column type=\u00bb4_4&#8243; _builder_version=\u00bb4.16&#8243; global_colors_info=\u00bb{}\u00bb][et_pb_image src=\u00bbhttps:\/\/awarenessthroughthebody.org\/wp-content\/uploads\/2024\/09\/ATB-facilitation-diagram-PowerPoint-version-more-ATB-workshops-scaled.jpg\u00bb alt=\u00bbScheme ATB categories\u00bb title_text=\u00bbSpanish-ATB-facilitation-diagram-pdf.pdf\u00bb align=\u00bbcenter\u00bb _builder_version=\u00bb4.27.0&#8243; width=\u00bb90%\u00bb border_radii=\u00bbon|5px|5px|5px|5px\u00bb global_colors_info=\u00bb{}\u00bb][\/et_pb_image][\/et_pb_column][\/et_pb_row][\/et_pb_section]<\/p>\n","protected":false},"excerpt":{"rendered":"<p>Los m\u00f3dulos de formaci\u00f3n cuentan con una amplia variedad de participantes: personas que participan para su crecimiento personal, profesores y profesionales que trabajan con ni\u00f1os y terapeutas de diferentes campos. Los m\u00f3dulos ofrecen una experiencia vivencial y suficiente material, para que los participantes se sientan seguros para introducir ATB en su vida y su trabajo.Si [&hellip;]<\/p>\n","protected":false},"author":16,"featured_media":0,"parent":0,"menu_order":0,"comment_status":"closed","ping_status":"closed","template":"","meta":{"_et_pb_use_builder":"on","_et_pb_old_content":"","_et_gb_content_width":"","_monsterinsights_skip_tracking":false,"_monsterinsights_sitenote_active":false,"_monsterinsights_sitenote_note":"","_monsterinsights_sitenote_category":0,"footnotes":""},"class_list":["post-34073","page","type-page","status-publish","hentry"],"_links":{"self":[{"href":"https:\/\/awarenessthroughthebody.org\/es\/wp-json\/wp\/v2\/pages\/34073","targetHints":{"allow":["GET"]}}],"collection":[{"href":"https:\/\/awarenessthroughthebody.org\/es\/wp-json\/wp\/v2\/pages"}],"about":[{"href":"https:\/\/awarenessthroughthebody.org\/es\/wp-json\/wp\/v2\/types\/page"}],"author":[{"embeddable":true,"href":"https:\/\/awarenessthroughthebody.org\/es\/wp-json\/wp\/v2\/users\/16"}],"replies":[{"embeddable":true,"href":"https:\/\/awarenessthroughthebody.org\/es\/wp-json\/wp\/v2\/comments?post=34073"}],"version-history":[{"count":37,"href":"https:\/\/awarenessthroughthebody.org\/es\/wp-json\/wp\/v2\/pages\/34073\/revisions"}],"predecessor-version":[{"id":39634,"href":"https:\/\/awarenessthroughthebody.org\/es\/wp-json\/wp\/v2\/pages\/34073\/revisions\/39634"}],"wp:attachment":[{"href":"https:\/\/awarenessthroughthebody.org\/es\/wp-json\/wp\/v2\/media?parent=34073"}],"curies":[{"name":"wp","href":"https:\/\/api.w.org\/{rel}","templated":true}]}}