{"id":34064,"date":"2022-03-09T16:13:39","date_gmt":"2022-03-09T16:13:39","guid":{"rendered":"https:\/\/awarenessthroughthebody.org\/atb-3\/"},"modified":"2024-10-19T06:20:14","modified_gmt":"2024-10-19T04:20:14","slug":"atb-3","status":"publish","type":"page","link":"https:\/\/awarenessthroughthebody.org\/es\/talleres-de-atb\/atb-3\/","title":{"rendered":"ATB &#8211; 3"},"content":{"rendered":"<p>[et_pb_section fb_built=\u00bb1&#8243; fullwidth=\u00bbon\u00bb custom_padding_last_edited=\u00bbon|desktop\u00bb admin_label=\u00bbPage Header\u00bb _builder_version=\u00bb4.27.2&#8243; use_background_color_gradient=\u00bbon\u00bb background_color_gradient_stops=\u00bbrgba(10,2,2,0.4) 0%|rgba(10,0,1,0.4) 100%\u00bb background_color_gradient_overlays_image=\u00bbon\u00bb background_image=\u00bbhttps:\/\/awarenessthroughthebody.org\/wp-content\/uploads\/2021\/08\/the-goal-and-principles-atb-header.jpg\u00bb custom_padding=\u00bb120px||40px||false|false\u00bb custom_padding_tablet=\u00bb120px||40px||false|false\u00bb custom_padding_phone=\u00bb120px||40px||false|false\u00bb animation_direction=\u00bbtop\u00bb custom_css_main_element=\u00bbdisplay: flex;||flex-direction: column;||justify-content: center;||\u00bb global_colors_info=\u00bb{%22gcid-body-color%22:%91%22background_color_gradient_stops%22%93}\u00bb][et_pb_fullwidth_header title=\u00bbATB &#8211; 3&#8243; text_orientation=\u00bbcenter\u00bb header_scroll_down=\u00bbon\u00bb scroll_down_icon_size=\u00bb0px\u00bb admin_label=\u00bbHero Section\u00bb _builder_version=\u00bb4.27.2&#8243; title_font=\u00bb&#8211;et_global_heading_font|700|||||||\u00bb title_font_size=\u00bb60px\u00bb title_line_height=\u00bb1.4em\u00bb content_font_size=\u00bb22px\u00bb subhead_font=\u00bb||||\u00bb subhead_text_color=\u00bbrgba(0,0,0,0)\u00bb background_color=\u00bbrgba(255, 255, 255, 0)\u00bb use_background_color_gradient=\u00bbon\u00bb background_color_gradient_type=\u00bbcircular\u00bb background_color_gradient_stops=\u00bbrgba(255,255,255,0) 8%|rgba(0,0,0,0) 66%\u00bb background_color_gradient_start=\u00bbrgba(255,255,255,0)\u00bb background_color_gradient_start_position=\u00bb8%\u00bb background_color_gradient_end=\u00bbrgba(0,0,0,0)\u00bb background_color_gradient_end_position=\u00bb66%\u00bb custom_button_one=\u00bbon\u00bb button_one_text_size=\u00bb16px\u00bb button_one_bg_color=\u00bb#6eba01&#8243; button_one_border_width=\u00bb2px\u00bb button_one_border_color=\u00bb#6eba01&#8243; button_one_border_radius=\u00bb0&#8243; button_one_letter_spacing=\u00bb2&#8243; button_one_font=\u00bbMontserrat|||on|\u00bb button_one_use_icon=\u00bboff\u00bb custom_button_two=\u00bbon\u00bb button_two_text_size=\u00bb16px\u00bb button_two_border_width=\u00bb2px\u00bb button_two_border_color=\u00bb#ffffff\u00bb button_two_border_radius=\u00bb0&#8243; button_two_letter_spacing=\u00bb2&#8243; button_two_font=\u00bbMontserrat|||on|\u00bb button_two_use_icon=\u00bboff\u00bb module_alignment=\u00bbleft\u00bb custom_padding=\u00bb90px||40px||false|false\u00bb custom_padding_tablet=\u00bb90px||40px||false|false\u00bb custom_padding_phone=\u00bb90px||40px||false|false\u00bb custom_padding_last_edited=\u00bbon|desktop\u00bb animation_style=\u00bbfade\u00bb title_text_color_tablet=\u00bb\u00bb title_text_color_phone=\u00bb\u00bb title_text_color_last_edited=\u00bbon|tablet\u00bb title_font_size_tablet=\u00bb45px\u00bb title_font_size_phone=\u00bb40px\u00bb title_font_size_last_edited=\u00bbon|phone\u00bb button_one_text_color_hover=\u00bb#6eba01&#8243; button_two_text_color_hover=\u00bb#6eba01&#8243; button_one_border_color_hover=\u00bb#ffffff\u00bb button_two_border_color_hover=\u00bb#ffffff\u00bb button_one_border_radius_hover=\u00bb0&#8243; button_two_border_radius_hover=\u00bb0&#8243; button_one_letter_spacing_hover=\u00bb2&#8243; button_two_letter_spacing_hover=\u00bb2&#8243; button_one_bg_color_hover=\u00bb#ffffff\u00bb button_two_bg_color_hover=\u00bb#ffffff\u00bb global_colors_info=\u00bb{}\u00bb button_one_text_size__hover_enabled=\u00bboff\u00bb button_two_text_size__hover_enabled=\u00bboff\u00bb button_one_text_color__hover_enabled=\u00bbon\u00bb button_one_text_color__hover=\u00bb#6eba01&#8243; button_two_text_color__hover_enabled=\u00bbon\u00bb button_two_text_color__hover=\u00bb#6eba01&#8243; button_one_border_width__hover_enabled=\u00bboff\u00bb button_two_border_width__hover_enabled=\u00bboff\u00bb button_one_border_color__hover_enabled=\u00bbon\u00bb button_one_border_color__hover=\u00bb#ffffff\u00bb button_two_border_color__hover_enabled=\u00bbon\u00bb button_two_border_color__hover=\u00bb#ffffff\u00bb button_one_border_radius__hover_enabled=\u00bbon\u00bb button_one_border_radius__hover=\u00bb0&#8243; button_two_border_radius__hover_enabled=\u00bbon\u00bb button_two_border_radius__hover=\u00bb0&#8243; button_one_letter_spacing__hover_enabled=\u00bbon\u00bb button_one_letter_spacing__hover=\u00bb2&#8243; button_two_letter_spacing__hover_enabled=\u00bbon\u00bb button_two_letter_spacing__hover=\u00bb2&#8243; button_one_bg_color__hover_enabled=\u00bbon\u00bb button_one_bg_color__hover=\u00bb#ffffff\u00bb button_two_bg_color__hover_enabled=\u00bbon\u00bb button_two_bg_color__hover=\u00bb#ffffff\u00bb][\/et_pb_fullwidth_header][\/et_pb_section][et_pb_section fb_built=\u00bb1&#8243; _builder_version=\u00bb4.16&#8243; min_height=\u00bb1739.7px\u00bb custom_padding=\u00bb7px||7px||true|\u00bb global_colors_info=\u00bb{}\u00bb][et_pb_row _builder_version=\u00bb4.27.2&#8243; _module_preset=\u00bbdefault\u00bb custom_margin=\u00bb20px||||false|false\u00bb custom_margin_tablet=\u00bb20px||||false|false\u00bb custom_margin_phone=\u00bb20px||||false|false\u00bb custom_margin_last_edited=\u00bbon|desktop\u00bb global_colors_info=\u00bb{}\u00bb][et_pb_column type=\u00bb4_4&#8243; _builder_version=\u00bb4.16&#8243; _module_preset=\u00bbdefault\u00bb global_colors_info=\u00bb{}\u00bb][et_pb_text _builder_version=\u00bb4.27.2&#8243; _module_preset=\u00bbdefault\u00bb hover_enabled=\u00bb0&#8243; global_colors_info=\u00bb{%22gcid-2039cefd-9fd0-48c8-89ea-3f9f8b539320%22:%91%22header_2_text_color%22%93}\u00bb text_text_color=\u00bb#6D6D6D\u00bb text_font_size_last_edited=\u00bbon|phone\u00bb sticky_enabled=\u00bb0&#8243; text_font_size_phone=\u00bb17px\u00bb]<\/p>\n<h2 style=\"text-align: justify;\"><span style=\"color: #4f7887;\">ATB 3: Taller de Tres D\u00edas<\/span><\/h2>\n<p>En este m\u00f3dulo los participantes exploran los principios de ATB y su aplicaci\u00f3n pr\u00e1ctica. Se presenta aqui el c\u00f3mo guiar una clase de ATB y c\u00f3mo organizar un programa de ATB que tenga en cuenta las necesidades de los individuos y del grupo al mismo tiempo.<\/p>\n<p style=\"text-align: justify;\">Los nuevos temas introducidos en este m\u00f3dulo son los siguientes:<\/p>\n<p>[\/et_pb_text][\/et_pb_column][\/et_pb_row][et_pb_row column_structure=\u00bb1_2,1_2&#8243; custom_padding_last_edited=\u00bbon|phone\u00bb _builder_version=\u00bb4.27.2&#8243; custom_margin_tablet=\u00bb\u00bb custom_margin_phone=\u00bb0px||||false|false\u00bb custom_margin_last_edited=\u00bbon|phone\u00bb custom_padding_tablet=\u00bb\u00bb custom_padding_phone=\u00bb0px||||false|false\u00bb global_colors_info=\u00bb{}\u00bb][et_pb_column type=\u00bb1_2&#8243; _builder_version=\u00bb4.16&#8243; global_colors_info=\u00bb{}\u00bb][et_pb_text _builder_version=\u00bb4.27.2&#8243; header_font=\u00bb|||on|||||\u00bb header_2_font=\u00bb&#8211;et_global_heading_font|700|||||||\u00bb min_height=\u00bb13px\u00bb custom_margin=\u00bb12px||-2px|||\u00bb custom_padding=\u00bb0px||0px|||\u00bb global_colors_info=\u00bb{}\u00bb]<\/p>\n<h2>Configuraciones de Estructura<\/h2>\n<p>[\/et_pb_text][et_pb_text _builder_version=\u00bb4.27.2&#8243; min_height=\u00bb105px\u00bb custom_padding=\u00bb4px||0px|||\u00bb hover_enabled=\u00bb0&#8243; global_colors_info=\u00bb{%22gcid-2039cefd-9fd0-48c8-89ea-3f9f8b539320%22:%91%22header_2_text_color%22%93}\u00bb text_text_color=\u00bb#6D6D6D\u00bb text_font_size_last_edited=\u00bbon|phone\u00bb sticky_enabled=\u00bb0&#8243; text_font_size_phone=\u00bb17px\u00bb]<\/p>\n<p style=\"text-align: justify;\">Paisajes construidos con diversos elementos que ofrecen la opotunidad para la auto-exploraci\u00f3n y el auto-conocimiento. Los participantes se desplazan por estos paisajes caminando, a cuatro patas, desliz\u00e1ndose y\/o trepando por escaleras, tablones, sillas, taburetes, etc.<\/p>\n<p style=\"text-align: justify;\">Esta actividad ayuda a que los participantes tomen conscia de sus propios l\u00edmites f\u00edsicos y de los l\u00edmites f\u00edsicos de los dem\u00e1s.<\/p>\n<p><span><\/span><\/p>\n<p>[\/et_pb_text][\/et_pb_column][et_pb_column type=\u00bb1_2&#8243; _builder_version=\u00bb4.16&#8243; global_colors_info=\u00bb{}\u00bb][et_pb_image src=\u00bbhttps:\/\/awarenessthroughthebody.org\/wp-content\/uploads\/2021\/08\/ATB-3-photo-structure-settings.jpg\u00bb title_text=\u00bbATB-3-photo-structure-settings\u00bb align=\u00bbcenter\u00bb _builder_version=\u00bb4.27.2&#8243; width=\u00bb100%\u00bb custom_margin_tablet=\u00bb\u00bb custom_margin_phone=\u00bb-20px||||false|false\u00bb custom_margin_last_edited=\u00bbon|phone\u00bb custom_padding_tablet=\u00bb\u00bb custom_padding_phone=\u00bb0px||||false|false\u00bb custom_padding_last_edited=\u00bbon|phone\u00bb border_radii=\u00bbon|5px|5px|5px|5px\u00bb global_colors_info=\u00bb{}\u00bb][\/et_pb_image][\/et_pb_column][\/et_pb_row][et_pb_row column_structure=\u00bb1_2,1_2&#8243; custom_padding_last_edited=\u00bbon|phone\u00bb module_class=\u00bbcustom_row\u00bb _builder_version=\u00bb4.27.2&#8243; _module_preset=\u00bbdefault\u00bb custom_margin_tablet=\u00bb\u00bb custom_margin_phone=\u00bb0px||||false|false\u00bb custom_margin_last_edited=\u00bbon|phone\u00bb custom_padding_tablet=\u00bb\u00bb custom_padding_phone=\u00bb0px||||false|false\u00bb global_colors_info=\u00bb{}\u00bb][et_pb_column type=\u00bb1_2&#8243; module_class=\u00bbsecond-on-mobile\u00bb _builder_version=\u00bb4.16&#8243; _module_preset=\u00bbdefault\u00bb global_colors_info=\u00bb{}\u00bb][et_pb_image src=\u00bbhttps:\/\/awarenessthroughthebody.org\/wp-content\/uploads\/2021\/08\/sticks-3.jpg\u00bb alt=\u00bbATB-sticks-3&#8243; title_text=\u00bbATB-sticks-3&#8243; align=\u00bbcenter\u00bb _builder_version=\u00bb4.27.2&#8243; _module_preset=\u00bbdefault\u00bb width=\u00bb100%\u00bb custom_margin_tablet=\u00bb\u00bb custom_margin_phone=\u00bb20px||||false|false\u00bb custom_margin_last_edited=\u00bbon|phone\u00bb border_radii=\u00bbon|5px|5px|5px|5px\u00bb global_colors_info=\u00bb{}\u00bb][\/et_pb_image][\/et_pb_column][et_pb_column type=\u00bb1_2&#8243; module_class=\u00bbfirst-on-mobile\u00bb _builder_version=\u00bb4.16&#8243; _module_preset=\u00bbdefault\u00bb global_colors_info=\u00bb{}\u00bb][et_pb_text _builder_version=\u00bb4.27.2&#8243; _module_preset=\u00bbdefault\u00bb custom_padding=\u00bb15px|||||\u00bb global_colors_info=\u00bb{}\u00bb]<\/p>\n<h2>Palos<\/h2>\n<p>[\/et_pb_text][et_pb_text _builder_version=\u00bb4.27.2&#8243; _module_preset=\u00bbdefault\u00bb min_height=\u00bb12px\u00bb custom_margin=\u00bb-35px|||||\u00bb custom_padding=\u00bb0px|||||\u00bb hover_enabled=\u00bb0&#8243; global_colors_info=\u00bb{%22gcid-2039cefd-9fd0-48c8-89ea-3f9f8b539320%22:%91%22header_2_text_color%22%93}\u00bb text_text_color=\u00bb#6D6D6D\u00bb text_font_size_last_edited=\u00bbon|phone\u00bb sticky_enabled=\u00bb0&#8243; text_font_size_phone=\u00bb17px\u00bb]<\/p>\n<p style=\"text-align: justify;\">Actividad de grupo en la que los individuos simult\u00e1neamente lanzan y atrapan palos de bamb\u00fa . La actividad ayuda a desarrollar ademas de la cohesion de grupo, la capacidad de estar presente en el momento, mejora el uso de la visi\u00f3n perif\u00e9rica y aumenta el sentido del ritmo.<\/p>\n<p>[\/et_pb_text][\/et_pb_column][\/et_pb_row][et_pb_row column_structure=\u00bb1_2,1_2&#8243; custom_padding_last_edited=\u00bbon|phone\u00bb _builder_version=\u00bb4.27.2&#8243; custom_margin_tablet=\u00bb\u00bb custom_margin_phone=\u00bb-30px||||false|false\u00bb custom_margin_last_edited=\u00bbon|phone\u00bb custom_padding_tablet=\u00bb\u00bb custom_padding_phone=\u00bb0px||||false|false\u00bb global_colors_info=\u00bb{}\u00bb][et_pb_column type=\u00bb1_2&#8243; _builder_version=\u00bb4.16&#8243; global_colors_info=\u00bb{}\u00bb][et_pb_text _builder_version=\u00bb4.27.2&#8243; header_font=\u00bb|||on|||||\u00bb header_2_font=\u00bb&#8211;et_global_heading_font|700|||||||\u00bb min_height=\u00bb13px\u00bb custom_margin=\u00bb12px||-2px|||\u00bb custom_padding=\u00bb27px||0px|||\u00bb global_colors_info=\u00bb{}\u00bb]<\/p>\n<h2>Exploraci\u00f3n de la Estructura F\u00edsic<strong>a<\/strong><\/h2>\n<p>[\/et_pb_text][et_pb_text _builder_version=\u00bb4.27.2&#8243; min_height=\u00bb105px\u00bb custom_padding=\u00bb4px||0px|||\u00bb hover_enabled=\u00bb0&#8243; global_colors_info=\u00bb{%22gcid-2039cefd-9fd0-48c8-89ea-3f9f8b539320%22:%91%22header_2_text_color%22%93}\u00bb text_text_color=\u00bb#6D6D6D\u00bb text_font_size_last_edited=\u00bbon|phone\u00bb sticky_enabled=\u00bb0&#8243; text_font_size_phone=\u00bb17px\u00bb]<\/p>\n<p style=\"text-align: justify;\">Actividad para desarrollar la consciencia y el control consciente de la contracci\u00f3n y relajaci\u00f3n en el cuerpo. Es una oportunidad para refinar la capacidad de sentir y de auto-sentirse.<\/p>\n<p><span><\/span><\/p>\n<p>[\/et_pb_text][\/et_pb_column][et_pb_column type=\u00bb1_2&#8243; _builder_version=\u00bb4.16&#8243; global_colors_info=\u00bb{}\u00bb][et_pb_image src=\u00bbhttps:\/\/awarenessthroughthebody.org\/wp-content\/uploads\/2021\/08\/breathing-5-2.jpg\u00bb alt=\u00bbATB-breathing-5-2&#8243; title_text=\u00bbATB-breathing-5-2&#8243; align=\u00bbcenter\u00bb _builder_version=\u00bb4.27.2&#8243; width=\u00bb100%\u00bb custom_margin_tablet=\u00bb\u00bb custom_margin_phone=\u00bb-10px||||false|false\u00bb custom_margin_last_edited=\u00bbon|phone\u00bb border_radii=\u00bbon|5px|5px|5px|5px\u00bb global_colors_info=\u00bb{}\u00bb][\/et_pb_image][\/et_pb_column][\/et_pb_row][et_pb_row column_structure=\u00bb1_2,1_2&#8243; custom_padding_last_edited=\u00bbon|phone\u00bb module_class=\u00bbcustom_row\u00bb _builder_version=\u00bb4.27.2&#8243; _module_preset=\u00bbdefault\u00bb custom_margin_tablet=\u00bb\u00bb custom_margin_phone=\u00bb-30px||||false|false\u00bb custom_margin_last_edited=\u00bbon|phone\u00bb custom_padding_tablet=\u00bb\u00bb custom_padding_phone=\u00bb0px||||false|false\u00bb global_colors_info=\u00bb{}\u00bb][et_pb_column type=\u00bb1_2&#8243; module_class=\u00bbsecond-on-mobile\u00bb _builder_version=\u00bb4.16&#8243; _module_preset=\u00bbdefault\u00bb global_colors_info=\u00bb{}\u00bb][et_pb_image src=\u00bbhttps:\/\/awarenessthroughthebody.org\/wp-content\/uploads\/2021\/08\/ATB-3-photo-elements-water-and-earth.jpg\u00bb title_text=\u00bbATB-3-photo-structure-settings\u00bb align=\u00bbcenter\u00bb _builder_version=\u00bb4.27.2&#8243; _module_preset=\u00bbdefault\u00bb width=\u00bb100%\u00bb custom_margin_tablet=\u00bb\u00bb custom_margin_phone=\u00bb30px||||false|false\u00bb custom_margin_last_edited=\u00bbon|phone\u00bb border_radii=\u00bbon|5px|5px|5px|5px\u00bb global_colors_info=\u00bb{}\u00bb][\/et_pb_image][\/et_pb_column][et_pb_column type=\u00bb1_2&#8243; module_class=\u00bbfirst-on-mobile\u00bb _builder_version=\u00bb4.16&#8243; _module_preset=\u00bbdefault\u00bb global_colors_info=\u00bb{}\u00bb][et_pb_text _builder_version=\u00bb4.27.2&#8243; _module_preset=\u00bbdefault\u00bb header_2_line_height=\u00bb1.6em\u00bb custom_padding=\u00bb52px|||||\u00bb global_colors_info=\u00bb{}\u00bb]<\/p>\n<h2>Elemento Agua<\/h2>\n<p>[\/et_pb_text][et_pb_text _builder_version=\u00bb4.27.2&#8243; _module_preset=\u00bbdefault\u00bb min_height=\u00bb12px\u00bb custom_margin=\u00bb-35px|||||\u00bb custom_padding=\u00bb0px|||||\u00bb hover_enabled=\u00bb0&#8243; global_colors_info=\u00bb{%22gcid-2039cefd-9fd0-48c8-89ea-3f9f8b539320%22:%91%22header_2_text_color%22%93}\u00bb text_text_color=\u00bb#6D6D6D\u00bb text_font_size_last_edited=\u00bbon|phone\u00bb sticky_enabled=\u00bb0&#8243; text_font_size_phone=\u00bb17px\u00bb]<\/p>\n<p>Breve introducci\u00f3n al trabajo con los Elementos para poder sentir los efectos de los Elementos en las diferentes partes del ser.<\/p>\n<p>[\/et_pb_text][\/et_pb_column][\/et_pb_row][et_pb_row column_structure=\u00bb1_2,1_2&#8243; custom_padding_last_edited=\u00bbon|phone\u00bb _builder_version=\u00bb4.27.2&#8243; _module_preset=\u00bbdefault\u00bb custom_margin_tablet=\u00bb\u00bb custom_margin_phone=\u00bb0px||||false|false\u00bb custom_margin_last_edited=\u00bbon|phone\u00bb custom_padding_tablet=\u00bb\u00bb custom_padding_phone=\u00bb0px||||false|false\u00bb global_colors_info=\u00bb{}\u00bb][et_pb_column type=\u00bb1_2&#8243; _builder_version=\u00bb4.16&#8243; _module_preset=\u00bbdefault\u00bb global_colors_info=\u00bb{}\u00bb][et_pb_text _builder_version=\u00bb4.27.2&#8243; _module_preset=\u00bbdefault\u00bb global_colors_info=\u00bb{}\u00bb]<\/p>\n<h2><strong>Elemento Tierra<\/strong><\/h2>\n<p>[\/et_pb_text][\/et_pb_column][et_pb_column type=\u00bb1_2&#8243; _builder_version=\u00bb4.16&#8243; _module_preset=\u00bbdefault\u00bb global_colors_info=\u00bb{}\u00bb][et_pb_image src=\u00bbhttps:\/\/awarenessthroughthebody.org\/wp-content\/uploads\/2021\/08\/ATB-3-photo-physical-structure-exploration.jpg\u00bb alt=\u00bbATB-photo-physical-structure-exploration\u00bb title_text=\u00bbATB-photo-physical-structure-exploration\u00bb align=\u00bbcenter\u00bb _builder_version=\u00bb4.16&#8243; _module_preset=\u00bbdefault\u00bb width=\u00bb100%\u00bb border_radii=\u00bbon|5px|5px|5px|5px\u00bb global_colors_info=\u00bb{}\u00bb][\/et_pb_image][\/et_pb_column][\/et_pb_row][\/et_pb_section][et_pb_section fb_built=\u00bb1&#8243; custom_padding_last_edited=\u00bbon|phone\u00bb admin_label=\u00bbCall to Action\u00bb _builder_version=\u00bb4.27.2&#8243; background_color=\u00bbgcid-97893951-444b-4f60-a4de-e60dcf40c9f9&#8243; width=\u00bb100%\u00bb module_alignment=\u00bbcenter\u00bb custom_margin=\u00bb19px||||false|false\u00bb custom_padding=\u00bb33px||33px||true|false\u00bb custom_padding_tablet=\u00bb||||true|false\u00bb custom_padding_phone=\u00bb7px||7px||true|false\u00bb locked=\u00bboff\u00bb global_colors_info=\u00bb{%22gcid-97893951-444b-4f60-a4de-e60dcf40c9f9%22:%91%22background_color%22%93}\u00bb][et_pb_row _builder_version=\u00bb4.16&#8243; custom_margin_tablet=\u00bb\u00bb custom_margin_phone=\u00bb\u00bb custom_margin_last_edited=\u00bbon|tablet\u00bb custom_padding=\u00bb||0px||false|false\u00bb global_colors_info=\u00bb{}\u00bb][et_pb_column type=\u00bb4_4&#8243; _builder_version=\u00bb4.16&#8243; global_colors_info=\u00bb{}\u00bb][et_pb_text _builder_version=\u00bb4.27.2&#8243; text_font=\u00bbCenturySchoolbookBold||||||||\u00bb text_text_color=\u00bb#62748a\u00bb text_font_size=\u00bb20px\u00bb text_orientation=\u00bbcenter\u00bb custom_margin=\u00bb3px||-71px||false|false\u00bb custom_padding_tablet=\u00bb\u00bb custom_padding_phone=\u00bb0px||0px||false|false\u00bb custom_padding_last_edited=\u00bbon|phone\u00bb text_font_size_tablet=\u00bb\u00bb text_font_size_phone=\u00bb14px\u00bb text_font_size_last_edited=\u00bbon|desktop\u00bb locked=\u00bboff\u00bb global_colors_info=\u00bb{%22gcid-2039cefd-9fd0-48c8-89ea-3f9f8b539320%22:%91%22header_2_text_color%22%93}\u00bb]<\/p>\n<h2>Los ni\u00f1os hablan de ATB.<\/h2>\n<p>[\/et_pb_text][et_pb_slider arrows_custom_color=\u00bbgcid-2039cefd-9fd0-48c8-89ea-3f9f8b539320&#8243; dot_nav_custom_color=\u00bbgcid-2039cefd-9fd0-48c8-89ea-3f9f8b539320&#8243; _builder_version=\u00bb4.27.2&#8243; body_text_color=\u00bbgcid-a1dae8d3-549d-4f05-8698-80b91d568b42&#8243; background_color=\u00bbrgba(0,0,0,0)\u00bb min_height=\u00bb284px\u00bb custom_padding=\u00bb83px||57px||false|false\u00bb custom_padding_tablet=\u00bb\u00bb custom_padding_phone=\u00bb0px||20px||false|false\u00bb custom_padding_last_edited=\u00bbon|phone\u00bb global_colors_info=\u00bb{%22gcid-a1dae8d3-549d-4f05-8698-80b91d568b42%22:%91%22body_text_color%22%93,%22gcid-2039cefd-9fd0-48c8-89ea-3f9f8b539320%22:%91%22dot_nav_custom_color%22,%22arrows_custom_color%22%93}\u00bb][et_pb_slide _builder_version=\u00bb4.27.2&#8243; header_level=\u00bbh2&#8243; header_text_color=\u00bb#F24D1A\u00bb body_text_color=\u00bbgcid-a1dae8d3-549d-4f05-8698-80b91d568b42&#8243; background_layout=\u00bblight\u00bb global_colors_info=\u00bb{%22gcid-a1dae8d3-549d-4f05-8698-80b91d568b42%22:%91%22body_text_color%22%93}\u00bb sticky_transition=\u00bbon\u00bb]<\/p>\n<p><i><\/i><\/p>\n<p><i><\/i><\/p>\n<p><i><\/i><\/p>\n<p><i>Hace que el cuerpo f\u00edsico se sienta mas real y uno descubre cosas acerca de si mismo.\u00bb<\/i><\/p>\n<p><i><span style=\"font-weight: 400;\"><\/span><\/i><\/p>\n<p>&nbsp;<\/p>\n<p>[\/et_pb_slide][et_pb_slide _builder_version=\u00bb4.27.2&#8243; body_text_color=\u00bbgcid-a1dae8d3-549d-4f05-8698-80b91d568b42&#8243; background_layout=\u00bblight\u00bb custom_padding=\u00bb95px||||false|false\u00bb custom_padding_tablet=\u00bb\u00bb custom_padding_phone=\u00bb\u00bb custom_padding_last_edited=\u00bbon|desktop\u00bb global_colors_info=\u00bb{%22gcid-a1dae8d3-549d-4f05-8698-80b91d568b42%22:%91%22body_text_color%22%93}\u00bb sticky_transition=\u00bbon\u00bb]<\/p>\n<p><i>\u201cMe ha hecho mas consciente de todo alrededor m\u00edo y me ha hecho m\u00e1s abierto. Ahora cuando me pongo nervioso, o me enfado, siempre retorno a mi respiraci\u00f3n para calmarme.\u201d<\/i><\/p>\n<p>[\/et_pb_slide][et_pb_slide _builder_version=\u00bb4.27.2&#8243; body_text_color=\u00bbgcid-a1dae8d3-549d-4f05-8698-80b91d568b42&#8243; background_layout=\u00bblight\u00bb custom_padding=\u00bb60px||||false|false\u00bb global_colors_info=\u00bb{%22gcid-a1dae8d3-549d-4f05-8698-80b91d568b42%22:%91%22body_text_color%22%93}\u00bb sticky_transition=\u00bbon\u00bb]<\/p>\n<p><i>\u201cUno puede usar ATB a nivel subconsciente para equilibrio y coordinaci\u00f3n.\u201d<\/i><\/p>\n<p>[\/et_pb_slide][\/et_pb_slider][\/et_pb_column][\/et_pb_row][\/et_pb_section]<\/p>\n","protected":false},"excerpt":{"rendered":"<p>ATB 3: Taller de Tres D\u00edas En este m\u00f3dulo los participantes exploran los principios de ATB y su aplicaci\u00f3n pr\u00e1ctica. Se presenta aqui el c\u00f3mo guiar una clase de ATB y c\u00f3mo organizar un programa de ATB que tenga en cuenta las necesidades de los individuos y del grupo al mismo tiempo. Los nuevos temas [&hellip;]<\/p>\n","protected":false},"author":16,"featured_media":0,"parent":33530,"menu_order":0,"comment_status":"closed","ping_status":"closed","template":"","meta":{"_et_pb_use_builder":"on","_et_pb_old_content":"","_et_gb_content_width":"","_monsterinsights_skip_tracking":false,"_monsterinsights_sitenote_active":false,"_monsterinsights_sitenote_note":"","_monsterinsights_sitenote_category":0,"footnotes":""},"class_list":["post-34064","page","type-page","status-publish","hentry"],"_links":{"self":[{"href":"https:\/\/awarenessthroughthebody.org\/es\/wp-json\/wp\/v2\/pages\/34064","targetHints":{"allow":["GET"]}}],"collection":[{"href":"https:\/\/awarenessthroughthebody.org\/es\/wp-json\/wp\/v2\/pages"}],"about":[{"href":"https:\/\/awarenessthroughthebody.org\/es\/wp-json\/wp\/v2\/types\/page"}],"author":[{"embeddable":true,"href":"https:\/\/awarenessthroughthebody.org\/es\/wp-json\/wp\/v2\/users\/16"}],"replies":[{"embeddable":true,"href":"https:\/\/awarenessthroughthebody.org\/es\/wp-json\/wp\/v2\/comments?post=34064"}],"version-history":[{"count":21,"href":"https:\/\/awarenessthroughthebody.org\/es\/wp-json\/wp\/v2\/pages\/34064\/revisions"}],"predecessor-version":[{"id":38523,"href":"https:\/\/awarenessthroughthebody.org\/es\/wp-json\/wp\/v2\/pages\/34064\/revisions\/38523"}],"up":[{"embeddable":true,"href":"https:\/\/awarenessthroughthebody.org\/es\/wp-json\/wp\/v2\/pages\/33530"}],"wp:attachment":[{"href":"https:\/\/awarenessthroughthebody.org\/es\/wp-json\/wp\/v2\/media?parent=34064"}],"curies":[{"name":"wp","href":"https:\/\/api.w.org\/{rel}","templated":true}]}}