{"id":33541,"date":"2022-02-14T10:14:08","date_gmt":"2022-02-14T10:14:08","guid":{"rendered":"https:\/\/awarenessthroughthebody.org\/pagina-principal\/"},"modified":"2024-10-24T11:53:01","modified_gmt":"2024-10-24T09:53:01","slug":"pagina-principal","status":"publish","type":"page","link":"https:\/\/awarenessthroughthebody.org\/es\/pagina-principal\/","title":{"rendered":"Acerca de ATB"},"content":{"rendered":"<p>[et_pb_section fb_built=\u00bb1&#8243; fullwidth=\u00bbon\u00bb admin_label=\u00bbPage Header\u00bb _builder_version=\u00bb4.27.2&#8243; use_background_color_gradient=\u00bbon\u00bb background_color_gradient_stops=\u00bbrgba(0,0,0,0.33) 0%|rgba(0,0,0,0.29) 100%\u00bb background_color_gradient_overlays_image=\u00bbon\u00bb background_image=\u00bbhttps:\/\/awarenessthroughthebody.org\/wp-content\/uploads\/2021\/12\/01-scaled.jpg\u00bb min_height=\u00bb487px\u00bb animation_direction=\u00bbtop\u00bb custom_css_main_element=\u00bbdisplay: flex;||flex-direction: column;||justify-content: center;||||\u00bb global_colors_info=\u00bb{}\u00bb][et_pb_fullwidth_header title=\u00bb\u00bfQu\u00e9 es Awareness Through the Body?\u00bb button_one_url=\u00bb@ET-DC@eyJkeW5hbWljIjp0cnVlLCJjb250ZW50IjoicG9zdF9saW5rX3VybF9wYWdlIiwic2V0dGluZ3MiOnsicG9zdF9pZCI6IjM3NDk5In19@\u00bb content_max_width=\u00bb75%\u00bb admin_label=\u00bbHero Section\u00bb _builder_version=\u00bb4.27.2&#8243; _dynamic_attributes=\u00bbbutton_one_url\u00bb title_font=\u00bbPlayfair Display|700|||||||\u00bb title_text_align=\u00bbleft\u00bb title_text_color=\u00bb#ffffff\u00bb title_font_size=\u00bb60px\u00bb title_line_height=\u00bb1.3em\u00bb content_text_color=\u00bb#FFFFFF\u00bb content_font_size=\u00bb24px\u00bb subhead_font=\u00bb||||\u00bb subhead_text_color=\u00bb#FFFFFF\u00bb subhead_font_size=\u00bb25px\u00bb background_color=\u00bbrgba(255, 255, 255, 0)\u00bb use_background_color_gradient=\u00bbon\u00bb background_color_gradient_type=\u00bbcircular\u00bb background_color_gradient_stops=\u00bbrgba(255,255,255,0) 8%|rgba(0,0,0,0) 66%\u00bb background_color_gradient_start=\u00bbrgba(255,255,255,0)\u00bb background_color_gradient_start_position=\u00bb8%\u00bb background_color_gradient_end=\u00bbrgba(0,0,0,0)\u00bb background_color_gradient_end_position=\u00bb66%\u00bb custom_button_one=\u00bbon\u00bb button_one_text_size=\u00bb20px\u00bb button_one_text_color=\u00bb#4F7887&#8243; button_one_bg_color=\u00bb#66E6F2&#8243; button_one_border_width=\u00bb2px\u00bb button_one_border_color=\u00bb#66E6F2&#8243; button_one_letter_spacing=\u00bb0px\u00bb button_one_font=\u00bb||||||||\u00bb button_one_icon=\u00bb&#x35;||divi||400&#8243; button_one_icon_color=\u00bb#FFFFFF\u00bb custom_button_two=\u00bbon\u00bb button_two_text_size=\u00bb16px\u00bb button_two_border_width=\u00bb2px\u00bb button_two_border_color=\u00bb#ffffff\u00bb button_two_border_radius=\u00bb0&#8243; button_two_letter_spacing=\u00bb2&#8243; button_two_font=\u00bbMontserrat|||on|\u00bb button_two_use_icon=\u00bboff\u00bb background_layout=\u00bblight\u00bb module_alignment=\u00bbleft\u00bb custom_padding=\u00bb180px||180px||true|false\u00bb custom_padding_tablet=\u00bb140px||140px||true|false\u00bb custom_padding_phone=\u00bb40px||40px||true|false\u00bb custom_padding_last_edited=\u00bbon|phone\u00bb animation_style=\u00bbfade\u00bb hover_enabled=\u00bb0&#8243; title_font_tablet=\u00bbCenturySchoolbookBold|700|||||||\u00bb title_font_phone=\u00bbPlayfair Display|700|||||||\u00bb title_font_last_edited=\u00bbon|tablet\u00bb title_text_align_tablet=\u00bb\u00bb title_text_align_phone=\u00bbleft\u00bb title_text_align_last_edited=\u00bbon|phone\u00bb title_font_size_tablet=\u00bb40px\u00bb title_font_size_phone=\u00bb40px\u00bb title_font_size_last_edited=\u00bbon|phone\u00bb title_line_height_tablet=\u00bb1.4em\u00bb title_line_height_phone=\u00bb1.3em\u00bb title_line_height_last_edited=\u00bbon|phone\u00bb button_one_text_color_hover=\u00bb#6eba01&#8243; button_two_text_color_hover=\u00bb#6eba01&#8243; button_one_border_color_hover=\u00bb#ffffff\u00bb button_two_border_color_hover=\u00bb#ffffff\u00bb button_one_border_radius_hover=\u00bb0&#8243; button_two_border_radius_hover=\u00bb0&#8243; button_one_letter_spacing_hover=\u00bb2&#8243; button_two_letter_spacing_hover=\u00bb2&#8243; button_one_bg_color_hover=\u00bb#ffffff\u00bb button_two_bg_color_hover=\u00bb#ffffff\u00bb global_colors_info=\u00bb{}\u00bb button_one_text_size__hover_enabled=\u00bboff\u00bb button_two_text_size__hover_enabled=\u00bboff\u00bb button_one_text_color__hover_enabled=\u00bbon|hover\u00bb button_one_text_color__hover=\u00bb#FFFFFF\u00bb button_two_text_color__hover_enabled=\u00bbon\u00bb button_two_text_color__hover=\u00bb#6eba01&#8243; button_one_border_width__hover_enabled=\u00bboff\u00bb button_two_border_width__hover_enabled=\u00bboff\u00bb button_one_border_color__hover_enabled=\u00bbon\u00bb button_one_border_color__hover=\u00bbRGBA(255,255,255,0)\u00bb button_two_border_color__hover_enabled=\u00bbon\u00bb button_two_border_color__hover=\u00bb#ffffff\u00bb button_one_border_radius__hover_enabled=\u00bbon|hover\u00bb button_one_border_radius__hover=\u00bb0&#8243; button_two_border_radius__hover_enabled=\u00bbon\u00bb button_two_border_radius__hover=\u00bb0&#8243; button_one_letter_spacing__hover_enabled=\u00bbon\u00bb button_one_letter_spacing__hover=\u00bb\u00bb button_two_letter_spacing__hover_enabled=\u00bbon\u00bb button_two_letter_spacing__hover=\u00bb2&#8243; button_one_bg_color__hover_enabled=\u00bbon\u00bb button_one_bg_color__hover=\u00bb#4F7887&#8243; button_two_bg_color__hover_enabled=\u00bbon\u00bb button_two_bg_color__hover=\u00bb#ffffff\u00bb button_one_bg_enable_color__hover=\u00bbon\u00bb content_line_height=\u00bb1.6em\u00bb sticky_enabled=\u00bb0&#8243;]<\/p>\n<p data-pm-slice=\"1 1 []\">Awareness Through the Body es una pr\u00e1ctica que mejora la concentraci\u00f3n, la relajaci\u00f3n, el autoconocimiento y la autorregulaci\u00f3n en ni\u00f1os y adultos.<\/p>\n<p>[\/et_pb_fullwidth_header][\/et_pb_section][et_pb_section fb_built=\u00bb1&#8243; custom_padding_last_edited=\u00bbon|phone\u00bb _builder_version=\u00bb4.17.6&#8243; custom_padding=\u00bb70px||||false|false\u00bb custom_padding_tablet=\u00bb70px||||false|false\u00bb custom_padding_phone=\u00bb40px||||false|false\u00bb global_colors_info=\u00bb{}\u00bb][et_pb_row _builder_version=\u00bb4.27.2&#8243; _module_preset=\u00bbdefault\u00bb column_structure=\u00bb1_2,1_2&#8243;][et_pb_column _builder_version=\u00bb4.27.2&#8243; _module_preset=\u00bbdefault\u00bb type=\u00bb1_2&#8243;][et_pb_image src=\u00bbhttps:\/\/awarenessthroughthebody.org\/wp-content\/uploads\/2021\/07\/header-homepage-atb.jpg\u00bb _builder_version=\u00bb4.27.2&#8243; _module_preset=\u00bbdefault\u00bb alt=\u00bbawareness-through-the-body-homepage-atb\u00bb title_text=\u00bbawareness-through-the-body-homepage-atb\u00bb hover_enabled=\u00bb0&#8243; sticky_enabled=\u00bb0&#8243;][\/et_pb_image][\/et_pb_column][et_pb_column _builder_version=\u00bb4.27.2&#8243; _module_preset=\u00bbdefault\u00bb type=\u00bb1_2&#8243;][et_pb_text _builder_version=\u00bb4.27.2&#8243; _module_preset=\u00bbdefault\u00bb header_text_color=\u00bb#4F7887&#8243; hover_enabled=\u00bb0&#8243; sticky_enabled=\u00bb0&#8243;]<\/p>\n<h2>\u00bfQu\u00e9 es ATB?<\/h2>\n<p>[\/et_pb_text][et_pb_text _builder_version=\u00bb4.27.2&#8243; _module_preset=\u00bbdefault\u00bb global_colors_info=\u00bb{%22gcid-2039cefd-9fd0-48c8-89ea-3f9f8b539320%22:%91%22header_2_text_color%22,%22header_2_text_color%22%93}\u00bb text_text_color=\u00bb#6D6D6D\u00bb text_font_size_last_edited=\u00bbon|phone\u00bb hover_enabled=\u00bb0&#8243; sticky_enabled=\u00bb0&#8243; text_font_size_phone=\u00bb17px\u00bb]<\/p>\n<p>Awareness Through the Body (ATB), empez\u00f3 en julio de 1992 como un programa para mejorar la postura de los ni\u00f1os, pero r\u00e1pidamente evolucion\u00f3 hasta convertirse en una pr\u00e1ctica para ayudarles a desarrollar su capacidad de atenci\u00f3n, concentraci\u00f3n y relajaci\u00f3n, y fomentar la capacidad de autoconciencia y autorregulaci\u00f3n.<\/p>\n<p>[\/et_pb_text][et_pb_button _builder_version=\u00bb4.27.2&#8243; _dynamic_attributes=\u00bbbutton_url\u00bb _module_preset=\u00bbdefault\u00bb custom_button=\u00bbon\u00bb button_text_color=\u00bb#FFFFFF\u00bb button_bg_color=\u00bbgcid-2303a270-d550-4d93-80d8-e13edbbb57e9&#8243; button_border_color=\u00bbgcid-2303a270-d550-4d93-80d8-e13edbbb57e9&#8243; hover_enabled=\u00bb0&#8243; saved_tabs=\u00bball\u00bb global_colors_info=\u00bb{%22gcid-2039cefd-9fd0-48c8-89ea-3f9f8b539320%22:%91%22button_bg_color__hover%22,%22button_border_color__hover%22%93,%22gcid-97893951-444b-4f60-a4de-e60dcf40c9f9%22:%91%22button_text_color__hover%22%93,%22gcid-2303a270-d550-4d93-80d8-e13edbbb57e9%22:%91%22button_bg_color%22,%22button_border_color%22%93}\u00bb button_text_color__hover_enabled=\u00bbon|hover\u00bb button_text_color__hover=\u00bb#edf8ff\u00bb button_bg_color__hover_enabled=\u00bbon|desktop\u00bb button_bg_color__hover=\u00bb#4f7887&#8243; button_bg_enable_color__hover=\u00bbon\u00bb button_border_color__hover_enabled=\u00bbon|desktop\u00bb button_border_color__hover=\u00bb#4f7887&#8243; global_module=\u00bb37997&#8243; theme_builder_area=\u00bbpost_content\u00bb button_text=\u00bbDescubre los M\u00f3dulos\u00bb button_url=\u00bb@ET-DC@eyJkeW5hbWljIjp0cnVlLCJjb250ZW50IjoicG9zdF9saW5rX3VybF9wYWdlIiwic2V0dGluZ3MiOnsicG9zdF9pZCI6IjMwNDIxIn19@\u00bb button_bg_enable_color=\u00bbon\u00bb sticky_enabled=\u00bb0&#8243;][\/et_pb_button][\/et_pb_column][\/et_pb_row][et_pb_row _builder_version=\u00bb4.16&#8243; _module_preset=\u00bbdefault\u00bb custom_padding=\u00bb0px|||||\u00bb global_colors_info=\u00bb{}\u00bb][et_pb_column type=\u00bb4_4&#8243; _builder_version=\u00bb4.16&#8243; _module_preset=\u00bbdefault\u00bb global_colors_info=\u00bb{}\u00bb][et_pb_text _builder_version=\u00bb4.27.2&#8243; _module_preset=\u00bbdefault\u00bb text_text_color=\u00bb#6D6D6D\u00bb min_height=\u00bb85px\u00bb text_font_size_tablet=\u00bb\u00bb text_font_size_phone=\u00bb17px\u00bb text_font_size_last_edited=\u00bbon|phone\u00bb global_colors_info=\u00bb{%22gcid-2039cefd-9fd0-48c8-89ea-3f9f8b539320%22:%91%22header_2_text_color%22%93}\u00bb]<\/p>\n<p style=\"text-align: left;\">ATB es una pr\u00e1ctica que ayuda tanto a ni\u00f1os como a adultos a conocer mejor la complejidad de su propio ser y encontrar formas de manejar esa complejidad de manera m\u00e1s efectiva, para convertirse en seres m\u00e1s autodirigidos, organizados en torno a su centro psicol\u00f3gico, la parte m\u00e1s \u00edntima y verdadera de su ser.<\/p>\n<p style=\"text-align: left;\">Las actividades son creativas y a menudo divertidas. Se desarrollan gradualmente y fomentan la capacidad de focalizar la atenci\u00f3n, la concentraci\u00f3n, la relajaci\u00f3n y aportan una sensaci\u00f3n de logro. En primer lugar, la pr\u00e1ctica pone a la persona en contacto con sus propias sensaciones corporales y la lleva a un estado de receptividad en el que puede \u00abescuchar\u00bb mejor los numerosos y variados est\u00edmulos que recibe continuamente tanto de su espacio interior como de su espacio exterior. Los ejercicios les permiten descubrir gradualmente la compleja amalgama de la que est\u00e1n hechos y encontrar las herramientas para manejar esta complejidad de manera m\u00e1s efectiva. Un punto clave en ATB es descubrir y cultivar la actitud del testigo interior: Un posicionamiento de nuestra consciencia desde donde podemos observar, ser testigos, de todos los movimientos en nuestro ser, sin juzgar, analizar o dejarse atrapar por ninguno de ellos.<\/p>\n<p>[\/et_pb_text][\/et_pb_column][\/et_pb_row][et_pb_row column_structure=\u00bb1_2,1_2&#8243; make_equal=\u00bbon\u00bb _builder_version=\u00bb4.18.0&#8243; _module_preset=\u00bbdefault\u00bb custom_padding=\u00bb||||false|false\u00bb global_colors_info=\u00bb{}\u00bb][et_pb_column type=\u00bb1_2&#8243; _builder_version=\u00bb4.16&#8243; _module_preset=\u00bbdefault\u00bb global_colors_info=\u00bb{}\u00bb][et_pb_video src=\u00bbhttps:\/\/youtu.be\/wfOAKEcWgNE\u00bb admin_label=\u00bbintroduction film ATB Awareness Through the Body\u00bb _builder_version=\u00bb4.25.1&#8243; _module_preset=\u00bbdefault\u00bb global_colors_info=\u00bb{}\u00bb][\/et_pb_video][et_pb_text _builder_version=\u00bb4.25.1&#8243; _module_preset=\u00bbdefault\u00bb global_colors_info=\u00bb{}\u00bb]<\/p>\n<p>Watch in: <img loading=\"lazy\" decoding=\"async\" src=\"https:\/\/awarenessthroughthebody.org\/wp-content\/uploads\/2024\/02\/Spaanse-vlag.png\" width=\"18\" height=\"12\" alt=\"\" class=\"wp-image-36591 alignnone size-full\"> <a href=\"https:\/\/www.youtube.com\/watch?v=sKQ7K6th9PI\" target=\"_blank\" rel=\"noopener\">Spanish<\/a> &#8211; <img loading=\"lazy\" decoding=\"async\" src=\"https:\/\/awarenessthroughthebody.org\/wp-content\/uploads\/2024\/05\/Nederlandse-vlag.jpg\" width=\"18\" height=\"12\" alt=\"\" class=\"wp-image-36833 alignnone size-full\"> <a href=\"https:\/\/www.youtube.com\/watch?v=_YwOcab5b30\" target=\"_blank\" rel=\"noopener\">Dutch<\/a> &#8211; <img loading=\"lazy\" decoding=\"async\" src=\"https:\/\/awarenessthroughthebody.org\/wp-content\/uploads\/2024\/02\/vlag-Korea.png\" width=\"18\" height=\"12\" alt=\"\" class=\"wp-image-36592 alignnone size-full\"> <a href=\"https:\/\/www.youtube.com\/watch?v=YuQg1CTp0kM\" target=\"_blank\" rel=\"noopener\">Korean<\/a> &#8211; <img loading=\"lazy\" decoding=\"async\" src=\"https:\/\/awarenessthroughthebody.org\/wp-content\/uploads\/2024\/02\/vlag-Italie.png\" width=\"18\" height=\"12\" alt=\"\" class=\"wp-image-36593 alignnone size-full\"> <a href=\"https:\/\/www.youtube.com\/watch?v=ZFDul1ShbqY\" target=\"_blank\" rel=\"noopener\">Italian<\/a><\/p>\n<p>[\/et_pb_text][\/et_pb_column][et_pb_column type=\u00bb1_2&#8243; _builder_version=\u00bb4.16&#8243; _module_preset=\u00bbdefault\u00bb global_colors_info=\u00bb{}\u00bb][et_pb_video src=\u00bbhttps:\/\/www.youtube.com\/watch?v=4c0OIUp9DM0&#8243; admin_label=\u00bbintroduction workshops ATB Awareness Through the Body\u00bb _builder_version=\u00bb4.25.1&#8243; _module_preset=\u00bbdefault\u00bb max_width=\u00bb640px\u00bb module_alignment=\u00bbcenter\u00bb max_height=\u00bb380px\u00bb custom_margin=\u00bb||2vw||false|false\u00bb global_colors_info=\u00bb{}\u00bb][\/et_pb_video][\/et_pb_column][\/et_pb_row][\/et_pb_section][et_pb_section fb_built=\u00bb1&#8243; _builder_version=\u00bb4.27.2&#8243; background_color=\u00bbgcid-97893951-444b-4f60-a4de-e60dcf40c9f9&#8243; custom_padding=\u00bb0px||7px|||\u00bb global_colors_info=\u00bb{%22gcid-97893951-444b-4f60-a4de-e60dcf40c9f9%22:%91%22background_color%22%93}\u00bb][et_pb_row custom_padding_last_edited=\u00bbon|desktop\u00bb admin_label=\u00bbRow\u00bb _builder_version=\u00bb4.27.2&#8243; custom_padding=\u00bb50px||50px||true|false\u00bb custom_padding_tablet=\u00bb50px||50px||true|false\u00bb custom_padding_phone=\u00bb50px||50px||true|false\u00bb global_colors_info=\u00bb{}\u00bb][et_pb_column type=\u00bb4_4&#8243; _builder_version=\u00bb4.16&#8243; global_colors_info=\u00bb{}\u00bb][et_pb_text _builder_version=\u00bb4.27.2&#8243; _module_preset=\u00bbdefault\u00bb header_3_text_color=\u00bbgcid-2039cefd-9fd0-48c8-89ea-3f9f8b539320&#8243; global_colors_info=\u00bb{%22gcid-2039cefd-9fd0-48c8-89ea-3f9f8b539320%22:%91%22header_2_text_color%22,%22header_3_text_color%22%93,%22gcid-a1dae8d3-549d-4f05-8698-80b91d568b42%22:%91%22text_text_color%22,%22text_text_color%22%93}\u00bb]<\/p>\n<h3 style=\"text-align: center;\"><em><strong>\u00abEl estudio de uno mismo es un tema esencial que rara vez se incluye en el programa escolar. ATB es una pr\u00e1ctica que aborda esa necesidad a trav\u00e9s de una experiencia personal sentida en el propio cuerpo\u00bb.<\/strong><\/em><\/h3>\n<p>[\/et_pb_text][\/et_pb_column][\/et_pb_row][\/et_pb_section][et_pb_section fb_built=\u00bb1&#8243; custom_padding_last_edited=\u00bbon|tablet\u00bb _builder_version=\u00bb4.27.2&#8243; custom_margin=\u00bb0px|||||\u00bb custom_padding=\u00bb115px||72px||false|\u00bb custom_padding_tablet=\u00bb45px||||false|false\u00bb custom_padding_phone=\u00bb35px||0px||false|false\u00bb global_colors_info=\u00bb{}\u00bb][et_pb_row column_structure=\u00bb1_2,1_2&#8243; admin_label=\u00bbATB- Awareness- Through-the-Body-schools-primary\u00bb module_class=\u00bbfifty-fifty reorder\u00bb _builder_version=\u00bb4.25.1&#8243; custom_margin=\u00bb-40px|auto||auto|false|false\u00bb custom_padding=\u00bb||0px|||\u00bb global_colors_info=\u00bb{}\u00bb][et_pb_column type=\u00bb1_2&#8243; module_class=\u00bbfifty-fifty\u00bb _builder_version=\u00bb4.16&#8243; global_colors_info=\u00bb{}\u00bb][et_pb_text _builder_version=\u00bb4.27.2&#8243; header_font=\u00bb|||on|||||\u00bb custom_margin=\u00bb1vw||7px||false|false\u00bb custom_margin_tablet=\u00bb40px||||false|false\u00bb custom_margin_phone=\u00bb40px||||false|false\u00bb custom_margin_last_edited=\u00bbon|tablet\u00bb global_colors_info=\u00bb{}\u00bb]<\/p>\n<h2>ATB en la escuela<\/h2>\n<p>[\/et_pb_text][et_pb_text _builder_version=\u00bb4.27.2&#8243; text_text_color=\u00bb#6D6D6D\u00bb custom_margin=\u00bb||-1px|||\u00bb custom_padding=\u00bb1px|||||\u00bb text_font_size_tablet=\u00bb\u00bb text_font_size_phone=\u00bb17px\u00bb text_font_size_last_edited=\u00bbon|phone\u00bb global_colors_info=\u00bb{%22gcid-2039cefd-9fd0-48c8-89ea-3f9f8b539320%22:%91%22header_2_text_color%22%93}\u00bb]<\/p>\n<p style=\"text-align: left;\">\u00abNormalmente, en la escuela se ense\u00f1a a los ni\u00f1os diferentes asignaturas des de distintos enfoques, que dependen de la filosof\u00eda o el planteamiento pedag\u00f3gico de la escuela.<\/p>\n<p style=\"text-align: left;\">Rara vez las escuelas incluyen una asignatura que sea el estudio de uno mismo.<\/p>\n<p style=\"text-align: left;\">Y en los pocos lugares donde se intenta abordar esta deficiencia, a menudo la abordan a trav\u00e9s de una comprensi\u00f3n conceptual o de una manera a menudo poco atractiva para los ni\u00f1os.<\/p>\n<p>[\/et_pb_text][\/et_pb_column][et_pb_column type=\u00bb1_2&#8243; _builder_version=\u00bb4.16&#8243; global_colors_info=\u00bb{}\u00bb][et_pb_image src=\u00bbhttps:\/\/awarenessthroughthebody.org\/wp-content\/uploads\/2021\/07\/children-say-about-atb-photo-1-2.jpg\u00bb title_text=\u00bbni\u00f1os-dicen-sobre-atb-foto-1-2&#8243; admin_label=\u00bbATB- Awareness- Through-the-Body-breathing\u00bb _builder_version=\u00bb4.25.1&#8243; custom_margin=\u00bb14px|||||\u00bb custom_margin_tablet=\u00bb14px|||||\u00bb custom_margin_phone=\u00bb20px||20px||false|false\u00bb custom_margin_last_edited=\u00bbon|phone\u00bb border_radii=\u00bbon|5px|5px|5px|5px\u00bb global_colors_info=\u00bb{}\u00bb][\/et_pb_image][\/et_pb_column][\/et_pb_row][et_pb_row _builder_version=\u00bb4.16&#8243; _module_preset=\u00bbdefault\u00bb custom_margin=\u00bb-8px|auto||auto|false|false\u00bb global_colors_info=\u00bb{}\u00bb][et_pb_column type=\u00bb4_4&#8243; _builder_version=\u00bb4.16&#8243; _module_preset=\u00bbdefault\u00bb global_colors_info=\u00bb{}\u00bb][et_pb_text _builder_version=\u00bb4.27.2&#8243; _module_preset=\u00bbdefault\u00bb text_text_color=\u00bb#6D6D6D\u00bb custom_margin=\u00bb||||false|false\u00bb custom_padding=\u00bb||||false|false\u00bb text_font_size_tablet=\u00bb\u00bb text_font_size_phone=\u00bb17px\u00bb text_font_size_last_edited=\u00bbon|phone\u00bb global_colors_info=\u00bb{%22gcid-2039cefd-9fd0-48c8-89ea-3f9f8b539320%22:%91%22header_2_text_color%22%93}\u00bb]<\/p>\n<p style=\"text-align: left;\">Todos nos encontramos en un cuerpo complejo, aprendiendo a usarnos y auto-regularnos lo mejor que podemos sobre la marcha y sin instrucciones, sin un manual del usuario al que referirnos. Con el tiempo, hasta cierto punto, tendemos a caer en patrones disfuncionales en las formas de auto-usarnos, auto-regularnos y auto-dirigirnos. A menudo los adultos buscan una mejor comprensi\u00f3n de s\u00ed mismos y formas de volver a su cuerpo, de aprender a manejar su cuerpo, mente y emociones de maneras m\u00e1s satisfactorias. Incluso hasta cierto punto, los adultos tienden a encontrarse con la pregunta: \u00ab\u00bfqui\u00e9n soy realmente?\u00bb.<\/p>\n<p style=\"text-align: left;\"><em><\/em><\/p>\n<p>[\/et_pb_text][\/et_pb_column][\/et_pb_row][et_pb_row column_structure=\u00bb1_2,1_2&#8243; admin_label=\u00bbATB- Awareness- Through-the-Body-schoolcurriculum\u00bb _builder_version=\u00bb4.25.1&#8243; custom_margin=\u00bb-8px|auto||auto|false|true\u00bb global_colors_info=\u00bb{}\u00bb][et_pb_column type=\u00bb1_2&#8243; _builder_version=\u00bb4.16&#8243; global_colors_info=\u00bb{}\u00bb][et_pb_image src=\u00bbhttps:\/\/awarenessthroughthebody.org\/wp-content\/uploads\/2021\/07\/children-say-about-atb-2-2.jpg\u00bb alt=\u00bbawareness-through-the-body-spain\u00bb title_text=\u00bbni\u00f1os-dicen-acerca-de-atb-2-2&#8243; _builder_version=\u00bb4.16&#8243; border_radii=\u00bbon|5px|5px|5px|5px\u00bb global_colors_info=\u00bb{}\u00bb][\/et_pb_image][\/et_pb_column][et_pb_column type=\u00bb1_2&#8243; _builder_version=\u00bb4.16&#8243; global_colors_info=\u00bb{}\u00bb][et_pb_text _builder_version=\u00bb4.27.2&#8243; text_text_color=\u00bb#6D6D6D\u00bb custom_padding=\u00bb1px|||||\u00bb hover_enabled=\u00bb0&#8243; text_font_size_tablet=\u00bb\u00bb text_font_size_phone=\u00bb17px\u00bb text_font_size_last_edited=\u00bbon|phone\u00bb global_colors_info=\u00bb{%22gcid-2039cefd-9fd0-48c8-89ea-3f9f8b539320%22:%91%22header_2_text_color%22%93}\u00bb sticky_enabled=\u00bb0&#8243;]<\/p>\n<h2>ATB es una pr\u00e1ctica<\/h2>\n<p><a href=\"https:\/\/auroville.org\/contents\/1100\" target=\"_blank\" rel=\"noopener\">ATB<\/a> surgi\u00f3 de esta reflexi\u00f3n y ha sido parte del plan de estudios de las escuelas de Auroville desde 1992, como sujeto para \u00abestudiarse a s\u00ed mismo\u00bb, por lo que los ni\u00f1os no necesitan esperar a ser adultos para comenzar este viaje interior.<\/p>\n<p>ATB es una pr\u00e1ctica que utiliza la experiencia personal sensorial corporal de uno mismo para ayudar a los ni\u00f1os y adultos a desarrollar: atenci\u00f3n suave sostenida, concentraci\u00f3n, auto-conciencia, auto-conocimiento y auto-regulaci\u00f3n.<\/p>\n<p><em><i><\/i><\/em><\/p>\n<p>[\/et_pb_text][\/et_pb_column][\/et_pb_row][\/et_pb_section]<\/p>\n","protected":false},"excerpt":{"rendered":"<p>Awareness Through the Body es una pr\u00e1ctica que mejora la concentraci\u00f3n, la relajaci\u00f3n, el autoconocimiento y la autorregulaci\u00f3n en ni\u00f1os y adultos.\u00bfQu\u00e9 es ATB?Awareness Through the Body (ATB), empez\u00f3 en julio de 1992 como un programa para mejorar la postura de los ni\u00f1os, pero r\u00e1pidamente evolucion\u00f3 hasta convertirse en una pr\u00e1ctica para ayudarles a desarrollar [&hellip;]<\/p>\n","protected":false},"author":16,"featured_media":0,"parent":0,"menu_order":0,"comment_status":"closed","ping_status":"closed","template":"","meta":{"_et_pb_use_builder":"on","_et_pb_old_content":"","_et_gb_content_width":"","_monsterinsights_skip_tracking":false,"_monsterinsights_sitenote_active":false,"_monsterinsights_sitenote_note":"","_monsterinsights_sitenote_category":0,"footnotes":""},"class_list":["post-33541","page","type-page","status-publish","hentry"],"_links":{"self":[{"href":"https:\/\/awarenessthroughthebody.org\/es\/wp-json\/wp\/v2\/pages\/33541","targetHints":{"allow":["GET"]}}],"collection":[{"href":"https:\/\/awarenessthroughthebody.org\/es\/wp-json\/wp\/v2\/pages"}],"about":[{"href":"https:\/\/awarenessthroughthebody.org\/es\/wp-json\/wp\/v2\/types\/page"}],"author":[{"embeddable":true,"href":"https:\/\/awarenessthroughthebody.org\/es\/wp-json\/wp\/v2\/users\/16"}],"replies":[{"embeddable":true,"href":"https:\/\/awarenessthroughthebody.org\/es\/wp-json\/wp\/v2\/comments?post=33541"}],"version-history":[{"count":52,"href":"https:\/\/awarenessthroughthebody.org\/es\/wp-json\/wp\/v2\/pages\/33541\/revisions"}],"predecessor-version":[{"id":39090,"href":"https:\/\/awarenessthroughthebody.org\/es\/wp-json\/wp\/v2\/pages\/33541\/revisions\/39090"}],"wp:attachment":[{"href":"https:\/\/awarenessthroughthebody.org\/es\/wp-json\/wp\/v2\/media?parent=33541"}],"curies":[{"name":"wp","href":"https:\/\/api.w.org\/{rel}","templated":true}]}}